{"id":34364,"date":"2025-02-20T22:36:07","date_gmt":"2025-02-20T22:36:07","guid":{"rendered":"http:\/\/olemosaic.com\/producto\/iman-de-metal-la-rambla-barcelona-plata-8-cm\/"},"modified":"2025-07-25T19:03:11","modified_gmt":"2025-07-25T17:03:11","slug":"aimant-metal-la-rambla-barcelone-argent-8-cm","status":"publish","type":"product","link":"https:\/\/olemosaic.com\/fr\/produit\/aimant-metal-la-rambla-barcelone-argent-8-cm\/","title":{"rendered":"Aimant en m\u00e9tal. La Rambla. Barcelone. Argent. 8 cm."},"content":{"rendered":"<p>Aimant m\u00e9tallique de La Rambla, Barcelone<\/p>\n<p>Cet aimant m\u00e9tallique de 8 cm capture l&rsquo;essence vibrante de La Rambla, l&rsquo;une des promenades les plus embl\u00e9matiques de Barcelone. Con\u00e7u avec une mosa\u00efque attrayante de couleurs vives, l&rsquo;aimant pr\u00e9sente des \u00e9l\u00e9ments iconiques tels que le monument \u00e0 Christophe Colomb, entour\u00e9 de palmiers et de d\u00e9tails architecturaux qui refl\u00e8tent la singularit\u00e9 de ce c\u00e9l\u00e8bre boulevard. Sa finition brillante et d\u00e9corative rehausse la beaut\u00e9 de l&rsquo;\u0153uvre, faisant de chaque regard une exp\u00e9rience visuelle fascinante.<\/p>\n<p>La sc\u00e8ne illustr\u00e9e souligne le mouvement et la vie qui caract\u00e9risent La Rambla, un lieu qui est le c\u0153ur battant de la ville depuis des si\u00e8cles, rempli d&rsquo;artistes, d&rsquo;artisans et de touristes. La composition de l&rsquo;aimant ne fonctionne pas seulement comme un souvenir attrayant, mais aussi comme une repr\u00e9sentation du patrimoine culturel catalan, offrant aux visiteurs une connexion tangible avec la riche histoire et la tradition de Barcelone.<\/p>\n<p>Cet aimant souvenir est un excellent choix pour les touristes et les collectionneurs, ainsi qu&rsquo;un cadeau id\u00e9al pour ceux qui souhaitent se souvenir de leur visite dans la cit\u00e9 comtale. Chez Ol\u00e9 Mosaic, nous nous sp\u00e9cialisons dans la distribution en gros de produits authentiques, et cet aimant est un ajout parfait pour les boutiques de cadeaux touristiques cherchant \u00e0 proposer des articles repr\u00e9sentatifs de la culture espagnole.<\/p>\n","protected":false},"excerpt":{"rendered":"<p>Aimant m\u00e9tallique de 8 cm capturant l&rsquo;essence de La Rambla de Barcelone. Ce design attrayant, aux couleurs vibrantes, pr\u00e9sente une mosa\u00efque incluant des \u00e9l\u00e9ments iconiques comme le monument \u00e0 Colomb, des palmiers et des d\u00e9tails architecturaux de la c\u00e9l\u00e8bre promenade. Avec une finition brillante et d\u00e9corative, l&rsquo;aimant est parfait pour se souvenir de l&rsquo;un des lieux les plus embl\u00e9matiques de la cit\u00e9 comtale. Id\u00e9al pour les collectionneurs et comme cadeau.<\/p>\n","protected":false},"featured_media":11432,"template":"","meta":{"_acf_changed":false},"product_brand":[],"product_cat":[697],"product_tag":[],"class_list":{"0":"post-34364","1":"product","2":"type-product","3":"status-publish","4":"has-post-thumbnail","6":"product_cat-aimants","7":"pa_ciudad-barcelona","8":"pa_motivo-la-rambla","9":"pa_pais-espana","11":"first","12":"instock","13":"shipping-taxable","14":"product-type-simple"},"acf":[],"_links":{"self":[{"href":"https:\/\/olemosaic.com\/fr\/wp-json\/wp\/v2\/product\/34364","targetHints":{"allow":["GET"]}}],"collection":[{"href":"https:\/\/olemosaic.com\/fr\/wp-json\/wp\/v2\/product"}],"about":[{"href":"https:\/\/olemosaic.com\/fr\/wp-json\/wp\/v2\/types\/product"}],"wp:featuredmedia":[{"embeddable":true,"href":"https:\/\/olemosaic.com\/fr\/wp-json\/wp\/v2\/media\/11432"}],"wp:attachment":[{"href":"https:\/\/olemosaic.com\/fr\/wp-json\/wp\/v2\/media?parent=34364"}],"wp:term":[{"taxonomy":"product_brand","embeddable":true,"href":"https:\/\/olemosaic.com\/fr\/wp-json\/wp\/v2\/product_brand?post=34364"},{"taxonomy":"product_cat","embeddable":true,"href":"https:\/\/olemosaic.com\/fr\/wp-json\/wp\/v2\/product_cat?post=34364"},{"taxonomy":"product_tag","embeddable":true,"href":"https:\/\/olemosaic.com\/fr\/wp-json\/wp\/v2\/product_tag?post=34364"}],"curies":[{"name":"wp","href":"https:\/\/api.w.org\/{rel}","templated":true}]}}