{"id":34346,"date":"2025-02-20T23:36:07","date_gmt":"2025-02-20T22:36:07","guid":{"rendered":"http:\/\/olemosaic.com\/producto\/iman-de-metal-la-rambla-barcelona-8-cm-2\/"},"modified":"2025-07-25T20:29:29","modified_gmt":"2025-07-25T18:29:29","slug":"aimant-metal-la-rambla-barcelone-8-cm-2","status":"publish","type":"product","link":"https:\/\/olemosaic.com\/fr\/produit\/aimant-metal-la-rambla-barcelone-8-cm-2\/","title":{"rendered":"Aimant en m\u00e9tal. La Rambla. Mosa\u00efque. Barcelone. 8 cm."},"content":{"rendered":"<p>Aimant m\u00e9tallique de La Rambla &#8211; Barcelone<\/p>\n<p>Cet aimant m\u00e9tallique de 8 cm est un souvenir vibrant qui capture l&rsquo;essence de La Rambla de Barcelone, l&rsquo;une des avenues les plus embl\u00e9matiques de la cit\u00e9 comtale. Son design color\u00e9, inspir\u00e9 des mosa\u00efques, \u00e9voque la riche culture catalane, pr\u00e9sentant une vue joyeuse et dynamique de la c\u00e9l\u00e8bre avenue. L&rsquo;illustration se distingue par ses tons vifs, repr\u00e9sentant des palmiers luxuriants et des \u00e9l\u00e9ments architecturaux embl\u00e9matiques, en plus du c\u00e9l\u00e8bre monument \u00e0 Colomb, qui rend hommage \u00e0 l&rsquo;histoire maritime de Barcelone.<\/p>\n<p>Les d\u00e9tails minutieux du design refl\u00e8tent l&rsquo;agitation et l&rsquo;\u00e9nergie qui caract\u00e9risent cette art\u00e8re pleine de vie, offrant une exp\u00e9rience visuelle qui transporte les touristes lors de leurs promenades sur La Rambla, o\u00f9 artistes, march\u00e9s et restaurants sont toujours pr\u00e9sents. Cet aimant n&rsquo;est pas seulement un accessoire d\u00e9coratif, mais il symbolise l&rsquo;authenticit\u00e9 des souvenirs de Barcelone, \u00e9tant un excellent cadeau pour ceux qui cherchent \u00e0 emporter un fragment de la culture catalane.<\/p>\n<p>Chez Ol\u00e9 Mosaic, notre sp\u00e9cialit\u00e9 est la distribution de souvenirs en gros, et cet aimant m\u00e9tallique est id\u00e9al pour les boutiques de cadeaux touristiques souhaitant offrir des produits repr\u00e9sentatifs de la beaut\u00e9 et de la tradition de Barcelone. Avec son design attrayant et significatif, il devient une excellente option pour les visiteurs qui souhaitent se souvenir de leur passage dans cette merveilleuse ville.<\/p>\n","protected":false},"excerpt":{"rendered":"<p>Aimant m\u00e9tallique de 8 cm capturant l&rsquo;essence de La Rambla barcelonaise. D\u00e9cor\u00e9 d&rsquo;un design color\u00e9 inspir\u00e9 des mosa\u00efques, il pr\u00e9sente une vue vibrante de cette avenue embl\u00e9matique, avec des palmiers, des \u00e9l\u00e9ments architecturaux et le c\u00e9l\u00e8bre monument \u00e0 Colomb. L&rsquo;illustration se distingue par ses tons brillants et les d\u00e9tails qui refl\u00e8tent l&rsquo;ambiance anim\u00e9e de la ville, en faisant un souvenir parfait de la vibrante culture catalane.<\/p>\n","protected":false},"featured_media":11433,"template":"","meta":{"_acf_changed":false},"product_brand":[],"product_cat":[697],"product_tag":[],"class_list":{"0":"post-34346","1":"product","2":"type-product","3":"status-publish","4":"has-post-thumbnail","6":"product_cat-aimants","7":"pa_ciudad-barcelona","8":"pa_motivo-la-rambla","9":"pa_pais-espana","11":"first","12":"instock","13":"shipping-taxable","14":"product-type-simple"},"acf":[],"_links":{"self":[{"href":"https:\/\/olemosaic.com\/fr\/wp-json\/wp\/v2\/product\/34346","targetHints":{"allow":["GET"]}}],"collection":[{"href":"https:\/\/olemosaic.com\/fr\/wp-json\/wp\/v2\/product"}],"about":[{"href":"https:\/\/olemosaic.com\/fr\/wp-json\/wp\/v2\/types\/product"}],"wp:featuredmedia":[{"embeddable":true,"href":"https:\/\/olemosaic.com\/fr\/wp-json\/wp\/v2\/media\/11433"}],"wp:attachment":[{"href":"https:\/\/olemosaic.com\/fr\/wp-json\/wp\/v2\/media?parent=34346"}],"wp:term":[{"taxonomy":"product_brand","embeddable":true,"href":"https:\/\/olemosaic.com\/fr\/wp-json\/wp\/v2\/product_brand?post=34346"},{"taxonomy":"product_cat","embeddable":true,"href":"https:\/\/olemosaic.com\/fr\/wp-json\/wp\/v2\/product_cat?post=34346"},{"taxonomy":"product_tag","embeddable":true,"href":"https:\/\/olemosaic.com\/fr\/wp-json\/wp\/v2\/product_tag?post=34346"}],"curies":[{"name":"wp","href":"https:\/\/api.w.org\/{rel}","templated":true}]}}