{"id":34345,"date":"2025-02-20T22:36:07","date_gmt":"2025-02-20T22:36:07","guid":{"rendered":"http:\/\/olemosaic.com\/producto\/iman-de-metal-sagrada-familia-barcelona-negro-11-cm\/"},"modified":"2025-07-25T18:40:59","modified_gmt":"2025-07-25T16:40:59","slug":"aimant-metal-sagrada-familia-barcelone-noir-11-cm","status":"publish","type":"product","link":"https:\/\/olemosaic.com\/fr\/produit\/aimant-metal-sagrada-familia-barcelone-noir-11-cm\/","title":{"rendered":"Aimant en m\u00e9tal. Sagrada Familia. Barcelone. Noir. 11 cm."},"content":{"rendered":"<p>Aimant m\u00e9tallique de l&#8217;embl\u00e9matique Sagrada Familia de Barcelone, un symbole architectural de renomm\u00e9e mondiale. Cet aimant attrayant de 11 cm pr\u00e9sente un design vibrant simulant une mosa\u00efque color\u00e9e, capturant l&rsquo;essence du chef-d&rsquo;\u0153uvre d&rsquo;Antoni Gaud\u00ed. Les d\u00e9tails architecturaux embl\u00e9matiques de la Sagrada Familia se refl\u00e8tent sur sa surface, avec les impressionnantes tours de la basilique s&rsquo;\u00e9levant majestueusement, soulign\u00e9es par un fond noir qui intensifie leur complexit\u00e9 et leur beaut\u00e9. Dans la partie sup\u00e9rieure, le mot \u00ab\u00a0Barcelone\u00a0\u00bb se d\u00e9tache avec des lettres frappantes et joyeuses, ajoutant une touche festive et m\u00e9morable \u00e0 cet article.<\/p>\n<p>Cet aimant n&rsquo;est pas seulement une pi\u00e8ce d\u00e9corative, mais aussi un pr\u00e9cieux souvenir de l&rsquo;une des villes les plus visit\u00e9es d&rsquo;Espagne. La Sagrada Familia, avec son impressionnant symbolisme religieux et culturel, connecte ceux qui la visitent \u00e0 la riche histoire architecturale de Barcelone. Ce souvenir est une excellente option pour les touristes qui souhaitent emporter une part de l&rsquo;identit\u00e9 catalane et de son patrimoine artistique. Chez Ol\u00e9 Mosaic, en tant que distributeurs de souvenirs en gros, nous proposons des articles authentiques qui c\u00e9l\u00e8brent la culture espagnole et sont parfaits pour les boutiques de cadeaux touristiques souhaitant offrir des souvenirs significatifs \u00e0 leurs clients.<\/p>\n","protected":false},"excerpt":{"rendered":"<p>Aimant m\u00e9tallique de l&#8217;embl\u00e9matique Sagrada Familia, un symbole architectural de Barcelone. Avec un design vibrant simulant une mosa\u00efque color\u00e9e, cet aimant de 11 cm reproduit les d\u00e9tails architecturaux embl\u00e9matiques de la basilique, soulign\u00e9s par un fond noir qui rehausse la complexit\u00e9 de ses tours. Le mot \u00ab\u00a0Barcelone\u00a0\u00bb figure en haut, en lettres frappantes, faisant de cet aimant un souvenir parfait et attrayant de votre visite dans la ville.<\/p>\n","protected":false},"featured_media":8790,"template":"","meta":{"_acf_changed":false},"product_brand":[],"product_cat":[697],"product_tag":[],"class_list":{"0":"post-34345","1":"product","2":"type-product","3":"status-publish","4":"has-post-thumbnail","6":"product_cat-aimants","7":"pa_ciudad-barcelona","8":"pa_motivo-sagrada-familia","9":"pa_pais-espana","11":"first","12":"instock","13":"shipping-taxable","14":"product-type-simple"},"acf":[],"_links":{"self":[{"href":"https:\/\/olemosaic.com\/fr\/wp-json\/wp\/v2\/product\/34345","targetHints":{"allow":["GET"]}}],"collection":[{"href":"https:\/\/olemosaic.com\/fr\/wp-json\/wp\/v2\/product"}],"about":[{"href":"https:\/\/olemosaic.com\/fr\/wp-json\/wp\/v2\/types\/product"}],"wp:featuredmedia":[{"embeddable":true,"href":"https:\/\/olemosaic.com\/fr\/wp-json\/wp\/v2\/media\/8790"}],"wp:attachment":[{"href":"https:\/\/olemosaic.com\/fr\/wp-json\/wp\/v2\/media?parent=34345"}],"wp:term":[{"taxonomy":"product_brand","embeddable":true,"href":"https:\/\/olemosaic.com\/fr\/wp-json\/wp\/v2\/product_brand?post=34345"},{"taxonomy":"product_cat","embeddable":true,"href":"https:\/\/olemosaic.com\/fr\/wp-json\/wp\/v2\/product_cat?post=34345"},{"taxonomy":"product_tag","embeddable":true,"href":"https:\/\/olemosaic.com\/fr\/wp-json\/wp\/v2\/product_tag?post=34345"}],"curies":[{"name":"wp","href":"https:\/\/api.w.org\/{rel}","templated":true}]}}