{"id":34344,"date":"2025-02-20T22:36:07","date_gmt":"2025-02-20T22:36:07","guid":{"rendered":"http:\/\/olemosaic.com\/producto\/iman-de-metal-casa-batllo-barcelona-negro-8-cm\/"},"modified":"2025-07-25T23:26:43","modified_gmt":"2025-07-25T21:26:43","slug":"aimant-metal-casa-batllo-barcelone-noir-8-cm","status":"publish","type":"product","link":"https:\/\/olemosaic.com\/fr\/produit\/aimant-metal-casa-batllo-barcelone-noir-8-cm\/","title":{"rendered":"Aimant en m\u00e9tal. Casa Batll\u00f3. Barcelone. Noir. 8 cm."},"content":{"rendered":"<p>Aimant m\u00e9tallique de l&#8217;embl\u00e9matique Casa Batll\u00f3 de Barcelone, un souvenir qui capture l&rsquo;essence du modernisme catalan \u00e0 travers un design vibrant de mosa\u00efque. D&rsquo;une taille de 8 cm, cet aimant se distingue par sa palette de couleurs vives, refl\u00e9tant la richesse et la diversit\u00e9 des c\u00e9ramiques utilis\u00e9es par le c\u00e9l\u00e8bre architecte Antoni Gaud\u00ed dans son chef-d&rsquo;\u0153uvre. L&rsquo;illustration montre le profil incomparable de la Casa Batll\u00f3 avec son toit ondul\u00e9, simulant les \u00e9cailles d&rsquo;un dragon, et les \u00e9l\u00e9ments de design qui rendent cette construction unique. Le fond noir rehausse les couleurs de la mosa\u00efque, apportant un contraste qui fait resplendir chaque d\u00e9tail.<\/p>\n<p>Cet aimant n&rsquo;est pas seulement un accessoire pratique pour d\u00e9corer toute surface m\u00e9tallique, mais il sert \u00e9galement de souvenir repr\u00e9sentatif de l&rsquo;un des joyaux architecturaux de Barcelone. Il devient une excellente option de cadeau original pour ceux qui souhaitent emporter un petit morceau de cette ville culturellement riche chez eux. Chez Ol\u00e9 Mosaic, nous sommes experts dans la distribution de souvenirs en gros, et cet aimant de la Casa Batll\u00f3 s&rsquo;int\u00e8gre parfaitement \u00e0 notre offre de produits authentiques et de qualit\u00e9. Id\u00e9al pour les boutiques de cadeaux touristiques \u00e0 la recherche de souvenirs de Barcelone qui repr\u00e9sentent r\u00e9ellement l&rsquo;esprit de la ville.<\/p>\n","protected":false},"excerpt":{"rendered":"<p>Aimant m\u00e9tallique inspir\u00e9 de l&#8217;embl\u00e9matique Casa Batll\u00f3 de Barcelone, avec un design vibrant de mosa\u00efque qui met en valeur son architecture moderniste. Cet aimant de 8 cm pr\u00e9sente une palette de couleurs vives refl\u00e9tant la richesse des c\u00e9ramiques de Gaud\u00ed et souligne le c\u00e9l\u00e8bre profil du b\u00e2timent avec son toit ondul\u00e9 distinctif. Id\u00e9al pour emporter un petit morceau de Barcelone chez soi ou comme cadeau original.<\/p>\n","protected":false},"featured_media":6950,"template":"","meta":{"_acf_changed":false},"product_brand":[],"product_cat":[697],"product_tag":[],"class_list":{"0":"post-34344","1":"product","2":"type-product","3":"status-publish","4":"has-post-thumbnail","6":"product_cat-aimants","7":"pa_ciudad-barcelona","8":"pa_motivo-casa-batllo","9":"pa_pais-espana","11":"first","12":"instock","13":"shipping-taxable","14":"product-type-simple"},"acf":[],"_links":{"self":[{"href":"https:\/\/olemosaic.com\/fr\/wp-json\/wp\/v2\/product\/34344","targetHints":{"allow":["GET"]}}],"collection":[{"href":"https:\/\/olemosaic.com\/fr\/wp-json\/wp\/v2\/product"}],"about":[{"href":"https:\/\/olemosaic.com\/fr\/wp-json\/wp\/v2\/types\/product"}],"wp:featuredmedia":[{"embeddable":true,"href":"https:\/\/olemosaic.com\/fr\/wp-json\/wp\/v2\/media\/6950"}],"wp:attachment":[{"href":"https:\/\/olemosaic.com\/fr\/wp-json\/wp\/v2\/media?parent=34344"}],"wp:term":[{"taxonomy":"product_brand","embeddable":true,"href":"https:\/\/olemosaic.com\/fr\/wp-json\/wp\/v2\/product_brand?post=34344"},{"taxonomy":"product_cat","embeddable":true,"href":"https:\/\/olemosaic.com\/fr\/wp-json\/wp\/v2\/product_cat?post=34344"},{"taxonomy":"product_tag","embeddable":true,"href":"https:\/\/olemosaic.com\/fr\/wp-json\/wp\/v2\/product_tag?post=34344"}],"curies":[{"name":"wp","href":"https:\/\/api.w.org\/{rel}","templated":true}]}}