{"id":34343,"date":"2025-02-20T22:36:06","date_gmt":"2025-02-20T22:36:06","guid":{"rendered":"http:\/\/olemosaic.com\/producto\/iman-de-metal-bailaora-mijas-8-cm\/"},"modified":"2025-07-25T19:17:07","modified_gmt":"2025-07-25T17:17:07","slug":"aimant-metal-danseuse-flamenco-mijas-8-cm","status":"publish","type":"product","link":"https:\/\/olemosaic.com\/fr\/produit\/aimant-metal-danseuse-flamenco-mijas-8-cm\/","title":{"rendered":"Aimant en m\u00e9tal. Danseuse de flamenco. Mijas. 8 cm."},"content":{"rendered":"<p>Aimant en m\u00e9tal de la danseuse de flamenco de Mijas, 8 cm<\/p>\n<p>Cet charmant aimant en m\u00e9tal de 8 cm capture la joie et le dynamisme du folklore espagnol \u00e0 travers sa repr\u00e9sentation d&rsquo;une \u00e9blouissante danseuse de flamenco. \u00c9voquant l&rsquo;essence culturelle de Mijas, cet aimant se distingue par son design vibrant inspir\u00e9 de l&rsquo;art de la mosa\u00efque, caract\u00e9ris\u00e9 par une palette de couleurs intenses \u2014 rouges, bleus et verts \u2014 qui ornent la robe de la danseuse. La figure, en plein mouvement, est encadr\u00e9e par un magnifique fond bleu qui souligne sa silhouette, tandis que le mot \u00ab MIJAS \u00bb s&rsquo;affiche en lettres pro\u00e9minentes, s&rsquo;int\u00e9grant parfaitement au design.<\/p>\n<p>Cet aimant est plus qu&rsquo;un simple souvenir ; c&rsquo;est un lien tangible avec la riche tradition andalouse et la culture du flamenco, un art d\u00e9clar\u00e9 Patrimoine Culturel Immat\u00e9riel de l&rsquo;Humanit\u00e9. Parfait pour ceux qui recherchent un souvenir authentique de leur visite dans la r\u00e9gion, cet aimant repr\u00e9sente l&rsquo;esprit vibrant de Mijas et son h\u00e9ritage culturel. Chez Ol\u00e9 Mosaic, nous sommes fiers de proposer des souvenirs qui ne sont pas seulement visuellement attrayants, mais qui racontent aussi une histoire. Cet aimant de la danseuse est une excellente option pour les boutiques de cadeaux touristiques souhaitant offrir \u00e0 leurs clients un souvenir significatif et exclusif de l&rsquo;Espagne. En tant que distributeurs de souvenirs de haute qualit\u00e9, nous garantissons l&rsquo;authenticit\u00e9 et l&rsquo;attrait culturel qui diff\u00e9rencieront votre offre sur le march\u00e9.<\/p>\n","protected":false},"excerpt":{"rendered":"<p>Aimant m\u00e9tallique de 8 cm repr\u00e9sentant une joyeuse danseuse de flamenco, \u00e9voquant l&rsquo;essence culturelle de Mijas. Cet aimant color\u00e9 se distingue par son design inspir\u00e9 de l&rsquo;art de la mosa\u00efque, avec une palette vibrante de rouges, bleus et verts sur sa robe. La danseuse, avec son mouvement caract\u00e9ristique, se dresse sur un fond bleu qui souligne sa silhouette et le mot \u00ab\u00a0MIJAS\u00a0\u00bb en lettres pro\u00e9minentes, capturant le charme du folklore espagnol.<\/p>\n","protected":false},"featured_media":10540,"template":"","meta":{"_acf_changed":false},"product_brand":[],"product_cat":[697],"product_tag":[],"class_list":{"0":"post-34343","1":"product","2":"type-product","3":"status-publish","4":"has-post-thumbnail","6":"product_cat-aimants","7":"pa_ciudad-mijas","8":"pa_motivo-danseurs","9":"pa_pais-espana","11":"first","12":"instock","13":"shipping-taxable","14":"product-type-simple"},"acf":[],"_links":{"self":[{"href":"https:\/\/olemosaic.com\/fr\/wp-json\/wp\/v2\/product\/34343","targetHints":{"allow":["GET"]}}],"collection":[{"href":"https:\/\/olemosaic.com\/fr\/wp-json\/wp\/v2\/product"}],"about":[{"href":"https:\/\/olemosaic.com\/fr\/wp-json\/wp\/v2\/types\/product"}],"wp:featuredmedia":[{"embeddable":true,"href":"https:\/\/olemosaic.com\/fr\/wp-json\/wp\/v2\/media\/10540"}],"wp:attachment":[{"href":"https:\/\/olemosaic.com\/fr\/wp-json\/wp\/v2\/media?parent=34343"}],"wp:term":[{"taxonomy":"product_brand","embeddable":true,"href":"https:\/\/olemosaic.com\/fr\/wp-json\/wp\/v2\/product_brand?post=34343"},{"taxonomy":"product_cat","embeddable":true,"href":"https:\/\/olemosaic.com\/fr\/wp-json\/wp\/v2\/product_cat?post=34343"},{"taxonomy":"product_tag","embeddable":true,"href":"https:\/\/olemosaic.com\/fr\/wp-json\/wp\/v2\/product_tag?post=34343"}],"curies":[{"name":"wp","href":"https:\/\/api.w.org\/{rel}","templated":true}]}}