{"id":34342,"date":"2025-02-20T22:36:06","date_gmt":"2025-02-20T22:36:06","guid":{"rendered":"http:\/\/olemosaic.com\/producto\/iman-de-metal-alhambra-granada-negro-8-cm\/"},"modified":"2025-07-25T19:13:24","modified_gmt":"2025-07-25T17:13:24","slug":"aimant-metal-alhambra-grenade-noir-8-cm","status":"publish","type":"product","link":"https:\/\/olemosaic.com\/fr\/produit\/aimant-metal-alhambra-grenade-noir-8-cm\/","title":{"rendered":"Aimant en m\u00e9tal. Alhambra. Grenade. Noir. 8 cm."},"content":{"rendered":"<p>Aimant en m\u00e9tal de l&rsquo;Alhambra de Grenade<\/p>\n<p>Cet aimant en m\u00e9tal de 8 cm capture l&rsquo;essence de l&rsquo;Alhambra de Grenade, l&rsquo;un des joyaux architecturaux les plus importants d&rsquo;Espagne. Il pr\u00e9sente une illustration vibrante montrant la majestueuse forteresse entour\u00e9e par les imposantes montagnes de la Sierra Nevada et une v\u00e9g\u00e9tation luxuriante qui rehausse la beaut\u00e9 du paysage. Le fond noir fait ressortir les couleurs intenses du design, lui conf\u00e9rant une profondeur visuelle captivante. Dans la partie sup\u00e9rieure, le texte \u00ab\u00a0GRANADA\u00a0\u00bb est pr\u00e9sent\u00e9 en lettres color\u00e9es, ajoutant une touche de joie et de caract\u00e8re au souvenir.<\/p>\n<p>La finition lisse et r\u00e9sistante de l&rsquo;aimant garantit sa durabilit\u00e9, ce qui en fait un souvenir id\u00e9al \u00e0 emporter chez soi pour se rem\u00e9morer la beaut\u00e9 historique de cette ville andalouse embl\u00e9matique. L&rsquo;Alhambra, reconnue comme Patrimoine de l&rsquo;Humanit\u00e9 par l&rsquo;UNESCO, symbolise la splendeur de la culture islamique en Espagne et est une destination incontournable pour les voyageurs. Cet aimant est parfait pour les touristes \u00e0 la recherche de souvenirs repr\u00e9sentatifs de Grenade, ajoutant une touche artistique \u00e0 toute collection de souvenirs.<\/p>\n<p>Chez Ol\u00e9 Mosaic, nous sommes sp\u00e9cialis\u00e9s dans la distribution de souvenirs en gros, offrant des produits authentiques qui refl\u00e8tent la richesse culturelle de l&rsquo;Espagne. Cet aimant de l&rsquo;Alhambra est un choix exceptionnel pour les boutiques de cadeaux touristiques souhaitant proposer des articles \u00e9voquant la magie et l&rsquo;histoire de Grenade.<\/p>\n","protected":false},"excerpt":{"rendered":"<p>Aimant en m\u00e9tal de 8 cm capturant l&rsquo;essence de l&rsquo;Alhambra de Grenade. Ce design attrayant pr\u00e9sente une illustration vibrante de la c\u00e9l\u00e8bre forteresse, encadr\u00e9e par de magnifiques montagnes et de la v\u00e9g\u00e9tation. Le fond noir fait ressortir les couleurs \u00e9clatantes du panorama et le texte \u00ab\u00a0GRANADA\u00a0\u00bb, en lettres color\u00e9es, couronne la partie sup\u00e9rieure. Sa finition lisse et r\u00e9sistante en fait le souvenir id\u00e9al pour se souvenir de la beaut\u00e9 historique de cette ville andalouse embl\u00e9matique.<\/p>\n","protected":false},"featured_media":7107,"template":"","meta":{"_acf_changed":false},"product_brand":[],"product_cat":[697],"product_tag":[],"class_list":{"0":"post-34342","1":"product","2":"type-product","3":"status-publish","4":"has-post-thumbnail","6":"product_cat-aimants","7":"pa_ciudad-granada","8":"pa_motivo-lalhambra","9":"pa_pais-espana","11":"first","12":"instock","13":"shipping-taxable","14":"product-type-simple"},"acf":[],"_links":{"self":[{"href":"https:\/\/olemosaic.com\/fr\/wp-json\/wp\/v2\/product\/34342","targetHints":{"allow":["GET"]}}],"collection":[{"href":"https:\/\/olemosaic.com\/fr\/wp-json\/wp\/v2\/product"}],"about":[{"href":"https:\/\/olemosaic.com\/fr\/wp-json\/wp\/v2\/types\/product"}],"wp:featuredmedia":[{"embeddable":true,"href":"https:\/\/olemosaic.com\/fr\/wp-json\/wp\/v2\/media\/7107"}],"wp:attachment":[{"href":"https:\/\/olemosaic.com\/fr\/wp-json\/wp\/v2\/media?parent=34342"}],"wp:term":[{"taxonomy":"product_brand","embeddable":true,"href":"https:\/\/olemosaic.com\/fr\/wp-json\/wp\/v2\/product_brand?post=34342"},{"taxonomy":"product_cat","embeddable":true,"href":"https:\/\/olemosaic.com\/fr\/wp-json\/wp\/v2\/product_cat?post=34342"},{"taxonomy":"product_tag","embeddable":true,"href":"https:\/\/olemosaic.com\/fr\/wp-json\/wp\/v2\/product_tag?post=34342"}],"curies":[{"name":"wp","href":"https:\/\/api.w.org\/{rel}","templated":true}]}}