{"id":34341,"date":"2025-02-20T22:36:06","date_gmt":"2025-02-20T22:36:06","guid":{"rendered":"http:\/\/olemosaic.com\/producto\/iman-de-metal-onyar-girona-8-cm\/"},"modified":"2025-07-25T23:19:43","modified_gmt":"2025-07-25T21:19:43","slug":"aimant-metal-onyar-gerone-8-cm","status":"publish","type":"product","link":"https:\/\/olemosaic.com\/fr\/produit\/aimant-metal-onyar-gerone-8-cm\/","title":{"rendered":"Aimant en m\u00e9tal. Onyar. G\u00e9rone. 8 cm."},"content":{"rendered":"<p>Aimant en m\u00e9tal de G\u00e9rone<\/p>\n<p>Cet aimant en m\u00e9tal de 8 cm est un v\u00e9ritable bijou qui capture l&rsquo;essence vibrante de G\u00e9rone, ce qui en fait un souvenir id\u00e9al pour les visiteurs de cette charmante ville. Son design repr\u00e9sente la rive de la rivi\u00e8re Onyar, avec les maisons traditionnelles align\u00e9es le long de l&rsquo;eau, offrant une vue color\u00e9e et joyeuse. Les teintes frappantes des b\u00e2timents sont rehauss\u00e9es par des d\u00e9tails en mosa\u00efque \u00e9voquant la riche histoire et l&rsquo;architecture unique de cette r\u00e9gion catalane. Par une journ\u00e9e ensoleill\u00e9e, les eaux de la rivi\u00e8re refl\u00e8tent les couleurs vives des fa\u00e7ades, cr\u00e9ant une atmosph\u00e8re de chaleur et de convivialit\u00e9 qui caract\u00e9rise G\u00e9rone.<\/p>\n<p>Le nom \u00ab GIRONA \u00bb, mis en avant avec une typographie \u00e9l\u00e9gante, s&rsquo;int\u00e8gre parfaitement au design, garantissant que cet aimant ne soit pas seulement un objet utilitaire, mais aussi une \u0153uvre d&rsquo;art qui rappelle des moments sp\u00e9ciaux dans cette ville pleine d&rsquo;histoire. Ce souvenir est un cadeau parfait pour ceux qui souhaitent emporter un morceau de la culture catalane et est id\u00e9al pour les boutiques de cadeaux touristiques \u00e0 la recherche d&rsquo;articles authentiques et repr\u00e9sentatifs. Chez Ol\u00e9 Mosaic, nous nous sp\u00e9cialisons dans la distribution de souvenirs en gros, garantissant l&rsquo;authenticit\u00e9 et la qualit\u00e9 de chaque produit, ce qui fait de cet aimant de G\u00e9rone un choix pertinent et appr\u00e9ci\u00e9.<\/p>\n","protected":false},"excerpt":{"rendered":"<p>Aimant m\u00e9tallique de 8 cm qui capture l&rsquo;essence de G\u00e9rone avec un design vibrant de la rive de la rivi\u00e8re Onyar. Cet aimant attrayant pr\u00e9sente une repr\u00e9sentation color\u00e9e et artistique des maisons traditionnelles, orn\u00e9es de d\u00e9tails de mosa\u00efques aux tons vifs \u00e9voquant la joie de la ville. Les eaux de la rivi\u00e8re refl\u00e8tent les b\u00e2timents par une journ\u00e9e ensoleill\u00e9e, tandis que le nom \u00ab GIRONA \u00bb se d\u00e9tache avec une typographie frappante, en faisant un souvenir parfait de ce bel endroit.<\/p>\n","protected":false},"featured_media":10455,"template":"","meta":{"_acf_changed":false},"product_brand":[],"product_cat":[697],"product_tag":[],"class_list":{"0":"post-34341","1":"product","2":"type-product","3":"status-publish","4":"has-post-thumbnail","6":"product_cat-aimants","7":"pa_ciudad-girona","8":"pa_motivo-maisons-onyar","9":"pa_pais-espana","11":"first","12":"instock","13":"shipping-taxable","14":"product-type-simple"},"acf":[],"_links":{"self":[{"href":"https:\/\/olemosaic.com\/fr\/wp-json\/wp\/v2\/product\/34341","targetHints":{"allow":["GET"]}}],"collection":[{"href":"https:\/\/olemosaic.com\/fr\/wp-json\/wp\/v2\/product"}],"about":[{"href":"https:\/\/olemosaic.com\/fr\/wp-json\/wp\/v2\/types\/product"}],"wp:featuredmedia":[{"embeddable":true,"href":"https:\/\/olemosaic.com\/fr\/wp-json\/wp\/v2\/media\/10455"}],"wp:attachment":[{"href":"https:\/\/olemosaic.com\/fr\/wp-json\/wp\/v2\/media?parent=34341"}],"wp:term":[{"taxonomy":"product_brand","embeddable":true,"href":"https:\/\/olemosaic.com\/fr\/wp-json\/wp\/v2\/product_brand?post=34341"},{"taxonomy":"product_cat","embeddable":true,"href":"https:\/\/olemosaic.com\/fr\/wp-json\/wp\/v2\/product_cat?post=34341"},{"taxonomy":"product_tag","embeddable":true,"href":"https:\/\/olemosaic.com\/fr\/wp-json\/wp\/v2\/product_tag?post=34341"}],"curies":[{"name":"wp","href":"https:\/\/api.w.org\/{rel}","templated":true}]}}