{"id":34340,"date":"2025-02-20T22:36:06","date_gmt":"2025-02-20T22:36:06","guid":{"rendered":"http:\/\/olemosaic.com\/producto\/iman-de-metal-onyar-girona-negro-8-cm\/"},"modified":"2025-07-25T19:01:22","modified_gmt":"2025-07-25T17:01:22","slug":"aimant-metal-onyar-gerone-noir-8-cm","status":"publish","type":"product","link":"https:\/\/olemosaic.com\/fr\/produit\/aimant-metal-onyar-gerone-noir-8-cm\/","title":{"rendered":"Aimant en m\u00e9tal. Onyar. G\u00e9rone. Noir. 8 cm."},"content":{"rendered":"<p>Aimant m\u00e9tallique de G\u00e9rone<\/p>\n<p>Cet aimant m\u00e9tallique de 8 cm capture l&rsquo;essence de G\u00e9rone, montrant une repr\u00e9sentation vibrante de l&#8217;embl\u00e9matique rivi\u00e8re Onyar et de ses fa\u00e7ades color\u00e9es embl\u00e9matiques. Le design met en avant une vue panoramique des b\u00e2timents pittoresques qui surplombent la rivi\u00e8re, utilisant une palette de couleurs \u00e9clatantes, avec des bleus, des jaunes et des rouges, sur un fond noir qui rehausse la beaut\u00e9 de la sc\u00e8ne. Le nom \u00ab\u00a0GIRONA\u00a0\u00bb ressort en lettres frappantes en haut, faisant de ce produit un souvenir inoubliable de la richesse culturelle de cette charmante ville catalane.<\/p>\n<p>La repr\u00e9sentation des maisons au bord de l&rsquo;Onyar est un symbole embl\u00e9matique de G\u00e9rone, o\u00f9 l&rsquo;histoire et l&rsquo;architecture s&rsquo;entrelacent pour cr\u00e9er une atmosph\u00e8re presque magique. Cet aimant n&rsquo;est pas seulement un souvenir, mais une fen\u00eatre sur l&rsquo;histoire et la tradition de la r\u00e9gion, id\u00e9al pour se rappeler des moments sp\u00e9ciaux v\u00e9cus dans cette ville pleine de charme et de culture. Chez Ol\u00e9 Mosaic, nous sommes sp\u00e9cialistes de la distribution de souvenirs en gros, offrant des produits authentiques qui c\u00e9l\u00e8brent l&rsquo;h\u00e9ritage culturel de lieux uniques. Cet aimant de G\u00e9rone est parfait pour les boutiques de cadeaux touristiques \u00e0 la recherche d&rsquo;articles attrayants et significatifs, ce qui en fait une excellente option pour tout visiteur souhaitant emporter un morceau de G\u00e9rone chez lui.<\/p>\n","protected":false},"excerpt":{"rendered":"<p>Aimant m\u00e9tallique de 8 cm qui capture l&rsquo;essence de G\u00e9rone, repr\u00e9sentant l&#8217;embl\u00e9matique rivi\u00e8re Onyar avec ses fa\u00e7ades color\u00e9es. Le design vibrant montre des b\u00e2timents pittoresques avec une palette de bleus, jaunes et rouges, sur un fond noir qui rehausse la beaut\u00e9 de la sc\u00e8ne. Le nom \u00ab\u00a0GIRONA\u00a0\u00bb se d\u00e9tache en lettres frappantes en haut, faisant de cet aimant un souvenir parfait de la richesse culturelle de cette ville catalane.<\/p>\n","protected":false},"featured_media":7106,"template":"","meta":{"_acf_changed":false},"product_brand":[],"product_cat":[697],"product_tag":[],"class_list":{"0":"post-34340","1":"product","2":"type-product","3":"status-publish","4":"has-post-thumbnail","6":"product_cat-aimants","7":"pa_ciudad-girona","8":"pa_motivo-maisons-onyar","9":"pa_pais-espana","11":"first","12":"instock","13":"shipping-taxable","14":"product-type-simple"},"acf":[],"_links":{"self":[{"href":"https:\/\/olemosaic.com\/fr\/wp-json\/wp\/v2\/product\/34340","targetHints":{"allow":["GET"]}}],"collection":[{"href":"https:\/\/olemosaic.com\/fr\/wp-json\/wp\/v2\/product"}],"about":[{"href":"https:\/\/olemosaic.com\/fr\/wp-json\/wp\/v2\/types\/product"}],"wp:featuredmedia":[{"embeddable":true,"href":"https:\/\/olemosaic.com\/fr\/wp-json\/wp\/v2\/media\/7106"}],"wp:attachment":[{"href":"https:\/\/olemosaic.com\/fr\/wp-json\/wp\/v2\/media?parent=34340"}],"wp:term":[{"taxonomy":"product_brand","embeddable":true,"href":"https:\/\/olemosaic.com\/fr\/wp-json\/wp\/v2\/product_brand?post=34340"},{"taxonomy":"product_cat","embeddable":true,"href":"https:\/\/olemosaic.com\/fr\/wp-json\/wp\/v2\/product_cat?post=34340"},{"taxonomy":"product_tag","embeddable":true,"href":"https:\/\/olemosaic.com\/fr\/wp-json\/wp\/v2\/product_tag?post=34340"}],"curies":[{"name":"wp","href":"https:\/\/api.w.org\/{rel}","templated":true}]}}