{"id":34338,"date":"2025-02-20T22:36:06","date_gmt":"2025-02-20T22:36:06","guid":{"rendered":"http:\/\/olemosaic.com\/producto\/iman-de-metal-gato-tenerife-plata-8-cm\/"},"modified":"2025-07-25T19:39:17","modified_gmt":"2025-07-25T17:39:17","slug":"aimant-metal-chat-tenerife-argent-8-cm","status":"publish","type":"product","link":"https:\/\/olemosaic.com\/fr\/produit\/aimant-metal-chat-tenerife-argent-8-cm\/","title":{"rendered":"Aimant en m\u00e9tal. Chat. Tenerife. Argent. 8 cm."},"content":{"rendered":"<p>Aimant en m\u00e9tal chat color\u00e9 de Tenerife<\/p>\n<p>Cet aimant en m\u00e9tal de 8 cm, au design d&rsquo;un chat \u00e9voquant l&rsquo;essence de Tenerife, est un souvenir id\u00e9al qui capture l&rsquo;esprit vibrant de cette \u00eele magnifique. Sa composition color\u00e9e, inspir\u00e9e de l&rsquo;art de la mosa\u00efque, pr\u00e9sente une palette joyeuse de rouges, jaunes, bleus et verts \u00e9voquant la biodiversit\u00e9 et le paysage color\u00e9 de Tenerife. Le chat, avec sa forme stylis\u00e9e et ses d\u00e9tails artistiques, se d\u00e9tache sur un fond blanc imitant la texture des c\u00e9ramiques traditionnelles de la r\u00e9gion, cr\u00e9ant un contraste attrayant et moderne.<\/p>\n<p>L&rsquo;inscription \u00ab\u00a0TENERIFE\u00a0\u00bb, situ\u00e9e de mani\u00e8re pro\u00e9minente, renforce sa valeur en tant que souvenir authentique, id\u00e9al pour les touristes cherchant \u00e0 emporter un morceau de la riche culture canarienne. Cet aimant n&rsquo;est pas seulement un \u00e9l\u00e9ment d\u00e9coratif attrayant pour les r\u00e9frig\u00e9rateurs et autres surfaces m\u00e9talliques, mais il symbolise \u00e9galement la joie et l&rsquo;esprit de la vie \u00e0 Tenerife, une \u00eele c\u00e9l\u00e8bre pour son climat chaud et sa biodiversit\u00e9 naturelle.<\/p>\n<p>Chez Ol\u00e9 Mosaic, nous nous sp\u00e9cialisons dans la distribution en gros de souvenirs repr\u00e9sentatifs de diverses r\u00e9gions, et cet aimant chat est une excellente option pour les boutiques de cadeaux touristiques \u00e0 la recherche de produits authentiques et attrayants mettant en valeur l&rsquo;h\u00e9ritage culturel de l&rsquo;Espagne. Acqu\u00e9rez cet aimant unique et offrez \u00e0 vos clients un souvenir m\u00e9morable de Tenerife.<\/p>\n","protected":false},"excerpt":{"rendered":"<p>Aimant m\u00e9tallique de 8 cm avec le design sympathique d&rsquo;un chat typique de Tenerife. Cet aimant pr\u00e9sente une composition color\u00e9e aux tons vibrants, inspir\u00e9e de l&rsquo;art de la mosa\u00efque, qui se distingue par sa palette visuelle joyeuse avec des rouges, jaunes, bleus et verts. D\u00e9cor\u00e9 d&rsquo;un fond blanc imitant la texture de la c\u00e9ramique traditionnelle, l&rsquo;aimant inclut l&rsquo;inscription \u00ab\u00a0TENERIFE\u00a0\u00bb, ce qui en fait un souvenir parfait de l&rsquo;\u00eele.<\/p>\n","protected":false},"featured_media":12828,"template":"","meta":{"_acf_changed":false},"product_brand":[],"product_cat":[697],"product_tag":[530],"class_list":{"0":"post-34338","1":"product","2":"type-product","3":"status-publish","4":"has-post-thumbnail","6":"product_cat-aimants","7":"product_tag-animaux","8":"pa_ciudad-tenerife","9":"pa_motivo-chats","10":"pa_pais-espana","12":"first","13":"instock","14":"shipping-taxable","15":"product-type-simple"},"acf":[],"_links":{"self":[{"href":"https:\/\/olemosaic.com\/fr\/wp-json\/wp\/v2\/product\/34338","targetHints":{"allow":["GET"]}}],"collection":[{"href":"https:\/\/olemosaic.com\/fr\/wp-json\/wp\/v2\/product"}],"about":[{"href":"https:\/\/olemosaic.com\/fr\/wp-json\/wp\/v2\/types\/product"}],"wp:featuredmedia":[{"embeddable":true,"href":"https:\/\/olemosaic.com\/fr\/wp-json\/wp\/v2\/media\/12828"}],"wp:attachment":[{"href":"https:\/\/olemosaic.com\/fr\/wp-json\/wp\/v2\/media?parent=34338"}],"wp:term":[{"taxonomy":"product_brand","embeddable":true,"href":"https:\/\/olemosaic.com\/fr\/wp-json\/wp\/v2\/product_brand?post=34338"},{"taxonomy":"product_cat","embeddable":true,"href":"https:\/\/olemosaic.com\/fr\/wp-json\/wp\/v2\/product_cat?post=34338"},{"taxonomy":"product_tag","embeddable":true,"href":"https:\/\/olemosaic.com\/fr\/wp-json\/wp\/v2\/product_tag?post=34338"}],"curies":[{"name":"wp","href":"https:\/\/api.w.org\/{rel}","templated":true}]}}