{"id":34337,"date":"2025-02-20T22:36:05","date_gmt":"2025-02-20T22:36:05","guid":{"rendered":"http:\/\/olemosaic.com\/producto\/iman-de-metal-salamandra-fuerteventura-plata-8-cm\/"},"modified":"2025-07-25T20:38:02","modified_gmt":"2025-07-25T18:38:02","slug":"aimant-metal-salamandre-fuerteventura-argent-8-cm","status":"publish","type":"product","link":"https:\/\/olemosaic.com\/fr\/produit\/aimant-metal-salamandre-fuerteventura-argent-8-cm\/","title":{"rendered":"Aimant en m\u00e9tal. Salamandre. Fuerteventura. Argent. 8 cm."},"content":{"rendered":"<p>Aimant en m\u00e9tal de Fuerteventura<\/p>\n<p>Cet aimant en m\u00e9tal de 8 cm est un v\u00e9ritable hommage \u00e0 la faune unique de Fuerteventura. Il repr\u00e9sente une salamandre vibrante, qui se distingue par son design color\u00e9 et d\u00e9taill\u00e9. Avec une technique de trencad\u00eds, ce souvenir capture l&rsquo;essence des \u00eeles Canaries \u00e0 travers une palette de couleurs \u00e9clatantes qui rehaussent chaque trait de la salamandre, de son corps svelte \u00e0 ses pattes caract\u00e9ristiques. La salamandre, symbole d&rsquo;adaptabilit\u00e9 et de beaut\u00e9 naturelle, est pr\u00e9sent\u00e9e au centre de l&rsquo;aimant, entour\u00e9e d&rsquo;un fond simulant d&rsquo;\u00e9l\u00e9gantes mosa\u00efques, \u00e9voquant la riche tradition artistique de la r\u00e9gion.<\/p>\n<p>En haut de l&rsquo;aimant, le texte \u00ab\u00a0FUERTEVENTURA\u00a0\u00bb appara\u00eet dans une typographie joyeuse qui compl\u00e8te le design, ajoutant une touche distinctive qui le rend encore plus attrayant comme souvenir. Cet aimant ne sert pas seulement d&rsquo;accessoire pratique pour toute surface m\u00e9tallique, mais il repr\u00e9sente \u00e9galement un fragment de la culture et de la nature canariennes, parfait pour les touristes qui souhaitent emporter un morceau de l&rsquo;\u00eele chez eux.<\/p>\n<p>Chez Ol\u00e9 Mosaic, nous nous sp\u00e9cialisons dans l&rsquo;offre de souvenirs authentiques de Fuerteventura, id\u00e9aux pour les boutiques de cadeaux touristiques qui souhaitent proposer des produits mettant en valeur la singularit\u00e9 des \u00eeles Canaries. Cet aimant salamandre est un choix exceptionnel pour ceux qui recherchent un souvenir de la beaut\u00e9 et de la biodiversit\u00e9 de l&rsquo;archipel. En tant que grossistes de souvenirs, nous garantissons la qualit\u00e9 et l&rsquo;originalit\u00e9 de chacune de nos pi\u00e8ces, faisant de cet aimant un excellent cadeau ou souvenir pour tout visiteur.<\/p>\n","protected":false},"excerpt":{"rendered":"<p>Aimant m\u00e9tallique de 8 cm, d\u00e9cor\u00e9 d&rsquo;une salamandre vibrante repr\u00e9sentant la faune unique de Fuerteventura. Ce design color\u00e9 se distingue par sa technique de trencad\u00eds, avec une palette de couleurs vari\u00e9e qui souligne les d\u00e9tails de l&rsquo;animal. En haut, le texte \u00ab\u00a0FUERTEVENTURA\u00a0\u00bb est pr\u00e9sent\u00e9 avec une typographie joyeuse, ajoutant une touche distinctive \u00e0 cette pi\u00e8ce ornementale id\u00e9ale pour se souvenir de la beaut\u00e9 des \u00eeles Canaries.<\/p>\n","protected":false},"featured_media":12879,"template":"","meta":{"_acf_changed":false},"product_brand":[],"product_cat":[697],"product_tag":[530],"class_list":{"0":"post-34337","1":"product","2":"type-product","3":"status-publish","4":"has-post-thumbnail","6":"product_cat-aimants","7":"product_tag-animaux","8":"pa_ciudad-fuerteventura","9":"pa_motivo-salamandres","10":"pa_pais-espana","12":"first","13":"instock","14":"shipping-taxable","15":"product-type-simple"},"acf":[],"_links":{"self":[{"href":"https:\/\/olemosaic.com\/fr\/wp-json\/wp\/v2\/product\/34337","targetHints":{"allow":["GET"]}}],"collection":[{"href":"https:\/\/olemosaic.com\/fr\/wp-json\/wp\/v2\/product"}],"about":[{"href":"https:\/\/olemosaic.com\/fr\/wp-json\/wp\/v2\/types\/product"}],"wp:featuredmedia":[{"embeddable":true,"href":"https:\/\/olemosaic.com\/fr\/wp-json\/wp\/v2\/media\/12879"}],"wp:attachment":[{"href":"https:\/\/olemosaic.com\/fr\/wp-json\/wp\/v2\/media?parent=34337"}],"wp:term":[{"taxonomy":"product_brand","embeddable":true,"href":"https:\/\/olemosaic.com\/fr\/wp-json\/wp\/v2\/product_brand?post=34337"},{"taxonomy":"product_cat","embeddable":true,"href":"https:\/\/olemosaic.com\/fr\/wp-json\/wp\/v2\/product_cat?post=34337"},{"taxonomy":"product_tag","embeddable":true,"href":"https:\/\/olemosaic.com\/fr\/wp-json\/wp\/v2\/product_tag?post=34337"}],"curies":[{"name":"wp","href":"https:\/\/api.w.org\/{rel}","templated":true}]}}