{"id":34316,"date":"2025-02-20T22:36:05","date_gmt":"2025-02-20T22:36:05","guid":{"rendered":"http:\/\/olemosaic.com\/producto\/iman-de-metal-bailaora-alicante-plata-8-cm\/"},"modified":"2025-07-25T18:35:38","modified_gmt":"2025-07-25T16:35:38","slug":"aimant-en-metal-danseuse-flamenco-alicante-argent-8-cm","status":"publish","type":"product","link":"https:\/\/olemosaic.com\/fr\/produit\/aimant-en-metal-danseuse-flamenco-alicante-argent-8-cm\/","title":{"rendered":"Aimant en m\u00e9tal. Danseuse de flamenco. Alicante. Argent. 8 cm."},"content":{"rendered":"<p>Aimant de flamenco en m\u00e9tal inspir\u00e9 d&rsquo;Alicante : un rappel brillant du folklore espagnol vibrant qui capture l&rsquo;essence de l&rsquo;art flamenco dans une pi\u00e8ce compacte. Cet aimant de 8 cm montre une danseuse avec un costume exub\u00e9rant \u00e0 volants, dont le design en mosa\u00efque regorge de tons vifs \u00e9voquant la joie et la couleur de la culture espagnole. La figure resplendit avec sa robe multicolore, orn\u00e9e de d\u00e9tails qui soulignent le mouvement et la gr\u00e2ce de cet art traditionnel. Le fond de l&rsquo;aimant pr\u00e9sente une texture blanche rappelant les carreaux typiques de la r\u00e9gion, cr\u00e9ant un contraste captivant qui fait ressortir la figure centrale.<\/p>\n<p>Dans la partie sup\u00e9rieure de l&rsquo;aimant, le nom \u00ab\u00a0ALICANTE\u00a0\u00bb appara\u00eet en grandes lettres color\u00e9es, apportant un attrait visuel suppl\u00e9mentaire et soulignant sa provenance. Cet aimant n&rsquo;est pas seulement un excellent moyen de ramener un morceau d&rsquo;Alicante chez soi, mais c&rsquo;est aussi un symbole de la richesse culturelle de la communaut\u00e9 andalouse. Parfait pour les touristes \u00e0 la recherche de souvenirs authentiques, cet aimant de flamenco est une repr\u00e9sentation unique du patrimoine espagnol, id\u00e9al pour ceux qui souhaitent se souvenir de leur voyage \u00e0 travers un souvenir significatif. Chez Ol\u00e9 Mosaic, nous sommes fiers d&rsquo;offrir des souvenirs de haute qualit\u00e9, et cet aimant est un choix id\u00e9al pour les boutiques de cadeaux touristiques \u00e0 la recherche de produits authentiques et repr\u00e9sentatifs de la culture espagnole.<\/p>\n","protected":false},"excerpt":{"rendered":"<p>Aimant m\u00e9tallique de 8 cm capturant l&rsquo;essence de l&rsquo;art flamenco, inspir\u00e9 d&rsquo;Alicante. Cet aimant color\u00e9 pr\u00e9sente une danseuse avec un costume vibrant \u00e0 volants, con\u00e7u avec une mosa\u00efque de tons vifs \u00e9voquant la joie de la culture espagnole. La figure est encadr\u00e9e par le nom \u00ab\u00a0ALICANTE\u00a0\u00bb en grandes lettres frappantes, ce qui souligne son attrait visuel et en fait un souvenir parfait pour ceux qui appr\u00e9cient le folklore andalou.<\/p>\n","protected":false},"featured_media":10557,"template":"","meta":{"_acf_changed":false},"product_brand":[],"product_cat":[697],"product_tag":[],"class_list":{"0":"post-34316","1":"product","2":"type-product","3":"status-publish","4":"has-post-thumbnail","6":"product_cat-aimants","7":"pa_ciudad-alicante","8":"pa_motivo-danseurs","9":"pa_pais-espana","11":"first","12":"instock","13":"shipping-taxable","14":"product-type-simple"},"acf":[],"_links":{"self":[{"href":"https:\/\/olemosaic.com\/fr\/wp-json\/wp\/v2\/product\/34316","targetHints":{"allow":["GET"]}}],"collection":[{"href":"https:\/\/olemosaic.com\/fr\/wp-json\/wp\/v2\/product"}],"about":[{"href":"https:\/\/olemosaic.com\/fr\/wp-json\/wp\/v2\/types\/product"}],"wp:featuredmedia":[{"embeddable":true,"href":"https:\/\/olemosaic.com\/fr\/wp-json\/wp\/v2\/media\/10557"}],"wp:attachment":[{"href":"https:\/\/olemosaic.com\/fr\/wp-json\/wp\/v2\/media?parent=34316"}],"wp:term":[{"taxonomy":"product_brand","embeddable":true,"href":"https:\/\/olemosaic.com\/fr\/wp-json\/wp\/v2\/product_brand?post=34316"},{"taxonomy":"product_cat","embeddable":true,"href":"https:\/\/olemosaic.com\/fr\/wp-json\/wp\/v2\/product_cat?post=34316"},{"taxonomy":"product_tag","embeddable":true,"href":"https:\/\/olemosaic.com\/fr\/wp-json\/wp\/v2\/product_tag?post=34316"}],"curies":[{"name":"wp","href":"https:\/\/api.w.org\/{rel}","templated":true}]}}