{"id":34314,"date":"2025-02-20T23:36:05","date_gmt":"2025-02-20T22:36:05","guid":{"rendered":"http:\/\/olemosaic.com\/producto\/iman-de-metal-bailaora-8-cm-2\/"},"modified":"2025-07-25T19:14:57","modified_gmt":"2025-07-25T17:14:57","slug":"aimant-en-metal-danseuse-flamenco-8-cm-2","status":"publish","type":"product","link":"https:\/\/olemosaic.com\/fr\/produit\/aimant-en-metal-danseuse-flamenco-8-cm-2\/","title":{"rendered":"Aimant en m\u00e9tal. Danseuse de flamenco. 8 cm."},"content":{"rendered":"<p>Aimant m\u00e9tallique avec deux danseuses de flamenco sur une sc\u00e8ne vibrante. Ce souvenir exquis de S\u00e9ville, de 8 cm, pr\u00e9sente deux danseuses en pleine action, avec leurs costumes color\u00e9s \u00e0 volants qui capturent l&rsquo;essence du flamenco. Le fond bleu, avec un design \u00e9voquant les techniques de mosa\u00efque, rehausse les couleurs vibrantes des costumes : l&rsquo;un d&rsquo;un rouge intense et l&rsquo;autre d&rsquo;un bleu plein d&rsquo;\u00e9nergie, orn\u00e9s de fleurs qui ajoutent une touche traditionnelle.<\/p>\n<p>Les d\u00e9tails du design sont peints \u00e0 la main, ce qui fait de chaque aimant une pi\u00e8ce unique. Cet aimant n&rsquo;est pas seulement un objet d\u00e9coratif : c&rsquo;est un authentique symbole de la riche culture espagnole, qui c\u00e9l\u00e8bre la passion et l&rsquo;art du flamenco, une danse qui fait partie int\u00e9grante de l&rsquo;\u00e2me andalouse. Parfait pour se souvenir de moments sp\u00e9ciaux \u00e0 S\u00e9ville, ce souvenir refl\u00e8te la joie et le dynamisme de la tradition flamenca, en faisant un cadeau id\u00e9al pour ceux qui souhaitent emporter un morceau d&rsquo;Espagne.<\/p>\n<p>Chez Ol\u00e9 Mosaic, nous sommes distributeurs de souvenirs en gros et proposons des aimants authentiques qui repr\u00e9sentent la richesse culturelle de l&rsquo;Espagne, id\u00e9aux pour les boutiques de cadeaux touristiques \u00e0 la recherche de produits uniques et significatifs. Cet aimant de danseuses est une option parfaite pour ceux qui recherchent des souvenirs m\u00e9morables de S\u00e9ville.<\/p>\n","protected":false},"excerpt":{"rendered":"<p>Aimant m\u00e9tallique de 8 cm repr\u00e9sentant deux danseuses de flamenco sur une sc\u00e8ne vibrante. Con\u00e7u sur un fond bleu avec un effet mosa\u00efque, l&rsquo;aimant montre les danseuses avec des costumes color\u00e9s \u00e0 volants, l&rsquo;un rouge et l&rsquo;autre bleu, orn\u00e9s de fleurs. Les d\u00e9tails peints \u00e0 la main capturent l&rsquo;essence du flamenco, faisant de ce souvenir une pi\u00e8ce unique qui \u00e9voque la culture espagnole. Id\u00e9al pour se souvenir de moments \u00e0 S\u00e9ville.<\/p>\n","protected":false},"featured_media":10025,"template":"","meta":{"_acf_changed":false},"product_brand":[],"product_cat":[697],"product_tag":[],"class_list":{"0":"post-34314","1":"product","2":"type-product","3":"status-publish","4":"has-post-thumbnail","6":"product_cat-aimants","7":"pa_motivo-danseurs","9":"first","10":"instock","11":"shipping-taxable","12":"product-type-simple"},"acf":[],"_links":{"self":[{"href":"https:\/\/olemosaic.com\/fr\/wp-json\/wp\/v2\/product\/34314","targetHints":{"allow":["GET"]}}],"collection":[{"href":"https:\/\/olemosaic.com\/fr\/wp-json\/wp\/v2\/product"}],"about":[{"href":"https:\/\/olemosaic.com\/fr\/wp-json\/wp\/v2\/types\/product"}],"wp:featuredmedia":[{"embeddable":true,"href":"https:\/\/olemosaic.com\/fr\/wp-json\/wp\/v2\/media\/10025"}],"wp:attachment":[{"href":"https:\/\/olemosaic.com\/fr\/wp-json\/wp\/v2\/media?parent=34314"}],"wp:term":[{"taxonomy":"product_brand","embeddable":true,"href":"https:\/\/olemosaic.com\/fr\/wp-json\/wp\/v2\/product_brand?post=34314"},{"taxonomy":"product_cat","embeddable":true,"href":"https:\/\/olemosaic.com\/fr\/wp-json\/wp\/v2\/product_cat?post=34314"},{"taxonomy":"product_tag","embeddable":true,"href":"https:\/\/olemosaic.com\/fr\/wp-json\/wp\/v2\/product_tag?post=34314"}],"curies":[{"name":"wp","href":"https:\/\/api.w.org\/{rel}","templated":true}]}}