{"id":34311,"date":"2025-02-20T23:36:04","date_gmt":"2025-02-20T22:36:04","guid":{"rendered":"http:\/\/olemosaic.com\/producto\/iman-de-metal-salamandra-mojacar-8-cm-2\/"},"modified":"2025-07-25T19:01:59","modified_gmt":"2025-07-25T17:01:59","slug":"aimant-metal-salamandre-mojacar-8-cm-2","status":"publish","type":"product","link":"https:\/\/olemosaic.com\/fr\/produit\/aimant-metal-salamandre-mojacar-8-cm-2\/","title":{"rendered":"Aimant en m\u00e9tal. Salamandre. Moj\u00e1car. Andalousie. 8 cm."},"content":{"rendered":"<p>Aimant m\u00e9tallique de salamandres color\u00e9es de Moj\u00e1car<\/p>\n<p>Cet aimant m\u00e9tallique de 8 cm est un rappel vibrant du charme et de la beaut\u00e9 de Moj\u00e1car, un village c\u00f4tier andalou connu pour ses paysages \u00e9blouissants et son riche patrimoine culturel. Avec un design captivant, cet aimant pr\u00e9sente plusieurs salamandres dans une gamme de couleurs intenses \u00e9voquant la diversit\u00e9 de la faune locale. Les salamandres, repr\u00e9sent\u00e9es dans des tons allant du rouge vibrant au bleu profond, se d\u00e9ploient sur un fond imitant les motifs de mosa\u00efque typiques du style andalou, ajoutant une touche artistique \u00e0 la pi\u00e8ce.<\/p>\n<p>L&rsquo;inscription \u00ab\u00a0MOJ\u00c1CAR\u00a0\u00bb en lettres stylis\u00e9es souligne encore plus son lien avec cette localit\u00e9 mystique, faisant de cet aimant un souvenir repr\u00e9sentatif et authentique. Ce produit n&rsquo;est pas seulement id\u00e9al pour orner toute surface m\u00e9tallique, comme les r\u00e9frig\u00e9rateurs ou les tableaux, mais il agit \u00e9galement comme un bel objet de d\u00e9coration pour les amoureux de la culture andalouse. En tant que distributeurs de souvenirs en gros, chez Ol\u00e9 Mosaic, nous proposons cet aimant de salamandres, une option parfaite pour les touristes cherchant un souvenir de leur exp\u00e9rience \u00e0 Moj\u00e1car. Cet aimant est un cadeau id\u00e9al qui encapsule l&rsquo;essence de la r\u00e9gion, parfait pour ceux qui recherchent des souvenirs de qualit\u00e9 avec une profonde signification culturelle.<\/p>\n","protected":false},"excerpt":{"rendered":"<p>Aimant m\u00e9tallique de 8 cm avec des salamandres color\u00e9es, inspir\u00e9 par le charme de Moj\u00e1car. Cet aimant attrayant pr\u00e9sente un design vibrant avec des salamandres de diff\u00e9rentes couleurs, sur un fond aux motifs de mosa\u00efque \u00e9voquant le style andalou. Avec l&rsquo;inscription \u00ab\u00a0MOJ\u00c1CAR\u00a0\u00bb en lettres stylis\u00e9es, ce souvenir met en avant des \u00e9l\u00e9ments distinctifs de la localit\u00e9, devenant une pi\u00e8ce id\u00e9ale pour d\u00e9corer toute surface m\u00e9tallique et se souvenir de la beaut\u00e9 de ce village c\u00f4tier.<\/p>\n","protected":false},"featured_media":13534,"template":"","meta":{"_acf_changed":false},"product_brand":[],"product_cat":[697],"product_tag":[530],"class_list":{"0":"post-34311","1":"product","2":"type-product","3":"status-publish","4":"has-post-thumbnail","6":"product_cat-aimants","7":"product_tag-animaux","8":"pa_ciudad-mojacar","9":"pa_motivo-salamandres","10":"pa_pais-espana","12":"first","13":"instock","14":"shipping-taxable","15":"product-type-simple"},"acf":[],"_links":{"self":[{"href":"https:\/\/olemosaic.com\/fr\/wp-json\/wp\/v2\/product\/34311","targetHints":{"allow":["GET"]}}],"collection":[{"href":"https:\/\/olemosaic.com\/fr\/wp-json\/wp\/v2\/product"}],"about":[{"href":"https:\/\/olemosaic.com\/fr\/wp-json\/wp\/v2\/types\/product"}],"wp:featuredmedia":[{"embeddable":true,"href":"https:\/\/olemosaic.com\/fr\/wp-json\/wp\/v2\/media\/13534"}],"wp:attachment":[{"href":"https:\/\/olemosaic.com\/fr\/wp-json\/wp\/v2\/media?parent=34311"}],"wp:term":[{"taxonomy":"product_brand","embeddable":true,"href":"https:\/\/olemosaic.com\/fr\/wp-json\/wp\/v2\/product_brand?post=34311"},{"taxonomy":"product_cat","embeddable":true,"href":"https:\/\/olemosaic.com\/fr\/wp-json\/wp\/v2\/product_cat?post=34311"},{"taxonomy":"product_tag","embeddable":true,"href":"https:\/\/olemosaic.com\/fr\/wp-json\/wp\/v2\/product_tag?post=34311"}],"curies":[{"name":"wp","href":"https:\/\/api.w.org\/{rel}","templated":true}]}}