{"id":34308,"date":"2025-02-20T23:36:04","date_gmt":"2025-02-20T22:36:04","guid":{"rendered":"http:\/\/olemosaic.com\/producto\/iman-de-metal-buho-negro-8-cm-2\/"},"modified":"2025-07-25T18:52:42","modified_gmt":"2025-07-25T16:52:42","slug":"aimant-metal-hibou-noir-8-cm-2","status":"publish","type":"product","link":"https:\/\/olemosaic.com\/fr\/produit\/aimant-metal-hibou-noir-8-cm-2\/","title":{"rendered":"Aimant en m\u00e9tal. Hibou. Mosa\u00efque. Noir. 8 cm."},"content":{"rendered":"<p>Aimant hibou color\u00e9 en m\u00e9tal. Cet adorable aimant de 8 cm, con\u00e7u avec une technique de mosa\u00efque vibrante, est une repr\u00e9sentation artistique du hibou, figure embl\u00e9matique dans diverses cultures symbolisant la sagesse et le myst\u00e8re. La pi\u00e8ce se distingue par sa palette de couleurs \u00e9clatantes, avec des bleus, des rouges, des jaunes et des verts, dispos\u00e9s avec ma\u00eetrise sur un \u00e9l\u00e9gant fond noir qui souligne la luminosit\u00e9 et la diversit\u00e9 de ses teintes. La figure du hibou, avec ses grands yeux jaunes qui semblent observer attentivement, apporte non seulement une touche de couleur et de joie \u00e0 toute surface m\u00e9tallique, mais offre \u00e9galement un lien symbolique avec le riche h\u00e9ritage culturel de l&rsquo;Espagne et du Portugal, o\u00f9 ces oiseaux sont appr\u00e9ci\u00e9s pour leur beaut\u00e9 et leur signification.<\/p>\n<p>Cet aimant en mosa\u00efque n&rsquo;est pas seulement un accessoire d\u00e9coratif, mais un authentique souvenir qui capture l&rsquo;essence de la culture hispanique, id\u00e9al pour les touristes souhaitant ramener chez eux un morceau d&rsquo;art et de tradition. Chez Ol\u00e9 Mosaic, sp\u00e9cialis\u00e9s dans la distribution de souvenirs en gros, nous proposons cet aimant color\u00e9 comme une option charmante pour les boutiques de cadeaux touristiques \u00e0 la recherche de produits authentiques et attrayants. Emporter un fragment artistique de la culture locale sous forme d&rsquo;aimant hibou est un excellent choix pour ceux qui appr\u00e9cient l&rsquo;originalit\u00e9 et l&rsquo;artisanat.<\/p>\n","protected":false},"excerpt":{"rendered":"<p>Aimant m\u00e9tallique repr\u00e9sentant un hibou color\u00e9, con\u00e7u avec une technique de mosa\u00efque vibrante. D&rsquo;une taille de 8 cm, cet aimant se distingue par ses teintes \u00e9clatantes de bleu, rouge, jaune et vert, sur un fond noir qui rehausse sa figure caract\u00e9ristique. Id\u00e9al pour apporter un fragment artistique de la culture hispanique dans n&rsquo;importe quel foyer, cet aimant allie esth\u00e9tique et fonctionnalit\u00e9, devenant un souvenir parfait.<\/p>\n","protected":false},"featured_media":11435,"template":"","meta":{"_acf_changed":false},"product_brand":[],"product_cat":[697],"product_tag":[530],"class_list":{"0":"post-34308","1":"product","2":"type-product","3":"status-publish","4":"has-post-thumbnail","6":"product_cat-aimants","7":"product_tag-animaux","8":"pa_motivo-hiboux","10":"first","11":"instock","12":"shipping-taxable","13":"product-type-simple"},"acf":[],"_links":{"self":[{"href":"https:\/\/olemosaic.com\/fr\/wp-json\/wp\/v2\/product\/34308","targetHints":{"allow":["GET"]}}],"collection":[{"href":"https:\/\/olemosaic.com\/fr\/wp-json\/wp\/v2\/product"}],"about":[{"href":"https:\/\/olemosaic.com\/fr\/wp-json\/wp\/v2\/types\/product"}],"wp:featuredmedia":[{"embeddable":true,"href":"https:\/\/olemosaic.com\/fr\/wp-json\/wp\/v2\/media\/11435"}],"wp:attachment":[{"href":"https:\/\/olemosaic.com\/fr\/wp-json\/wp\/v2\/media?parent=34308"}],"wp:term":[{"taxonomy":"product_brand","embeddable":true,"href":"https:\/\/olemosaic.com\/fr\/wp-json\/wp\/v2\/product_brand?post=34308"},{"taxonomy":"product_cat","embeddable":true,"href":"https:\/\/olemosaic.com\/fr\/wp-json\/wp\/v2\/product_cat?post=34308"},{"taxonomy":"product_tag","embeddable":true,"href":"https:\/\/olemosaic.com\/fr\/wp-json\/wp\/v2\/product_tag?post=34308"}],"curies":[{"name":"wp","href":"https:\/\/api.w.org\/{rel}","templated":true}]}}