{"id":34296,"date":"2025-02-20T23:36:03","date_gmt":"2025-02-20T22:36:03","guid":{"rendered":"http:\/\/olemosaic.com\/producto\/iman-de-metal-salamandra-lanzarote-8-cm-2\/"},"modified":"2025-07-25T20:16:32","modified_gmt":"2025-07-25T18:16:32","slug":"aimant-metal-salamandre-lanzarote-8-cm","status":"publish","type":"product","link":"https:\/\/olemosaic.com\/fr\/produit\/aimant-metal-salamandre-lanzarote-8-cm\/","title":{"rendered":"Aimant en m\u00e9tal. Salamandre. Lanzarote. Canaries. 8 cm."},"content":{"rendered":"<p>Aimant m\u00e9tallique de 8 cm inspir\u00e9 par l&#8217;embl\u00e9matique salamandre de Lanzarote. Cet aimant vibrant pr\u00e9sente un design color\u00e9 qui met en avant la repr\u00e9sentation de la c\u00e9l\u00e8bre salamandre, symbole de l&rsquo;art de C\u00e9sar Manrique, au c\u0153ur de l&rsquo;\u00eele. Avec une mosa\u00efque de tons bleus, verts et rouges, cet objet capture l&rsquo;essence du paysage canarien vibrant et l&rsquo;approche artistique innovante que Manrique a promue \u00e0 Lanzarote. Le fond bleu clair sugg\u00e8re la s\u00e9r\u00e9nit\u00e9 du ciel de l&rsquo;\u00eele, tandis que le texte \u00ab LANZAROTE \u00bb s&rsquo;int\u00e8gre de mani\u00e8re frappante, ajoutant une touche clairement identifiable et culturelle.<\/p>\n<p>Cet aimant n&rsquo;est pas seulement un accessoire pratique pour la maison, mais agit \u00e9galement comme un souvenir significatif qui \u00e9voque la beaut\u00e9 et le folklore de Lanzarote. Les touristes trouveront dans ce souvenir une excellente repr\u00e9sentation du riche h\u00e9ritage culturel de la r\u00e9gion, id\u00e9al pour emporter un petit morceau de l&rsquo;\u00eele. Chez Ol\u00e9 Mosaic, nous nous sp\u00e9cialisons dans la distribution de souvenirs m\u00e9talliques en gros, offrant des produits authentiques qui c\u00e9l\u00e8brent la tradition et l&rsquo;artisanat locaux. Cet aimant de salamandre est une option parfaite pour les boutiques de cadeaux touristiques \u00e0 la recherche d&rsquo;articles distinctifs et de qualit\u00e9.<\/p>\n","protected":false},"excerpt":{"rendered":"<p>Aimant m\u00e9tallique de 8 cm inspir\u00e9 par l&#8217;embl\u00e9matique salamandre de Lanzarote. Cet aimant color\u00e9 pr\u00e9sente un design vibrant avec une mosa\u00efque de tons bleus, verts et rouges, \u00e9voquant l&rsquo;art de C\u00e9sar Manrique. Orn\u00e9 de la repr\u00e9sentation de la salamandre au centre, le fond bleu clair sugg\u00e8re le ciel canarien, tandis que l&rsquo;inscription \u00ab\u00a0LANZAROTE\u00a0\u00bb ajoute une touche d&rsquo;identification. Id\u00e9al pour se souvenir de la beaut\u00e9 et du folklore de cette \u00eele.<\/p>\n","protected":false},"featured_media":12883,"template":"","meta":{"_acf_changed":false},"product_brand":[],"product_cat":[697],"product_tag":[530],"class_list":{"0":"post-34296","1":"product","2":"type-product","3":"status-publish","4":"has-post-thumbnail","6":"product_cat-aimants","7":"product_tag-animaux","8":"pa_ciudad-lanzarote","9":"pa_motivo-salamandres","10":"pa_pais-espana","12":"first","13":"instock","14":"shipping-taxable","15":"product-type-simple"},"acf":[],"_links":{"self":[{"href":"https:\/\/olemosaic.com\/fr\/wp-json\/wp\/v2\/product\/34296","targetHints":{"allow":["GET"]}}],"collection":[{"href":"https:\/\/olemosaic.com\/fr\/wp-json\/wp\/v2\/product"}],"about":[{"href":"https:\/\/olemosaic.com\/fr\/wp-json\/wp\/v2\/types\/product"}],"wp:featuredmedia":[{"embeddable":true,"href":"https:\/\/olemosaic.com\/fr\/wp-json\/wp\/v2\/media\/12883"}],"wp:attachment":[{"href":"https:\/\/olemosaic.com\/fr\/wp-json\/wp\/v2\/media?parent=34296"}],"wp:term":[{"taxonomy":"product_brand","embeddable":true,"href":"https:\/\/olemosaic.com\/fr\/wp-json\/wp\/v2\/product_brand?post=34296"},{"taxonomy":"product_cat","embeddable":true,"href":"https:\/\/olemosaic.com\/fr\/wp-json\/wp\/v2\/product_cat?post=34296"},{"taxonomy":"product_tag","embeddable":true,"href":"https:\/\/olemosaic.com\/fr\/wp-json\/wp\/v2\/product_tag?post=34296"}],"curies":[{"name":"wp","href":"https:\/\/api.w.org\/{rel}","templated":true}]}}