{"id":34295,"date":"2025-02-20T22:36:03","date_gmt":"2025-02-20T22:36:03","guid":{"rendered":"http:\/\/olemosaic.com\/producto\/iman-de-metal-bailaora-mijas-negro-8-cm\/"},"modified":"2025-07-25T19:48:36","modified_gmt":"2025-07-25T17:48:36","slug":"aimant-metal-danseuse-flamenco-mijas-noir-8-cm","status":"publish","type":"product","link":"https:\/\/olemosaic.com\/fr\/produit\/aimant-metal-danseuse-flamenco-mijas-noir-8-cm\/","title":{"rendered":"Aimant en m\u00e9tal. Danseuse de flamenco. Mijas. Noir. 8 cm."},"content":{"rendered":"<p>Aimant en m\u00e9tal de 8 cm inspir\u00e9 par la culture flamenco de Mijas. Cet aimant vibrant pr\u00e9sente une illustration captivante d&rsquo;une danseuse de flamenco, se distinguant par sa robe \u00e0 volants dans une explosion de couleurs vives, qui \u00e9voque l&rsquo;essence du flamenco espagnol. La figure de la danseuse se dresse sur un fond noir qui rehausse sa beaut\u00e9 et son mouvement, en faisant un \u00e9l\u00e9ment d\u00e9coratif id\u00e9al pour toute surface m\u00e9tallique. Le mot \u00ab\u00a0MIJAS\u00a0\u00bb appara\u00eet avec une tipographie artistique compl\u00e9t\u00e9e par un cadre en mosa\u00efque, rendant hommage \u00e0 la riche tradition artistique et culturelle de cette pittoresque localit\u00e9 andalouse.<\/p>\n<p>Cet aimant n&rsquo;est pas seulement un souvenir, mais un authentique souvenir de Mijas qui capture la passion et l&rsquo;art du flamenco, une expression culturelle profond\u00e9ment enracin\u00e9e dans l&rsquo;identit\u00e9 andalouse. Son design color\u00e9 et dynamique en fait une option parfaite pour les touristes souhaitant se souvenir de leur visite dans cette merveilleuse r\u00e9gion. Chez Ol\u00e9 Mosaic, en tant que grossiste de souvenirs, nous proposons cet aimant de danseuse, garantissant son authenticit\u00e9 et sa qualit\u00e9, id\u00e9al pour les boutiques de cadeaux touristiques souhaitant offrir des produits repr\u00e9sentatifs de l&rsquo;h\u00e9ritage culturel espagnol. Cet aimant flamenco est plus qu&rsquo;un accessoire d\u00e9coratif ; c&rsquo;est un morceau de Mijas \u00e0 emporter chez soi.<\/p>\n","protected":false},"excerpt":{"rendered":"<p>Aimant m\u00e9tallique de 8 cm inspir\u00e9 par la culture flamenco de Mijas. Cet aimant color\u00e9 pr\u00e9sente une illustration vibrante d&rsquo;une danseuse avec une robe \u00e0 volants dans des tons brillants qui capturent l&rsquo;essence du flamenco. Le fond noir rehausse la figure de la danseuse, tandis que le mot \u00ab\u00a0MIJAS\u00a0\u00bb est d\u00e9cor\u00e9 d&rsquo;un cadre en mosa\u00efque, ajoutant une touche artistique et culturelle. Un souvenir parfait qui \u00e9voque l&rsquo;esprit andalou.<\/p>\n","protected":false},"featured_media":10030,"template":"","meta":{"_acf_changed":false},"product_brand":[],"product_cat":[697],"product_tag":[],"class_list":{"0":"post-34295","1":"product","2":"type-product","3":"status-publish","4":"has-post-thumbnail","6":"product_cat-aimants","7":"pa_ciudad-mijas","8":"pa_motivo-danseurs","9":"pa_pais-espana","11":"first","12":"instock","13":"shipping-taxable","14":"product-type-simple"},"acf":[],"_links":{"self":[{"href":"https:\/\/olemosaic.com\/fr\/wp-json\/wp\/v2\/product\/34295","targetHints":{"allow":["GET"]}}],"collection":[{"href":"https:\/\/olemosaic.com\/fr\/wp-json\/wp\/v2\/product"}],"about":[{"href":"https:\/\/olemosaic.com\/fr\/wp-json\/wp\/v2\/types\/product"}],"wp:featuredmedia":[{"embeddable":true,"href":"https:\/\/olemosaic.com\/fr\/wp-json\/wp\/v2\/media\/10030"}],"wp:attachment":[{"href":"https:\/\/olemosaic.com\/fr\/wp-json\/wp\/v2\/media?parent=34295"}],"wp:term":[{"taxonomy":"product_brand","embeddable":true,"href":"https:\/\/olemosaic.com\/fr\/wp-json\/wp\/v2\/product_brand?post=34295"},{"taxonomy":"product_cat","embeddable":true,"href":"https:\/\/olemosaic.com\/fr\/wp-json\/wp\/v2\/product_cat?post=34295"},{"taxonomy":"product_tag","embeddable":true,"href":"https:\/\/olemosaic.com\/fr\/wp-json\/wp\/v2\/product_tag?post=34295"}],"curies":[{"name":"wp","href":"https:\/\/api.w.org\/{rel}","templated":true}]}}