{"id":34294,"date":"2025-02-20T23:36:03","date_gmt":"2025-02-20T22:36:03","guid":{"rendered":"http:\/\/olemosaic.com\/producto\/iman-de-metal-salamandra-gran-canaria-8-cm-2\/"},"modified":"2025-07-25T20:30:07","modified_gmt":"2025-07-25T18:30:07","slug":"aimant-metal-salamandre-grande-canarie-8-cm","status":"publish","type":"product","link":"https:\/\/olemosaic.com\/fr\/produit\/aimant-metal-salamandre-grande-canarie-8-cm\/","title":{"rendered":"Aimant en m\u00e9tal. Salamandre. Mosa\u00efque. Grande Canarie. 8 cm."},"content":{"rendered":"<p>Aimant en m\u00e9tal de 8 cm d\u00e9cor\u00e9 d&rsquo;une salamandre vibrante, repr\u00e9sentative de la Grande Canarie. Cet aimant charmant, au design de mosa\u00efque, capture l&rsquo;essence du folklore canarien avec son style color\u00e9 et original. La figure centrale de la salamandre d\u00e9ploie une palette de teintes comprenant des verts, des jaunes, des oranges et des bleus, cr\u00e9ant un contraste saisissant sur le fond bleu qui simule des carreaux traditionnels. Le mot \u00ab\u00a0GRAN CANARIA\u00a0\u00bb, imprim\u00e9 en rouge en haut, souligne la connexion culturelle du souvenir et met en valeur son attrait visuel.<\/p>\n<p>Le design de cet aimant ne c\u00e9l\u00e8bre pas seulement la riche biodiversit\u00e9 de la Grande Canarie, mais \u00e9voque \u00e9galement la joie et les couleurs de ses coutumes et traditions. La salamandre, symbole de la nature canarienne, est devenue une ic\u00f4ne de l&rsquo;\u00eele, repr\u00e9sentant la vie sauvage qui l&rsquo;habite. Cet aimant en m\u00e9tal, fonctionnel et d\u00e9coratif, est un excellent souvenir pour les touristes qui souhaitent ramener un petit morceau de l&rsquo;esprit insulaire \u00e0 la maison.<\/p>\n<p>Chez Ol\u00e9 Mosaic, nous nous sp\u00e9cialisons dans la distribution de souvenirs en gros, proposant des produits comme cet aimant de salamandre, qui ne sont pas seulement parfaits pour \u00eatre expos\u00e9s \u00e0 la maison, mais transmettent \u00e9galement la richesse culturelle de la Grande Canarie. Ce souvenir est id\u00e9al pour les boutiques de cadeaux touristiques qui cherchent \u00e0 offrir des produits authentiques et repr\u00e9sentatifs de la r\u00e9gion, garantissant qualit\u00e9 et originalit\u00e9 dans chaque pi\u00e8ce.<\/p>\n","protected":false},"excerpt":{"rendered":"<p>Aimant m\u00e9tallique de 8 cm orn\u00e9 d&rsquo;une salamandre vibrante, repr\u00e9sentative de la Grande Canarie. Cet aimant pr\u00e9sente un design de mosa\u00efque color\u00e9 qui capture l&rsquo;essence du folklore canarien, montrant la salamandre sur un fond bleu simulant des carreaux. Les teintes vertes, jaunes et bleues ressortent sur la figure, tandis que le mot \u00ab\u00a0GRAN CANARIA\u00a0\u00bb est imprim\u00e9 en rouge en haut, compl\u00e9tant son attrait visuel et culturel.<\/p>\n","protected":false},"featured_media":12877,"template":"","meta":{"_acf_changed":false},"product_brand":[],"product_cat":[697],"product_tag":[530],"class_list":{"0":"post-34294","1":"product","2":"type-product","3":"status-publish","4":"has-post-thumbnail","6":"product_cat-aimants","7":"product_tag-animaux","8":"pa_ciudad-gran-canaria","9":"pa_motivo-salamandres","10":"pa_pais-espana","12":"first","13":"instock","14":"shipping-taxable","15":"product-type-simple"},"acf":[],"_links":{"self":[{"href":"https:\/\/olemosaic.com\/fr\/wp-json\/wp\/v2\/product\/34294","targetHints":{"allow":["GET"]}}],"collection":[{"href":"https:\/\/olemosaic.com\/fr\/wp-json\/wp\/v2\/product"}],"about":[{"href":"https:\/\/olemosaic.com\/fr\/wp-json\/wp\/v2\/types\/product"}],"wp:featuredmedia":[{"embeddable":true,"href":"https:\/\/olemosaic.com\/fr\/wp-json\/wp\/v2\/media\/12877"}],"wp:attachment":[{"href":"https:\/\/olemosaic.com\/fr\/wp-json\/wp\/v2\/media?parent=34294"}],"wp:term":[{"taxonomy":"product_brand","embeddable":true,"href":"https:\/\/olemosaic.com\/fr\/wp-json\/wp\/v2\/product_brand?post=34294"},{"taxonomy":"product_cat","embeddable":true,"href":"https:\/\/olemosaic.com\/fr\/wp-json\/wp\/v2\/product_cat?post=34294"},{"taxonomy":"product_tag","embeddable":true,"href":"https:\/\/olemosaic.com\/fr\/wp-json\/wp\/v2\/product_tag?post=34294"}],"curies":[{"name":"wp","href":"https:\/\/api.w.org\/{rel}","templated":true}]}}