{"id":34293,"date":"2025-02-20T22:36:03","date_gmt":"2025-02-20T22:36:03","guid":{"rendered":"http:\/\/olemosaic.com\/producto\/iman-de-metal-gato-gran-canaria-negro-8-cm\/"},"modified":"2025-07-25T19:42:17","modified_gmt":"2025-07-25T17:42:17","slug":"aimant-metal-chat-grande-canarie-noir-8-cm","status":"publish","type":"product","link":"https:\/\/olemosaic.com\/fr\/produit\/aimant-metal-chat-grande-canarie-noir-8-cm\/","title":{"rendered":"Aimant en m\u00e9tal. Chat. Grande Canarie. Noir. 8 cm."},"content":{"rendered":"<p>Aimant m\u00e9tallique de 8 cm avec l&rsquo;image d&rsquo;un chat inspir\u00e9 par l&rsquo;art de la Grande Canarie. Cet aimant vibrant combine une figure stylis\u00e9e de chat avec un design abstrait qui se distingue par sa palette de couleurs vives, o\u00f9 pr\u00e9dominent les tons bleus, verts, jaunes et rouges, sur un fond noir qui rehausse la luminosit\u00e9 des pi\u00e8ces de la mosa\u00efque. L&rsquo;illustration, qui rappelle les mosa\u00efques traditionnelles canariennes, apporte une touche distinctive et moderne, faisant de cet aimant un souvenir exceptionnel qui \u00e9voque la riche culture visuelle de la Grande Canarie.<\/p>\n<p>La figure du chat ne symbolise pas seulement la faune urbaine des \u00eeles, mais repr\u00e9sente \u00e9galement la chaleur et le charisme qui caract\u00e9risent la vie dans cet archipel. Cet aimant m\u00e9tallique est parfait pour d\u00e9corer n&rsquo;importe quelle surface m\u00e9tallique, que ce soit \u00e0 la maison ou au bureau, offrant un morceau de la Grande Canarie dans chaque coin. Son design unique en fait un souvenir id\u00e9al pour les touristes \u00e0 la recherche de souvenirs authentiques et repr\u00e9sentatifs de leur visite.<\/p>\n<p>Chez Ol\u00e9 Mosaic, nous sommes experts dans la distribution de souvenirs en gros, et cet aimant de chat se pr\u00e9sente comme une excellente option pour les boutiques de cadeaux touristiques souhaitant proposer des produits de qualit\u00e9 et de pertinence culturelle. Un souvenir authentique qui connecte avec l&rsquo;essence de la Grande Canarie, parfait pour ceux qui cherchent \u00e0 emporter un morceau de sa beaut\u00e9 et de sa culture.<\/p>\n","protected":false},"excerpt":{"rendered":"<p>Aimant m\u00e9tallique de 8 cm avec l&rsquo;image d&rsquo;un chat, inspir\u00e9 par l&rsquo;art de la Grande Canarie. Cet aimant color\u00e9 pr\u00e9sente un design abstrait aux tons vibrants, combinant bleus, verts, jaunes et rouges, sur un fond noir qui fait ressortir la figure f\u00e9line. La surface de l&rsquo;aimant est d\u00e9cor\u00e9e d&rsquo;un motif \u00e9voquant les mosa\u00efques traditionnelles, ajoutant une touche distinctive et artistique. Il est id\u00e9al pour d\u00e9corer n&rsquo;importe quelle surface m\u00e9tallique et emporter un morceau de la Grande Canarie avec vous.<\/p>\n","protected":false},"featured_media":12831,"template":"","meta":{"_acf_changed":false},"product_brand":[],"product_cat":[697],"product_tag":[530],"class_list":{"0":"post-34293","1":"product","2":"type-product","3":"status-publish","4":"has-post-thumbnail","6":"product_cat-aimants","7":"product_tag-animaux","8":"pa_ciudad-gran-canaria","9":"pa_motivo-chats","10":"pa_pais-espana","12":"first","13":"instock","14":"shipping-taxable","15":"product-type-simple"},"acf":[],"_links":{"self":[{"href":"https:\/\/olemosaic.com\/fr\/wp-json\/wp\/v2\/product\/34293","targetHints":{"allow":["GET"]}}],"collection":[{"href":"https:\/\/olemosaic.com\/fr\/wp-json\/wp\/v2\/product"}],"about":[{"href":"https:\/\/olemosaic.com\/fr\/wp-json\/wp\/v2\/types\/product"}],"wp:featuredmedia":[{"embeddable":true,"href":"https:\/\/olemosaic.com\/fr\/wp-json\/wp\/v2\/media\/12831"}],"wp:attachment":[{"href":"https:\/\/olemosaic.com\/fr\/wp-json\/wp\/v2\/media?parent=34293"}],"wp:term":[{"taxonomy":"product_brand","embeddable":true,"href":"https:\/\/olemosaic.com\/fr\/wp-json\/wp\/v2\/product_brand?post=34293"},{"taxonomy":"product_cat","embeddable":true,"href":"https:\/\/olemosaic.com\/fr\/wp-json\/wp\/v2\/product_cat?post=34293"},{"taxonomy":"product_tag","embeddable":true,"href":"https:\/\/olemosaic.com\/fr\/wp-json\/wp\/v2\/product_tag?post=34293"}],"curies":[{"name":"wp","href":"https:\/\/api.w.org\/{rel}","templated":true}]}}