{"id":34280,"date":"2025-02-20T23:36:02","date_gmt":"2025-02-20T22:36:02","guid":{"rendered":"http:\/\/olemosaic.com\/producto\/iman-de-metal-toro-sevilla-negro-8-cm-2\/"},"modified":"2025-07-25T19:11:46","modified_gmt":"2025-07-25T17:11:46","slug":"aimant-en-metal-taureau-seville-noir-8-cm-2","status":"publish","type":"product","link":"https:\/\/olemosaic.com\/fr\/produit\/aimant-en-metal-taureau-seville-noir-8-cm-2\/","title":{"rendered":"Aimant en m\u00e9tal. Taureau. Rouge et jaune. S\u00e9ville. Noir. 8 cm."},"content":{"rendered":"<p>Aimant m\u00e9tallique avec l&#8217;embl\u00e9matique taureau de S\u00e9ville<\/p>\n<p>Cet aimant en m\u00e9tal de 8 cm est une repr\u00e9sentation vibrante du c\u00e9l\u00e8bre taureau, un embl\u00e8me du folklore espagnol qui capture l&rsquo;essence culturelle de S\u00e9ville. Avec un design moderne combinant des tons rouges et jaunes sur un fond noir, il cr\u00e9e un impact visuel captivant. La technique de la mosa\u00efque employ\u00e9e dans son illustration apporte une touche artistique unique \u00e0 cette pi\u00e8ce, soulignant sous chaque facette son esth\u00e9tique contemporaine, tandis que le mot \u00ab\u00a0Sevilla\u00a0\u00bb s&rsquo;affiche en couleur sur la gauche, renfor\u00e7ant le lien avec cette ville andalouse iconique.<\/p>\n<p>Le taureau dans la culture espagnole symbolise la force et la passion, et cet aimant n&rsquo;est pas seulement un objet d\u00e9coratif, mais sert \u00e9galement de rappel constant de la riche tradition taurine de la r\u00e9gion. En ramenant cet aimant chez eux, les touristes peuvent se rem\u00e9morer leur voyage et partager un morceau de la culture s\u00e9villane avec leurs amis et leur famille.<\/p>\n<p>Chez Ol\u00e9 Mosaic, nous proposons une s\u00e9lection soign\u00e9e de souvenirs que c\u00e9l\u00e8brent l&rsquo;authenticit\u00e9 des traditions espagnoles. Cet aimant du taureau est une excellente option pour les boutiques de cadeaux touristiques, garantissant un produit attrayant et culturellement significatif qui ravira les visiteurs de S\u00e9ville et de toute l&rsquo;Espagne. En tant que distributeurs de souvenirs en gros, nous assurons la qualit\u00e9 et la pertinence culturelle de chaque article.<\/p>\n","protected":false},"excerpt":{"rendered":"<p>Aimant m\u00e9tallique de 8 cm avec la repr\u00e9sentation d&rsquo;un taureau, un embl\u00e8me du folklore espagnol. Son design vibrant, aux tons rouges et jaunes sur fond noir, se distingue par la technique de la mosa\u00efque, qui lui conf\u00e8re un aspect artistique et moderne. Le mot \u00ab\u00a0Sevilla\u00a0\u00bb appara\u00eet imprim\u00e9 en couleurs sur le c\u00f4t\u00e9 gauche. Un souvenir parfait pour ramener un morceau de la culture s\u00e9villane chez soi.<\/p>\n","protected":false},"featured_media":9989,"template":"","meta":{"_acf_changed":false},"product_brand":[],"product_cat":[697],"product_tag":[530],"class_list":{"0":"post-34280","1":"product","2":"type-product","3":"status-publish","4":"has-post-thumbnail","6":"product_cat-aimants","7":"product_tag-animaux","8":"pa_ciudad-sevilla","9":"pa_motivo-taureaux","10":"pa_pais-espana","12":"first","13":"instock","14":"shipping-taxable","15":"product-type-simple"},"acf":[],"_links":{"self":[{"href":"https:\/\/olemosaic.com\/fr\/wp-json\/wp\/v2\/product\/34280","targetHints":{"allow":["GET"]}}],"collection":[{"href":"https:\/\/olemosaic.com\/fr\/wp-json\/wp\/v2\/product"}],"about":[{"href":"https:\/\/olemosaic.com\/fr\/wp-json\/wp\/v2\/types\/product"}],"wp:featuredmedia":[{"embeddable":true,"href":"https:\/\/olemosaic.com\/fr\/wp-json\/wp\/v2\/media\/9989"}],"wp:attachment":[{"href":"https:\/\/olemosaic.com\/fr\/wp-json\/wp\/v2\/media?parent=34280"}],"wp:term":[{"taxonomy":"product_brand","embeddable":true,"href":"https:\/\/olemosaic.com\/fr\/wp-json\/wp\/v2\/product_brand?post=34280"},{"taxonomy":"product_cat","embeddable":true,"href":"https:\/\/olemosaic.com\/fr\/wp-json\/wp\/v2\/product_cat?post=34280"},{"taxonomy":"product_tag","embeddable":true,"href":"https:\/\/olemosaic.com\/fr\/wp-json\/wp\/v2\/product_tag?post=34280"}],"curies":[{"name":"wp","href":"https:\/\/api.w.org\/{rel}","templated":true}]}}