{"id":34277,"date":"2025-02-20T22:36:02","date_gmt":"2025-02-20T22:36:02","guid":{"rendered":"http:\/\/olemosaic.com\/producto\/iman-de-metal-panoramica-madrid-negro-8-cm\/"},"modified":"2025-07-25T20:06:10","modified_gmt":"2025-07-25T18:06:10","slug":"aimant-en-metal-panoramique-madrid-noir-8-cm","status":"publish","type":"product","link":"https:\/\/olemosaic.com\/fr\/produit\/aimant-en-metal-panoramique-madrid-noir-8-cm\/","title":{"rendered":"Aimant en m\u00e9tal. Panoramique. Madrid. Noir. 8 cm."},"content":{"rendered":"<p>Aimant en m\u00e9tal avec une vue panoramique vibrante de Madrid. Cet aimant attrayant de 8 cm pr\u00e9sente un design stylis\u00e9 en forme de mosa\u00efque qui met en valeur deux des embl\u00e8mes les plus iconiques de la capitale espagnole : la majestueuse Puerta de Alcal\u00e1 et le c\u00e9l\u00e8bre Ours et l&rsquo;Arbousier. La combinaison de couleurs vives et contrast\u00e9es \u2014 avec une pr\u00e9dominance de bleus, jaunes et rouges \u2014 donne vie \u00e0 une repr\u00e9sentation artistique qui capture l&rsquo;essence de Madrid. Le fond noir cr\u00e9e un effet saisissant, tandis que le nom \u00ab\u00a0MADRID\u00a0\u00bb se d\u00e9tache en grandes lettres color\u00e9es, ajoutant une touche moderne \u00e0 ce souvenir.<\/p>\n<p>Cet aimant en m\u00e9tal n&rsquo;est pas seulement une excellente option pour orner votre r\u00e9frig\u00e9rateur, mais il agit \u00e9galement comme un rappel du vibrant patrimoine culturel de Madrid. La Puerta de Alcal\u00e1, t\u00e9moin de l&rsquo;histoire de la ville, est un symbole d&rsquo;accueil et d&rsquo;unit\u00e9, tandis que l&rsquo;Ours et l&rsquo;Arbousier repr\u00e9sentent l&rsquo;histoire et l&rsquo;identit\u00e9 madril\u00e8nes. En choisissant cet aimant comme souvenir, vous emportez avec vous un morceau de la riche histoire et du folklore de la ville.<\/p>\n<p>Chez Ol\u00e9 Mosaic, nous sommes sp\u00e9cialis\u00e9s dans la distribution de souvenirs en gros, offrant aux boutiques de cadeaux touristiques des produits authentiques qui repr\u00e9sentent la culture espagnole. Cet aimant est une excellente option pour les touristes qui cherchent \u00e0 emporter un souvenir tangible de Madrid, et son design attrayant en fait un cadeau parfait ou une pi\u00e8ce d\u00e9corative qui renferme l&rsquo;essence de la ville. Avec cet aimant, les visiteurs peuvent profiter de la beaut\u00e9 de Madrid m\u00eame \u00e0 distance, ce qui en fait un souvenir m\u00e9morable et significatif.<\/p>\n","protected":false},"excerpt":{"rendered":"<p>Aimant m\u00e9tallique avec une vue panoramique vibrante de Madrid, de 8 cm. Il pr\u00e9sente un design stylis\u00e9 en forme de mosa\u00efque, o\u00f9 se distinguent l&#8217;embl\u00e9matique monument de la Puerta de Alcal\u00e1 et le c\u00e9l\u00e8bre Ours et l&rsquo;Arbousier. Les couleurs vives et contrast\u00e9es, avec une pr\u00e9dominance de bleus, jaunes et rouges, exaltent la beaut\u00e9 de la ville. Le nom \u00ab\u00a0MADRID\u00a0\u00bb est imprim\u00e9 en grandes lettres color\u00e9es sur un fond noir, ajoutant une touche moderne \u00e0 ce souvenir.<\/p>\n","protected":false},"featured_media":7108,"template":"","meta":{"_acf_changed":false},"product_brand":[],"product_cat":[697],"product_tag":[],"class_list":{"0":"post-34277","1":"product","2":"type-product","3":"status-publish","4":"has-post-thumbnail","6":"product_cat-aimants","7":"pa_ciudad-madrid","8":"pa_motivo-panoramas","9":"pa_pais-espana","11":"first","12":"instock","13":"shipping-taxable","14":"product-type-simple"},"acf":[],"_links":{"self":[{"href":"https:\/\/olemosaic.com\/fr\/wp-json\/wp\/v2\/product\/34277","targetHints":{"allow":["GET"]}}],"collection":[{"href":"https:\/\/olemosaic.com\/fr\/wp-json\/wp\/v2\/product"}],"about":[{"href":"https:\/\/olemosaic.com\/fr\/wp-json\/wp\/v2\/types\/product"}],"wp:featuredmedia":[{"embeddable":true,"href":"https:\/\/olemosaic.com\/fr\/wp-json\/wp\/v2\/media\/7108"}],"wp:attachment":[{"href":"https:\/\/olemosaic.com\/fr\/wp-json\/wp\/v2\/media?parent=34277"}],"wp:term":[{"taxonomy":"product_brand","embeddable":true,"href":"https:\/\/olemosaic.com\/fr\/wp-json\/wp\/v2\/product_brand?post=34277"},{"taxonomy":"product_cat","embeddable":true,"href":"https:\/\/olemosaic.com\/fr\/wp-json\/wp\/v2\/product_cat?post=34277"},{"taxonomy":"product_tag","embeddable":true,"href":"https:\/\/olemosaic.com\/fr\/wp-json\/wp\/v2\/product_tag?post=34277"}],"curies":[{"name":"wp","href":"https:\/\/api.w.org\/{rel}","templated":true}]}}