{"id":34276,"date":"2025-02-20T23:36:02","date_gmt":"2025-02-20T22:36:02","guid":{"rendered":"http:\/\/olemosaic.com\/producto\/iman-de-metal-panoramica-marbella-8-cm-2\/"},"modified":"2025-07-25T20:11:19","modified_gmt":"2025-07-25T18:11:19","slug":"aimant-metal-panoramique-marbella-8-cm-2","status":"publish","type":"product","link":"https:\/\/olemosaic.com\/fr\/produit\/aimant-metal-panoramique-marbella-8-cm-2\/","title":{"rendered":"Aimant en m\u00e9tal. Panoramique. Marbella. Andalousie. 8 cm."},"content":{"rendered":"<p>Aimant m\u00e9tallique avec une vue panoramique de Marbella, un souvenir exquis qui encapsule l&rsquo;essence vibrante de cette c\u00e9l\u00e8bre ville c\u00f4ti\u00e8re andalouse. D&rsquo;une taille de 8 cm, cet aimant se distingue par son design dans un style mosa\u00efque vibrant qui combine des couleurs joyeuses et des d\u00e9tails soigneusement \u00e9labor\u00e9s. Au centre de l&rsquo;image, une charmante fontaine entour\u00e9e d&rsquo;arbres ornementaux et de maisons typiques andalouses orn\u00e9es de pots de fleurs est pr\u00e9sent\u00e9e dans une composition artistique qui \u00e9voque la chaleur du climat m\u00e9diterran\u00e9en et la beaut\u00e9 des paysages de Marbella. Le nom \u00ab MARBELLA \u00bb est \u00e9l\u00e9gamment situ\u00e9 en haut, cr\u00e9ant un point focal qui accentue l&rsquo;identit\u00e9 de la ville.<\/p>\n<p>Cet aimant m\u00e9tallique ne sert pas seulement d&rsquo;accessoire pratique pour toute surface m\u00e9tallique, mais devient \u00e9galement un souvenir significatif qui c\u00e9l\u00e8bre la culture et le patrimoine local, id\u00e9al pour les touristes souhaitant ramener un morceau de Marbella chez eux. Son authenticit\u00e9 et sa qualit\u00e9 le placent parmi les meilleurs souvenirs de Marbella, parfait pour les boutiques de cadeaux touristiques cherchant \u00e0 offrir des produits symbolisant la beaut\u00e9 et le charme de l&rsquo;Andalousie. Chez Ol\u00e9 Mosaic, nous nous sp\u00e9cialisons dans la distribution de souvenirs en gros, faisant de cet aimant un excellent choix pour ceux qui appr\u00e9cient l&rsquo;artisanat authentique et la signification culturelle derri\u00e8re chaque d\u00e9tail.<\/p>\n","protected":false},"excerpt":{"rendered":"<p>Aimant m\u00e9tallique avec une charmante vue panoramique de Marbella, con\u00e7u dans un style mosa\u00efque vibrant. Cet aimant de 8 cm montre un paysage color\u00e9 comprenant une fontaine centrale, des arbres d\u00e9coratifs et des maisons typiques andalouses avec des pots de fleurs, le tout dans une composition joyeuse. Avec le nom \u00ab\u00a0MARBELLA\u00a0\u00bb mis en avant en haut, c&rsquo;est un souvenir parfait qui capture l&rsquo;essence de cette belle ville c\u00f4ti\u00e8re. Id\u00e9al pour d\u00e9corer toute surface m\u00e9tallique.<\/p>\n","protected":false},"featured_media":9885,"template":"","meta":{"_acf_changed":false},"product_brand":[],"product_cat":[697],"product_tag":[],"class_list":{"0":"post-34276","1":"product","2":"type-product","3":"status-publish","4":"has-post-thumbnail","6":"product_cat-aimants","7":"pa_ciudad-marbella","8":"pa_motivo-panoramas","9":"pa_pais-espana","11":"first","12":"instock","13":"shipping-taxable","14":"product-type-simple"},"acf":[],"_links":{"self":[{"href":"https:\/\/olemosaic.com\/fr\/wp-json\/wp\/v2\/product\/34276","targetHints":{"allow":["GET"]}}],"collection":[{"href":"https:\/\/olemosaic.com\/fr\/wp-json\/wp\/v2\/product"}],"about":[{"href":"https:\/\/olemosaic.com\/fr\/wp-json\/wp\/v2\/types\/product"}],"wp:featuredmedia":[{"embeddable":true,"href":"https:\/\/olemosaic.com\/fr\/wp-json\/wp\/v2\/media\/9885"}],"wp:attachment":[{"href":"https:\/\/olemosaic.com\/fr\/wp-json\/wp\/v2\/media?parent=34276"}],"wp:term":[{"taxonomy":"product_brand","embeddable":true,"href":"https:\/\/olemosaic.com\/fr\/wp-json\/wp\/v2\/product_brand?post=34276"},{"taxonomy":"product_cat","embeddable":true,"href":"https:\/\/olemosaic.com\/fr\/wp-json\/wp\/v2\/product_cat?post=34276"},{"taxonomy":"product_tag","embeddable":true,"href":"https:\/\/olemosaic.com\/fr\/wp-json\/wp\/v2\/product_tag?post=34276"}],"curies":[{"name":"wp","href":"https:\/\/api.w.org\/{rel}","templated":true}]}}