{"id":34274,"date":"2025-02-20T23:36:01","date_gmt":"2025-02-20T22:36:01","guid":{"rendered":"http:\/\/olemosaic.com\/producto\/iman-de-metal-panoramica-barcelona-negro-8-cm-6\/"},"modified":"2025-07-25T18:29:33","modified_gmt":"2025-07-25T16:29:33","slug":"aimant-metal-panoramique-barcelone-noir-8-cm-6","status":"publish","type":"product","link":"https:\/\/olemosaic.com\/fr\/produit\/aimant-metal-panoramique-barcelone-noir-8-cm-6\/","title":{"rendered":"Aimant en m\u00e9tal. Panoramique. Mosa\u00efque. Barcelone. Fond noir. 8 cm."},"content":{"rendered":"<p>Aimant en m\u00e9tal avec une vue panoramique de Barcelone mettant en valeur l&#8217;embl\u00e9matique Sagrada Familia et le c\u00e9l\u00e8bre Dragon du Parc G\u00fcell. Cet aimant attrayant de 8 cm pr\u00e9sente un design vibrant, rehauss\u00e9 par une technique de mosa\u00efque qui capture l&rsquo;essence visuelle de ces ic\u00f4nes architecturales. La Sagrada Familia se dresse majestueusement, avec ses hautes tours et ses d\u00e9tails complexes dans des couleurs chaudes qui refl\u00e8tent le g\u00e9nie d&rsquo;Antoni Gaud\u00ed, tandis que le Dragon du Parc G\u00fcell, avec ses couleurs bleues et vertes, ajoute une touche ludique et distinctive au design.<\/p>\n<p>Le fond noir souligne la vivacit\u00e9 des mosa\u00efques, cr\u00e9ant un effet visuel percutant qui attire l&rsquo;attention. Le mot \u00ab Barcelone \u00bb s&rsquo;affiche en lettres saillantes, apportant un message clair et direct de la ville qui \u00e9voque ce chef-d&rsquo;\u0153uvre d&rsquo;art et d&rsquo;architecture. Cet aimant n&rsquo;est pas seulement un objet d\u00e9coratif, mais aussi un souvenir authentique et repr\u00e9sentatif du riche patrimoine culturel de Barcelone. Parfait pour les touristes \u00e0 la recherche de souvenirs de qualit\u00e9, cet aimant en m\u00e9tal est un excellent choix pour les boutiques de cadeaux souhaitant proposer des produits qui captent l&rsquo;essence de la ville. Chez Ol\u00e9 Mosaic, en tant que grossiste de souvenirs touristiques, nous garantissons l&rsquo;authenticit\u00e9 et l&rsquo;attrait de chaque pi\u00e8ce, assurant des exp\u00e9riences m\u00e9morables pour les visiteurs de la Catalogne.<\/p>\n","protected":false},"excerpt":{"rendered":"<p>Aimant m\u00e9tallique avec une vue panoramique color\u00e9e de Barcelone, o\u00f9 se d\u00e9tachent l&rsquo;iconique Sagrada Familia et le c\u00e9l\u00e8bre Dragon du Parc G\u00fcell. Cet aimant attrayant de 8 cm pr\u00e9sente un design vibrant et d\u00e9taill\u00e9, avec une technique de mosa\u00efque qui fait ressortir les couleurs intenses sur un fond noir. Le mot \u00ab\u00a0Barcelone\u00a0\u00bb en lettres saillantes ajoute une touche sp\u00e9ciale, faisant de cet aimant le souvenir parfait pour se rappeler la beaut\u00e9 architecturale et culturelle de la ville.<\/p>\n","protected":false},"featured_media":11424,"template":"","meta":{"_acf_changed":false},"product_brand":[],"product_cat":[697],"product_tag":[],"class_list":{"0":"post-34274","1":"product","2":"type-product","3":"status-publish","4":"has-post-thumbnail","6":"product_cat-aimants","7":"pa_ciudad-barcelona","8":"pa_motivo-panoramas","9":"pa_pais-espana","11":"first","12":"instock","13":"shipping-taxable","14":"product-type-simple"},"acf":[],"_links":{"self":[{"href":"https:\/\/olemosaic.com\/fr\/wp-json\/wp\/v2\/product\/34274","targetHints":{"allow":["GET"]}}],"collection":[{"href":"https:\/\/olemosaic.com\/fr\/wp-json\/wp\/v2\/product"}],"about":[{"href":"https:\/\/olemosaic.com\/fr\/wp-json\/wp\/v2\/types\/product"}],"wp:featuredmedia":[{"embeddable":true,"href":"https:\/\/olemosaic.com\/fr\/wp-json\/wp\/v2\/media\/11424"}],"wp:attachment":[{"href":"https:\/\/olemosaic.com\/fr\/wp-json\/wp\/v2\/media?parent=34274"}],"wp:term":[{"taxonomy":"product_brand","embeddable":true,"href":"https:\/\/olemosaic.com\/fr\/wp-json\/wp\/v2\/product_brand?post=34274"},{"taxonomy":"product_cat","embeddable":true,"href":"https:\/\/olemosaic.com\/fr\/wp-json\/wp\/v2\/product_cat?post=34274"},{"taxonomy":"product_tag","embeddable":true,"href":"https:\/\/olemosaic.com\/fr\/wp-json\/wp\/v2\/product_tag?post=34274"}],"curies":[{"name":"wp","href":"https:\/\/api.w.org\/{rel}","templated":true}]}}