{"id":34272,"date":"2025-02-20T22:36:00","date_gmt":"2025-02-20T22:36:00","guid":{"rendered":"http:\/\/olemosaic.com\/producto\/iman-de-metal-panoramica-toledo-negro-8-cm\/"},"modified":"2025-07-25T18:36:46","modified_gmt":"2025-07-25T16:36:46","slug":"aimant-metal-panoramique-tolede-noir-8-cm","status":"publish","type":"product","link":"https:\/\/olemosaic.com\/fr\/produit\/aimant-metal-panoramique-tolede-noir-8-cm\/","title":{"rendered":"Aimant en m\u00e9tal. Panoramique. Tol\u00e8de. Noir. 8 cm."},"content":{"rendered":"<p>Aimant m\u00e9tallique avec une vue panoramique color\u00e9e de Tol\u00e8de. Ce souvenir attrayant de 8 cm pr\u00e9sente un design de style mosa\u00efque qui met en valeur l&rsquo;architecture embl\u00e9matique de Tol\u00e8de. La base noire de l&rsquo;aimant accentue la palette de couleurs vibrantes des b\u00e2timents, y compris les tours embl\u00e9matiques de la ville, et combine des \u00e9l\u00e9ments historiques et contemporains dans une repr\u00e9sentation visuelle captivante. En haut, le mot \u00ab\u00a0TOLEDO\u00a0\u00bb se d\u00e9tache en grandes lettres, apportant une touche moderne et attrayante, id\u00e9ale pour les collectionneurs et les amoureux de la culture locale.<\/p>\n<p>Le design de cet aimant refl\u00e8te le riche h\u00e9ritage culturel de Tol\u00e8de, ville connue pour son m\u00e9lange d&rsquo;influences chr\u00e9tiennes, juives et musulmanes au fil des si\u00e8cles. En tant qu&rsquo;authentique souvenir de Tol\u00e8de, cet aimant n&rsquo;est pas seulement un cadeau parfait, mais aussi un symbole d&rsquo;appr\u00e9ciation pour l&rsquo;histoire et l&rsquo;architecture de la ville. C&rsquo;est un choix id\u00e9al pour les touristes \u00e0 la recherche de souvenirs uniques et significatifs.<\/p>\n<p>Chez Ol\u00e9 Mosaic, nous sommes sp\u00e9cialis\u00e9s dans la distribution de souvenirs de haute qualit\u00e9 en gros, fournissant aux boutiques de cadeaux touristiques des aimants qui capturent l&rsquo;essence de chaque destination. Cet aimant m\u00e9tallique de Tol\u00e8de est un exemple parfait de notre d\u00e9vouement \u00e0 offrir des produits qui allient art, culture et authenticit\u00e9, faisant de chaque pi\u00e8ce un souvenir inoubliable.<\/p>\n","protected":false},"excerpt":{"rendered":"<p>Aimant m\u00e9tallique avec une vue panoramique color\u00e9e de Tol\u00e8de, o\u00f9 se d\u00e9tachent ses monuments embl\u00e9matiques. Il mesure 8 cm et pr\u00e9sente un design de style mosa\u00efque qui capture l&rsquo;essence architecturale de la ville. Le fond noir fait ressortir les couleurs vibrantes des b\u00e2timents, y compris ses tours embl\u00e9matiques. En haut, le mot \u00ab\u00a0TOLEDO\u00a0\u00bb appara\u00eet imprim\u00e9 en grandes lettres, apportant une touche moderne et attrayante, id\u00e9ale pour les collectionneurs et les amoureux de la ville.<\/p>\n","protected":false},"featured_media":7401,"template":"","meta":{"_acf_changed":false},"product_brand":[],"product_cat":[697],"product_tag":[],"class_list":{"0":"post-34272","1":"product","2":"type-product","3":"status-publish","4":"has-post-thumbnail","6":"product_cat-aimants","7":"pa_ciudad-toledo","8":"pa_motivo-panoramas","9":"pa_pais-espana","11":"first","12":"instock","13":"shipping-taxable","14":"product-type-simple"},"acf":[],"_links":{"self":[{"href":"https:\/\/olemosaic.com\/fr\/wp-json\/wp\/v2\/product\/34272","targetHints":{"allow":["GET"]}}],"collection":[{"href":"https:\/\/olemosaic.com\/fr\/wp-json\/wp\/v2\/product"}],"about":[{"href":"https:\/\/olemosaic.com\/fr\/wp-json\/wp\/v2\/types\/product"}],"wp:featuredmedia":[{"embeddable":true,"href":"https:\/\/olemosaic.com\/fr\/wp-json\/wp\/v2\/media\/7401"}],"wp:attachment":[{"href":"https:\/\/olemosaic.com\/fr\/wp-json\/wp\/v2\/media?parent=34272"}],"wp:term":[{"taxonomy":"product_brand","embeddable":true,"href":"https:\/\/olemosaic.com\/fr\/wp-json\/wp\/v2\/product_brand?post=34272"},{"taxonomy":"product_cat","embeddable":true,"href":"https:\/\/olemosaic.com\/fr\/wp-json\/wp\/v2\/product_cat?post=34272"},{"taxonomy":"product_tag","embeddable":true,"href":"https:\/\/olemosaic.com\/fr\/wp-json\/wp\/v2\/product_tag?post=34272"}],"curies":[{"name":"wp","href":"https:\/\/api.w.org\/{rel}","templated":true}]}}