{"id":34251,"date":"2025-02-20T23:36:00","date_gmt":"2025-02-20T22:36:00","guid":{"rendered":"http:\/\/olemosaic.com\/producto\/iman-de-metal-sagrada-familia-barcelona-8-cm-22\/"},"modified":"2025-07-25T18:40:49","modified_gmt":"2025-07-25T16:40:49","slug":"aimant-metal-sagrada-familia-barcelone-8-cm-22","status":"publish","type":"product","link":"https:\/\/olemosaic.com\/fr\/produit\/aimant-metal-sagrada-familia-barcelone-8-cm-22\/","title":{"rendered":"Aimant en m\u00e9tal. Sagrada Familia. Mosa\u00efque. Gaud\u00ed. Barcelone. 8 cm."},"content":{"rendered":"<p>Aimant en m\u00e9tal avec l&rsquo;iconique Sagrada Familia de Barcelone. Cet aimant attrayant mesure 8 cm et pr\u00e9sente une illustration vibrante qui capture l&rsquo;architecture majestueuse d&rsquo;Antoni Gaud\u00ed, soulignant la singularit\u00e9 de l&rsquo;un des monuments les plus embl\u00e9matiques de Barcelone. La pi\u00e8ce met en avant la grandeur de la Sagrada Familia \u00e0 travers ses tours et ses d\u00e9tails, le tout orn\u00e9 d&rsquo;une palette de mosa\u00efques color\u00e9es qui symbolisent l&rsquo;esprit artistique et la cr\u00e9ativit\u00e9 de la ville.<\/p>\n<p>Le fond bleu brillant offre un contraste harmonieux qui rehausse les caract\u00e9ristiques distinctives du monument, tandis que le texte \u00ab\u00a0Barcelona\u00a0\u00bb, avec un design frappant, ajoute une touche d&rsquo;authenticit\u00e9 et d&rsquo;attrait visuel. Cet aimant ne sert pas seulement de souvenir pratique de votre visite dans la capitale catalane, mais devient \u00e9galement un cadeau parfait pour les amateurs d&rsquo;architecture et d&rsquo;art.<\/p>\n<p>Chez Ol\u00e9 Mosaic, nous nous sp\u00e9cialisons dans la distribution de souvenirs en gros et cet aimant de la Sagrada Familia est une excellente option pour les boutiques de cadeaux touristiques \u00e0 la recherche de produits repr\u00e9sentatifs de la culture espagnole. C&rsquo;est une pi\u00e8ce qui allie art, fonctionnalit\u00e9 et nostalgie, id\u00e9ale pour ceux qui souhaitent emporter un morceau de Barcelone chez eux. Avec notre vari\u00e9t\u00e9 de souvenirs, nous vous garantissons authenticit\u00e9 et qualit\u00e9 dans chacun de nos articles.<\/p>\n","protected":false},"excerpt":{"rendered":"<p>Aimant en m\u00e9tal avec l&#8217;embl\u00e9matique Sagrada Familia de Barcelone, de 8 cm. Cet aimant pr\u00e9sente une illustration vibrante qui capture la majest\u00e9 de l&rsquo;architecture de Gaud\u00ed, avec ses d\u00e9tails color\u00e9s en mosa\u00efque qui symbolisent l&rsquo;esprit artistique de la ville. Le fond bleu rehausse les tours et les \u00e9l\u00e9ments distinctifs du monument, accompagn\u00e9 du texte \u00ab\u00a0Barcelona\u00a0\u00bb dans un design frappant. Id\u00e9al pour se souvenir de votre visite ou comme cadeau pour les amateurs d&rsquo;architecture.<\/p>\n","protected":false},"featured_media":11390,"template":"","meta":{"_acf_changed":false},"product_brand":[],"product_cat":[697],"product_tag":[],"class_list":{"0":"post-34251","1":"product","2":"type-product","3":"status-publish","4":"has-post-thumbnail","6":"product_cat-aimants","7":"pa_ciudad-barcelona","8":"pa_motivo-sagrada-familia","9":"pa_pais-espana","11":"first","12":"instock","13":"shipping-taxable","14":"product-type-simple"},"acf":[],"_links":{"self":[{"href":"https:\/\/olemosaic.com\/fr\/wp-json\/wp\/v2\/product\/34251","targetHints":{"allow":["GET"]}}],"collection":[{"href":"https:\/\/olemosaic.com\/fr\/wp-json\/wp\/v2\/product"}],"about":[{"href":"https:\/\/olemosaic.com\/fr\/wp-json\/wp\/v2\/types\/product"}],"wp:featuredmedia":[{"embeddable":true,"href":"https:\/\/olemosaic.com\/fr\/wp-json\/wp\/v2\/media\/11390"}],"wp:attachment":[{"href":"https:\/\/olemosaic.com\/fr\/wp-json\/wp\/v2\/media?parent=34251"}],"wp:term":[{"taxonomy":"product_brand","embeddable":true,"href":"https:\/\/olemosaic.com\/fr\/wp-json\/wp\/v2\/product_brand?post=34251"},{"taxonomy":"product_cat","embeddable":true,"href":"https:\/\/olemosaic.com\/fr\/wp-json\/wp\/v2\/product_cat?post=34251"},{"taxonomy":"product_tag","embeddable":true,"href":"https:\/\/olemosaic.com\/fr\/wp-json\/wp\/v2\/product_tag?post=34251"}],"curies":[{"name":"wp","href":"https:\/\/api.w.org\/{rel}","templated":true}]}}