{"id":34249,"date":"2025-02-20T22:36:00","date_gmt":"2025-02-20T22:36:00","guid":{"rendered":"http:\/\/olemosaic.com\/producto\/iman-de-metal-bulldog-barcelona-plata-8-cm\/"},"modified":"2025-07-25T20:12:48","modified_gmt":"2025-07-25T18:12:48","slug":"aimant-metal-bouledogue-barcelone-argent-8-cm","status":"publish","type":"product","link":"https:\/\/olemosaic.com\/fr\/produit\/aimant-metal-bouledogue-barcelone-argent-8-cm\/","title":{"rendered":"Aimant en m\u00e9tal. Bouledogue. Barcelone. Argent. 8 cm."},"content":{"rendered":"<p>Aimant m\u00e9tallique avec la figure d&rsquo;un bouledogue, inspir\u00e9 de l&rsquo;ambiance vibrante de Barcelone. Cet aimant attrayant de 8 cm pr\u00e9sente un design color\u00e9 rappelant les mosa\u00efques embl\u00e9matiques de la ville, c\u00e9l\u00e8bre pour son architecture moderniste et son art singulier. La figure du bouledogue est dessin\u00e9e dans des tons vifs de rouge, jaune, vert et bleu, cr\u00e9ant un contraste frappant sur un fond blanc qui souligne son originalit\u00e9. En haut, le texte \u00ab\u00a0Barcelona\u00a0\u00bb ajoute une touche distinctive et \u00e9vocatrice, faisant de cet aimant le souvenir parfait pour ceux qui visitent la ville.<\/p>\n<p>Ce souvenir de Barcelone ne capture pas seulement l&rsquo;essence de sa culture diverse et joyeuse, mais souligne \u00e9galement le symbolisme du bouledogue, reconnu comme l&rsquo;une des races pr\u00e9f\u00e9r\u00e9es des Barcelonais. Avec sa finition en m\u00e9tal r\u00e9sistant, cet aimant est id\u00e9al pour d\u00e9corer toute surface m\u00e9tallique et se souvenir de ces moments sp\u00e9ciaux dans la cit\u00e9 comtale. Chez Ol\u00e9 Mosaic, en tant que distributeurs de souvenirs en gros, nous proposons cet aimant de bouledogue comme une excellente option pour les boutiques de cadeaux touristiques \u00e0 la recherche de produits authentiques et repr\u00e9sentatifs. C&rsquo;est un souvenir parfait et une fa\u00e7on accessible d&#8217;emporter un morceau de Barcelone chez soi.<\/p>\n","protected":false},"excerpt":{"rendered":"<p>Aimant m\u00e9tallique avec la figure d&rsquo;un bouledogue, inspir\u00e9 de l&rsquo;ambiance embl\u00e9matique de Barcelone. Avec un design vibrant aux couleurs \u00e9voquant l&rsquo;art de la mosa\u00efque, cet aimant de 8 cm se distingue par sa finition dans des tons vifs, tels que le rouge, le jaune, le vert et le bleu, qui cr\u00e9ent un contraste attrayant sur un fond blanc. En haut, le texte \u00ab\u00a0Barcelona\u00a0\u00bb apporte une touche distinctive \u00e0 ce souvenir original.<\/p>\n","protected":false},"featured_media":12857,"template":"","meta":{"_acf_changed":false},"product_brand":[],"product_cat":[697],"product_tag":[],"class_list":{"0":"post-34249","1":"product","2":"type-product","3":"status-publish","4":"has-post-thumbnail","6":"product_cat-aimants","7":"pa_ciudad-barcelona","8":"pa_motivo-bulldogs","9":"pa_pais-espana","11":"first","12":"instock","13":"shipping-taxable","14":"product-type-simple"},"acf":[],"_links":{"self":[{"href":"https:\/\/olemosaic.com\/fr\/wp-json\/wp\/v2\/product\/34249","targetHints":{"allow":["GET"]}}],"collection":[{"href":"https:\/\/olemosaic.com\/fr\/wp-json\/wp\/v2\/product"}],"about":[{"href":"https:\/\/olemosaic.com\/fr\/wp-json\/wp\/v2\/types\/product"}],"wp:featuredmedia":[{"embeddable":true,"href":"https:\/\/olemosaic.com\/fr\/wp-json\/wp\/v2\/media\/12857"}],"wp:attachment":[{"href":"https:\/\/olemosaic.com\/fr\/wp-json\/wp\/v2\/media?parent=34249"}],"wp:term":[{"taxonomy":"product_brand","embeddable":true,"href":"https:\/\/olemosaic.com\/fr\/wp-json\/wp\/v2\/product_brand?post=34249"},{"taxonomy":"product_cat","embeddable":true,"href":"https:\/\/olemosaic.com\/fr\/wp-json\/wp\/v2\/product_cat?post=34249"},{"taxonomy":"product_tag","embeddable":true,"href":"https:\/\/olemosaic.com\/fr\/wp-json\/wp\/v2\/product_tag?post=34249"}],"curies":[{"name":"wp","href":"https:\/\/api.w.org\/{rel}","templated":true}]}}