{"id":34248,"date":"2025-02-20T23:36:00","date_gmt":"2025-02-20T22:36:00","guid":{"rendered":"http:\/\/olemosaic.com\/producto\/iman-de-metal-toro-malaga-negro-8-cm-2\/"},"modified":"2025-07-25T20:13:16","modified_gmt":"2025-07-25T18:13:16","slug":"aimant-metal-taureau-malaga-noir-8-cm-2","status":"publish","type":"product","link":"https:\/\/olemosaic.com\/fr\/produit\/aimant-metal-taureau-malaga-noir-8-cm-2\/","title":{"rendered":"Aimant en m\u00e9tal. Taureau. Rouge et jaune. Malaga. Noir. 8 cm."},"content":{"rendered":"<p>Aimant en m\u00e9tal avec l&#8217;embl\u00e9matique taureau de Malaga, un symbole culturel qui incarne la tradition taurine de cette ville andalouse vibrante. Avec des dimensions de 8 cm, cet aimant n&rsquo;est pas seulement fonctionnel, mais se distingue \u00e9galement par sa mosa\u00efque color\u00e9e dans les tons rouges et jaunes qui, sur un fond noir, lui conf\u00e8re un air moderne et captivant. La figure du taureau, illustr\u00e9e avec une technique de mosa\u00efque, s&rsquo;enrichit de d\u00e9tails qui capturent l&rsquo;essence de l&rsquo;esprit espagnol, \u00e9voquant le courage et la passion inh\u00e9rents \u00e0 la culture taurine.<\/p>\n<p>La mention \u00ab\u00a0M\u00c1LAGA\u00a0\u00bb est imprim\u00e9e en lettres pro\u00e9minentes, ajoutant une touche distinctive et contemporaine qui compl\u00e8te l&rsquo;esth\u00e9tique g\u00e9n\u00e9rale de l&rsquo;aimant. Ce souvenir est une repr\u00e9sentation authentique de l&rsquo;art et de la tradition de Malaga, id\u00e9al pour les touristes \u00e0 la recherche d&rsquo;un souvenir significatif de leur visite. Parfait pour adh\u00e9rer \u00e0 toute surface m\u00e9tallique, cet aimant devient un rappel quotidien du riche patrimoine culturel et artistique de la r\u00e9gion.<\/p>\n<p>Chez Ol\u00e9 Mosaic, nous nous sp\u00e9cialisons dans la distribution de souvenirs en gros, offrant des produits comme cet aimant de taureau qui mettent en valeur l&rsquo;identit\u00e9 de Malaga. C&rsquo;est une option id\u00e9ale pour les boutiques de cadeaux touristiques \u00e0 la recherche de produits authentiques et repr\u00e9sentatifs de la culture espagnole, devenant un accessoire parfait pour revivre les souvenirs d&rsquo;une exp\u00e9rience unique dans cette ville fascinante.<\/p>\n","protected":false},"excerpt":{"rendered":"<p>Aimant m\u00e9tallique avec le design iconique du taureau, symbole culturel de l&rsquo;Espagne et de la tradition taurine de Malaga. Avec ses 8 cm, cet aimant se distingue par sa mosa\u00efque color\u00e9e dans les tons rouges et jaunes sur fond noir, cr\u00e9ant un effet vibrant et frappant. Le mot \u00ab M\u00c1LAGA \u00bb ressort en lettres marqu\u00e9es, apportant une touche artistique et moderne, parfaite pour se souvenir de l&rsquo;essence de la ville.<\/p>\n","protected":false},"featured_media":9979,"template":"","meta":{"_acf_changed":false},"product_brand":[],"product_cat":[697],"product_tag":[530],"class_list":{"0":"post-34248","1":"product","2":"type-product","3":"status-publish","4":"has-post-thumbnail","6":"product_cat-aimants","7":"product_tag-animaux","8":"pa_ciudad-malaga","9":"pa_motivo-taureaux","10":"pa_pais-espana","12":"first","13":"instock","14":"shipping-taxable","15":"product-type-simple"},"acf":[],"_links":{"self":[{"href":"https:\/\/olemosaic.com\/fr\/wp-json\/wp\/v2\/product\/34248","targetHints":{"allow":["GET"]}}],"collection":[{"href":"https:\/\/olemosaic.com\/fr\/wp-json\/wp\/v2\/product"}],"about":[{"href":"https:\/\/olemosaic.com\/fr\/wp-json\/wp\/v2\/types\/product"}],"wp:featuredmedia":[{"embeddable":true,"href":"https:\/\/olemosaic.com\/fr\/wp-json\/wp\/v2\/media\/9979"}],"wp:attachment":[{"href":"https:\/\/olemosaic.com\/fr\/wp-json\/wp\/v2\/media?parent=34248"}],"wp:term":[{"taxonomy":"product_brand","embeddable":true,"href":"https:\/\/olemosaic.com\/fr\/wp-json\/wp\/v2\/product_brand?post=34248"},{"taxonomy":"product_cat","embeddable":true,"href":"https:\/\/olemosaic.com\/fr\/wp-json\/wp\/v2\/product_cat?post=34248"},{"taxonomy":"product_tag","embeddable":true,"href":"https:\/\/olemosaic.com\/fr\/wp-json\/wp\/v2\/product_tag?post=34248"}],"curies":[{"name":"wp","href":"https:\/\/api.w.org\/{rel}","templated":true}]}}