{"id":34247,"date":"2025-02-20T23:36:00","date_gmt":"2025-02-20T22:36:00","guid":{"rendered":"http:\/\/olemosaic.com\/producto\/iman-de-metal-gato-barcelona-negro-8-cm-2\/"},"modified":"2025-07-25T19:40:01","modified_gmt":"2025-07-25T17:40:01","slug":"aimant-metal-chat-barcelone-noir-8-cm-2","status":"publish","type":"product","link":"https:\/\/olemosaic.com\/fr\/produit\/aimant-metal-chat-barcelone-noir-8-cm-2\/","title":{"rendered":"Aimant en m\u00e9tal. Chat. Barcelone. Fond noir. 8 cm."},"content":{"rendered":"<p>Aimant m\u00e9tallique avec un design de chat inspir\u00e9 de l&rsquo;art de la mosa\u00efque de Barcelone. Cet aimant color\u00e9 de 8 cm est une repr\u00e9sentation vibrante de la culture catalane, pr\u00e9sentant un chat entour\u00e9 d&rsquo;une palette de couleurs comprenant des bleus, des rouges et des jaunes, dispos\u00e9s dans des formes g\u00e9om\u00e9triques qui \u00e9voquent le c\u00e9l\u00e8bre style de mosa\u00efque de la ville. L&rsquo;image du chat, avec ses grands yeux captivants et son corps m\u00ealant harmonieusement les tons, refl\u00e8te l&rsquo;essence artistique de Barcelone, o\u00f9 l&rsquo;art et la vie quotidienne s&rsquo;entrelacent. La base noire de l&rsquo;aimant fait ressortir davantage le design color\u00e9, cr\u00e9ant un contraste visuel qui le distingue sur toute surface m\u00e9tallique. En haut, le nom \u00ab\u00a0Barcelona\u00a0\u00bb imprim\u00e9 de mani\u00e8re \u00e9l\u00e9gante apporte une touche d&rsquo;authenticit\u00e9 qui en fait un souvenir parfait pour les visiteurs souhaitant emporter un souvenir de la ville. Cet aimant n&rsquo;est pas seulement un objet d\u00e9coratif, mais une pi\u00e8ce culturelle qui connecte ceux qui l&rsquo;acqui\u00e8rent \u00e0 la cr\u00e9ativit\u00e9 artistique de Barcelone. Id\u00e9al pour les touristes \u00e0 la recherche de souvenirs repr\u00e9sentatifs, cet aimant de chat est une excellente option qui peut \u00eatre facilement propos\u00e9e par les boutiques de cadeaux touristiques. Chez Ol\u00e9 Mosaic, en tant que grossistes de souvenirs de Barcelone, nous garantissons l&rsquo;authenticit\u00e9 et le design de chacun de nos produits.<\/p>\n","protected":false},"excerpt":{"rendered":"<p>Aimant m\u00e9tallique avec le design d&rsquo;un chat inspir\u00e9 de l&rsquo;art de la mosa\u00efque barcelonaise. D&rsquo;une taille de 8 cm, cet aimant pr\u00e9sente une palette de couleurs vibrantes \u2014 bleus, rouges et jaunes \u2014 dans des formes g\u00e9om\u00e9triques, mettant en valeur la figure f\u00e9line embl\u00e9matique. La base noire rehausse le design color\u00e9, tandis que le nom \u00ab Barcelona \u00bb imprim\u00e9 en haut ajoute une touche d&rsquo;authenticit\u00e9. C&rsquo;est le souvenir id\u00e9al pour ceux qui souhaitent emporter avec eux un morceau de la culture catalane.<\/p>\n","protected":false},"featured_media":7910,"template":"","meta":{"_acf_changed":false},"product_brand":[],"product_cat":[697],"product_tag":[530],"class_list":{"0":"post-34247","1":"product","2":"type-product","3":"status-publish","4":"has-post-thumbnail","6":"product_cat-aimants","7":"product_tag-animaux","8":"pa_ciudad-barcelona","9":"pa_motivo-chats","10":"pa_pais-espana","12":"first","13":"instock","14":"shipping-taxable","15":"product-type-simple"},"acf":[],"_links":{"self":[{"href":"https:\/\/olemosaic.com\/fr\/wp-json\/wp\/v2\/product\/34247","targetHints":{"allow":["GET"]}}],"collection":[{"href":"https:\/\/olemosaic.com\/fr\/wp-json\/wp\/v2\/product"}],"about":[{"href":"https:\/\/olemosaic.com\/fr\/wp-json\/wp\/v2\/types\/product"}],"wp:featuredmedia":[{"embeddable":true,"href":"https:\/\/olemosaic.com\/fr\/wp-json\/wp\/v2\/media\/7910"}],"wp:attachment":[{"href":"https:\/\/olemosaic.com\/fr\/wp-json\/wp\/v2\/media?parent=34247"}],"wp:term":[{"taxonomy":"product_brand","embeddable":true,"href":"https:\/\/olemosaic.com\/fr\/wp-json\/wp\/v2\/product_brand?post=34247"},{"taxonomy":"product_cat","embeddable":true,"href":"https:\/\/olemosaic.com\/fr\/wp-json\/wp\/v2\/product_cat?post=34247"},{"taxonomy":"product_tag","embeddable":true,"href":"https:\/\/olemosaic.com\/fr\/wp-json\/wp\/v2\/product_tag?post=34247"}],"curies":[{"name":"wp","href":"https:\/\/api.w.org\/{rel}","templated":true}]}}