{"id":34239,"date":"2025-02-20T22:35:59","date_gmt":"2025-02-20T22:35:59","guid":{"rendered":"http:\/\/olemosaic.com\/producto\/iman-de-metal-caballito-de-mar-plata-8-cm\/"},"modified":"2025-07-25T19:43:42","modified_gmt":"2025-07-25T17:43:42","slug":"aimant-metal-hippocampe-argent-8-cm","status":"publish","type":"product","link":"https:\/\/olemosaic.com\/fr\/produit\/aimant-metal-hippocampe-argent-8-cm\/","title":{"rendered":"Aimant en m\u00e9tal. Hippocampe. Argent. 8 cm."},"content":{"rendered":"<p>Aimant m\u00e9tallique avec design d&rsquo;hippocampes, id\u00e9al pour \u00e9voquer la beaut\u00e9 marine de l&rsquo;Espagne. Cet aimant attrayant de 8 cm pr\u00e9sente une illustration vibrante qui capture l&rsquo;essence du monde sous-marin dans des couleurs vives. L&rsquo;image montre trois hippocampes dans des tons \u00e9blouissants de bleu, vert, rouge et jaune, sur un fond simulant une mosa\u00efque, \u00e9voquant les pr\u00e9cieux azulejos de la tradition artistique espagnole. Le design artistique n&#8217;embellit pas seulement toute surface m\u00e9tallique, mais constitue \u00e9galement un rappel de l&rsquo;ambiance marine qui entoure les c\u00f4tes espagnoles, particuli\u00e8rement dans des r\u00e9gions comme l&rsquo;Andalousie et la Costa Brava, o\u00f9 ces charmantes cr\u00e9atures marines sont un symbole de la vie en mer. Cet aimant est une d\u00e9coration fonctionnelle pour votre r\u00e9frig\u00e9rateur et, de plus, un charmant souvenir qui refl\u00e8te l&rsquo;authenticit\u00e9 et le coloris de la culture espagnole. Chez Ol\u00e9 Mosaic, nous proposons ce souvenir et d&rsquo;autres de qualit\u00e9 en gros, id\u00e9aux pour les boutiques de cadeaux touristiques recherchant des produits repr\u00e9sentatifs et attrayants pour les visiteurs. Cet aimant d&rsquo;hippocampes est une option parfaite pour ceux qui souhaitent ramener un petit morceau de la mer espagnole \u00e0 la maison.<\/p>\n","protected":false},"excerpt":{"rendered":"<p>Aimant m\u00e9tallique avec design d&rsquo;hippocampes, parfait pour se souvenir de la beaut\u00e9 de la mer en Espagne. D&rsquo;une taille de 8 cm, cet aimant color\u00e9 pr\u00e9sente une illustration vibrante de trois hippocampes dans des tons bleus, verts, rouges et jaunes, sur un fond simulant une mosa\u00efque. Id\u00e9al pour d\u00e9corer votre r\u00e9frig\u00e9rateur ou comme cadeau, il capture l&rsquo;essence de l&rsquo;ambiance marine espagnole avec son design artistique et attrayant.<\/p>\n","protected":false},"featured_media":11453,"template":"","meta":{"_acf_changed":false},"product_brand":[],"product_cat":[697],"product_tag":[530],"class_list":{"0":"post-34239","1":"product","2":"type-product","3":"status-publish","4":"has-post-thumbnail","6":"product_cat-aimants","7":"product_tag-animaux","8":"pa_motivo-hippocampes","10":"first","11":"instock","12":"shipping-taxable","13":"product-type-simple"},"acf":[],"_links":{"self":[{"href":"https:\/\/olemosaic.com\/fr\/wp-json\/wp\/v2\/product\/34239","targetHints":{"allow":["GET"]}}],"collection":[{"href":"https:\/\/olemosaic.com\/fr\/wp-json\/wp\/v2\/product"}],"about":[{"href":"https:\/\/olemosaic.com\/fr\/wp-json\/wp\/v2\/types\/product"}],"wp:featuredmedia":[{"embeddable":true,"href":"https:\/\/olemosaic.com\/fr\/wp-json\/wp\/v2\/media\/11453"}],"wp:attachment":[{"href":"https:\/\/olemosaic.com\/fr\/wp-json\/wp\/v2\/media?parent=34239"}],"wp:term":[{"taxonomy":"product_brand","embeddable":true,"href":"https:\/\/olemosaic.com\/fr\/wp-json\/wp\/v2\/product_brand?post=34239"},{"taxonomy":"product_cat","embeddable":true,"href":"https:\/\/olemosaic.com\/fr\/wp-json\/wp\/v2\/product_cat?post=34239"},{"taxonomy":"product_tag","embeddable":true,"href":"https:\/\/olemosaic.com\/fr\/wp-json\/wp\/v2\/product_tag?post=34239"}],"curies":[{"name":"wp","href":"https:\/\/api.w.org\/{rel}","templated":true}]}}