{"id":34238,"date":"2025-02-20T22:35:59","date_gmt":"2025-02-20T22:35:59","guid":{"rendered":"http:\/\/olemosaic.com\/producto\/iman-de-metal-bulldog-8-cm\/"},"modified":"2025-07-25T19:55:10","modified_gmt":"2025-07-25T17:55:10","slug":"aimant-metal-bouledogue-8-cm","status":"publish","type":"product","link":"https:\/\/olemosaic.com\/fr\/produit\/aimant-metal-bouledogue-8-cm\/","title":{"rendered":"Aimant en m\u00e9tal. Bouledogue. 8 cm."},"content":{"rendered":"<p>Aimant m\u00e9tallique avec design de bouledogue en mosa\u00efque<\/p>\n<p>Cet aimant en m\u00e9tal de 8 cm, d\u00e9cor\u00e9 d&rsquo;un design vibrant de bouledogue, est un souvenir attrayant qui fusionne la tradition espagnole avec un style moderne et color\u00e9. La pi\u00e8ce pr\u00e9sente une base dans des tons bleus qui font ressortir la figure singuli\u00e8re du bouledogue, \u00e9labor\u00e9e avec une technique \u00e9voquant l&rsquo;art de la mosa\u00efque. Cet art, caract\u00e9ristique de diverses r\u00e9gions d&rsquo;Espagne, rend hommage au riche h\u00e9ritage culturel du pays, o\u00f9 les mosa\u00efques ornent tant les espaces publics que priv\u00e9s, cr\u00e9ant un dialogue entre forme et couleur.<\/p>\n<p>Les tons audacieux de rouge, jaune, vert et bleu utilis\u00e9s dans l&rsquo;illustration du bouledogue ne capturent pas seulement l&rsquo;essence ludique du design, mais font \u00e9galement de cette pi\u00e8ce un aimant d\u00e9coratif id\u00e9al pour toute surface m\u00e9tallique. Cet aimant n&rsquo;est pas seulement une excellente option pour les amoureux des chiens, mais il repr\u00e9sente aussi un souvenir authentique de la vivacit\u00e9 et de la cr\u00e9ativit\u00e9 de la culture espagnole, en faisant un cadeau sp\u00e9cial pour ceux qui souhaitent ramener un petit morceau d&rsquo;Espagne chez eux.<\/p>\n<p>Chez Ol\u00e9 Mosaic, nous nous sp\u00e9cialisons dans la distribution de souvenirs en gros, et cet aimant de bouledogue est un exemple parfait de notre offre. C&rsquo;est un produit distinctif qui attirera les touristes \u00e0 la recherche de souvenirs en m\u00e9tal uniques et authentiques, tout en satisfaisant les besoins des boutiques souhaitant se d\u00e9marquer dans leur s\u00e9lection de cadeaux touristiques.<\/p>\n","protected":false},"excerpt":{"rendered":"<p>Aimant m\u00e9tallique de 8 cm avec un design color\u00e9 de bouledogue, inspir\u00e9 de l&rsquo;art de la mosa\u00efque. Cet aimant pr\u00e9sente un fond bleu qui fait ressortir la figure du bouledogue, peint avec des couleurs vibrantes rouge, jaune, vert et bleu, capturant l&rsquo;essence du style artistique. Un souvenir parfait qui combine la culture espagnole avec un design moderne attrayant, id\u00e9al pour les amoureux des chiens et de l&rsquo;art.<\/p>\n","protected":false},"featured_media":12855,"template":"","meta":{"_acf_changed":false},"product_brand":[],"product_cat":[697],"product_tag":[],"class_list":{"0":"post-34238","1":"product","2":"type-product","3":"status-publish","4":"has-post-thumbnail","6":"product_cat-aimants","7":"pa_motivo-bulldogs","9":"first","10":"instock","11":"shipping-taxable","12":"product-type-simple"},"acf":[],"_links":{"self":[{"href":"https:\/\/olemosaic.com\/fr\/wp-json\/wp\/v2\/product\/34238","targetHints":{"allow":["GET"]}}],"collection":[{"href":"https:\/\/olemosaic.com\/fr\/wp-json\/wp\/v2\/product"}],"about":[{"href":"https:\/\/olemosaic.com\/fr\/wp-json\/wp\/v2\/types\/product"}],"wp:featuredmedia":[{"embeddable":true,"href":"https:\/\/olemosaic.com\/fr\/wp-json\/wp\/v2\/media\/12855"}],"wp:attachment":[{"href":"https:\/\/olemosaic.com\/fr\/wp-json\/wp\/v2\/media?parent=34238"}],"wp:term":[{"taxonomy":"product_brand","embeddable":true,"href":"https:\/\/olemosaic.com\/fr\/wp-json\/wp\/v2\/product_brand?post=34238"},{"taxonomy":"product_cat","embeddable":true,"href":"https:\/\/olemosaic.com\/fr\/wp-json\/wp\/v2\/product_cat?post=34238"},{"taxonomy":"product_tag","embeddable":true,"href":"https:\/\/olemosaic.com\/fr\/wp-json\/wp\/v2\/product_tag?post=34238"}],"curies":[{"name":"wp","href":"https:\/\/api.w.org\/{rel}","templated":true}]}}