{"id":34237,"date":"2025-02-20T22:35:59","date_gmt":"2025-02-20T22:35:59","guid":{"rendered":"http:\/\/olemosaic.com\/producto\/iman-de-metal-toro-alicante-plata-8-cm\/"},"modified":"2025-07-25T18:42:57","modified_gmt":"2025-07-25T16:42:57","slug":"aimant-metal-taureau-alicante-argent-8-cm","status":"publish","type":"product","link":"https:\/\/olemosaic.com\/fr\/produit\/aimant-metal-taureau-alicante-argent-8-cm\/","title":{"rendered":"Aimant en m\u00e9tal. Taureau. Alicante. Argent. 8 cm."},"content":{"rendered":"<p>Aimant en m\u00e9tal color\u00e9 en forme de taureau, symbole embl\u00e9matique de la culture espagnole, particuli\u00e8rement de la r\u00e9gion d&rsquo;Alicante. Cet aimant vibrant de 8 cm, fabriqu\u00e9 en m\u00e9tal de haute qualit\u00e9, pr\u00e9sente un design de style mosa\u00efque qui capture l&rsquo;essence du folklore espagnol. Les tons brillants de bleu, jaune, rouge et vert font ressortir la figure du taureau, lui donnant une apparence dynamique et joyeuse qui \u00e9voque la vivacit\u00e9 des f\u00eates et traditions d&rsquo;Alicante.<\/p>\n<p>Le fond de l&rsquo;aimant, avec un motif blanc et des textures subtiles, met en valeur la figure du taureau, repr\u00e9sent\u00e9e avec un style moderne, attrayant et plein de caract\u00e8re. Le mot \u00ab\u00a0ALICANTE\u00a0\u00bb, imprim\u00e9 dans un style arc-en-ciel, apporte une touche contemporaine et festive qui compl\u00e8te l&rsquo;\u0153uvre, faisant de cet aimant une pi\u00e8ce de collection qui r\u00e9sonne tant aupr\u00e8s des r\u00e9sidents que des visiteurs.<\/p>\n<p>Cet aimant n&rsquo;est pas seulement un souvenir parfait pour se rappeler une visite \u00e0 Alicante, mais il repr\u00e9sente \u00e9galement la riche culture taurine, partie essentielle de l&rsquo;identit\u00e9 espagnole. Chez Ol\u00e9 Mosaic, nous nous sp\u00e9cialisons dans l&rsquo;offre de souvenirs uniques et authentiques, id\u00e9aux pour les boutiques de cadeaux touristiques cherchant \u00e0 mettre en avant la tradition et l&rsquo;art de l&rsquo;Espagne. Cet aimant de taureau est une excellente option pour ceux qui recherchent un souvenir moderne et repr\u00e9sentatif de l&rsquo;essence d&rsquo;Alicante.<\/p>\n","protected":false},"excerpt":{"rendered":"<p>Aimant en m\u00e9tal de 8 cm repr\u00e9sentant un taureau color\u00e9, symbole embl\u00e9matique de la culture espagnole, particuli\u00e8rement de la r\u00e9gion d&rsquo;Alicante. Ce design vibrant, de style mosa\u00efque, incorpore des tons brillants qui soulignent ses d\u00e9tails en bleu, jaune, rouge et vert, capturant l&rsquo;essence du folklore espagnol. Le fond blanc, au motif discret, compl\u00e8te la figure du taureau, et le mot \u00ab\u00a0ALICANTE\u00a0\u00bb est imprim\u00e9 dans des couleurs arc-en-ciel frappantes, apportant une touche moderne et attrayante.<\/p>\n","protected":false},"featured_media":10019,"template":"","meta":{"_acf_changed":false},"product_brand":[],"product_cat":[697],"product_tag":[530],"class_list":{"0":"post-34237","1":"product","2":"type-product","3":"status-publish","4":"has-post-thumbnail","6":"product_cat-aimants","7":"product_tag-animaux","8":"pa_ciudad-alicante","9":"pa_motivo-taureaux","10":"pa_pais-espana","12":"first","13":"instock","14":"shipping-taxable","15":"product-type-simple"},"acf":[],"_links":{"self":[{"href":"https:\/\/olemosaic.com\/fr\/wp-json\/wp\/v2\/product\/34237","targetHints":{"allow":["GET"]}}],"collection":[{"href":"https:\/\/olemosaic.com\/fr\/wp-json\/wp\/v2\/product"}],"about":[{"href":"https:\/\/olemosaic.com\/fr\/wp-json\/wp\/v2\/types\/product"}],"wp:featuredmedia":[{"embeddable":true,"href":"https:\/\/olemosaic.com\/fr\/wp-json\/wp\/v2\/media\/10019"}],"wp:attachment":[{"href":"https:\/\/olemosaic.com\/fr\/wp-json\/wp\/v2\/media?parent=34237"}],"wp:term":[{"taxonomy":"product_brand","embeddable":true,"href":"https:\/\/olemosaic.com\/fr\/wp-json\/wp\/v2\/product_brand?post=34237"},{"taxonomy":"product_cat","embeddable":true,"href":"https:\/\/olemosaic.com\/fr\/wp-json\/wp\/v2\/product_cat?post=34237"},{"taxonomy":"product_tag","embeddable":true,"href":"https:\/\/olemosaic.com\/fr\/wp-json\/wp\/v2\/product_tag?post=34237"}],"curies":[{"name":"wp","href":"https:\/\/api.w.org\/{rel}","templated":true}]}}