{"id":34236,"date":"2025-02-20T22:35:59","date_gmt":"2025-02-20T22:35:59","guid":{"rendered":"http:\/\/olemosaic.com\/producto\/iman-de-metal-delfin-plata-8-cm\/"},"modified":"2025-07-25T20:07:17","modified_gmt":"2025-07-25T18:07:17","slug":"aimant-en-metal-dauphin-argent-8-cm","status":"publish","type":"product","link":"https:\/\/olemosaic.com\/fr\/produit\/aimant-en-metal-dauphin-argent-8-cm\/","title":{"rendered":"Aimant en m\u00e9tal. Dauphin. Argent. 8 cm."},"content":{"rendered":"<p>Aimant m\u00e9tallique au design color\u00e9 avec des dauphins. Cet aimant attrayant, de 8 cm de hauteur, est une magnifique repr\u00e9sentation du monde marin, capturant l&rsquo;\u00e9nergie et la joie des dauphins sautant sur les vagues. L&rsquo;illustration pr\u00e9sente une mosa\u00efque vibrante dans des tons bleus, jaunes, rouges et verts, cr\u00e9ant une \u0153uvre visuelle qui rappelle les techniques artistiques traditionnelles de la r\u00e9gion m\u00e9diterran\u00e9enne. Les dauphins, en mouvement dynamique, \u00e9voquent l&rsquo;essence du littoral espagnol, riche en vie marine et en paysages captivants.<\/p>\n<p>Le fond, con\u00e7u pour simuler la mer, ajoute de la profondeur \u00e0 la pi\u00e8ce et sugg\u00e8re la fra\u00eecheur et le mouvement de l&rsquo;oc\u00e9an. Cet aimant n&rsquo;est pas seulement un article d\u00e9coratif, mais aussi un souvenir authentique qui c\u00e9l\u00e8bre la connexion culturelle avec la M\u00e9diterran\u00e9e, populaire parmi les touristes \u00e0 la recherche de souvenirs repr\u00e9sentant la beaut\u00e9 et la vie marine de la c\u00f4te espagnole. Chez Ol\u00e9 Mosaic, nous comprenons l&rsquo;importance de proposer des souvenirs de haute qualit\u00e9, et cet aimant m\u00e9tallique est une excellente option pour les boutiques de cadeaux touristiques qui souhaitent pr\u00e9senter une pi\u00e8ce originale, attrayante et significative. En tant que grossiste de souvenirs, nous garantissons l&rsquo;authenticit\u00e9 et la valeur culturelle de chacun de nos produits.<\/p>\n","protected":false},"excerpt":{"rendered":"<p>Aimant m\u00e9tallique avec un design color\u00e9 de dauphins, de 8 cm de hauteur. Cet aimant attrayant pr\u00e9sente une mosa\u00efque vibrante avec des dauphins sautant sur les vagues, dans des tons bleus, jaunes, rouges et verts, sur un fond simulant la mer. Sa technique de design rappelle les \u0153uvres d&rsquo;art en mosa\u00efque traditionnelles, capturant l&rsquo;essence de la M\u00e9diterran\u00e9e et faisant de ce souvenir une pi\u00e8ce unique pour se souvenir de votre visite sur le littoral espagnol.<\/p>\n","protected":false},"featured_media":12815,"template":"","meta":{"_acf_changed":false},"product_brand":[],"product_cat":[697],"product_tag":[530],"class_list":{"0":"post-34236","1":"product","2":"type-product","3":"status-publish","4":"has-post-thumbnail","6":"product_cat-aimants","7":"product_tag-animaux","8":"pa_motivo-dauphins","10":"first","11":"instock","12":"shipping-taxable","13":"product-type-simple"},"acf":[],"_links":{"self":[{"href":"https:\/\/olemosaic.com\/fr\/wp-json\/wp\/v2\/product\/34236","targetHints":{"allow":["GET"]}}],"collection":[{"href":"https:\/\/olemosaic.com\/fr\/wp-json\/wp\/v2\/product"}],"about":[{"href":"https:\/\/olemosaic.com\/fr\/wp-json\/wp\/v2\/types\/product"}],"wp:featuredmedia":[{"embeddable":true,"href":"https:\/\/olemosaic.com\/fr\/wp-json\/wp\/v2\/media\/12815"}],"wp:attachment":[{"href":"https:\/\/olemosaic.com\/fr\/wp-json\/wp\/v2\/media?parent=34236"}],"wp:term":[{"taxonomy":"product_brand","embeddable":true,"href":"https:\/\/olemosaic.com\/fr\/wp-json\/wp\/v2\/product_brand?post=34236"},{"taxonomy":"product_cat","embeddable":true,"href":"https:\/\/olemosaic.com\/fr\/wp-json\/wp\/v2\/product_cat?post=34236"},{"taxonomy":"product_tag","embeddable":true,"href":"https:\/\/olemosaic.com\/fr\/wp-json\/wp\/v2\/product_tag?post=34236"}],"curies":[{"name":"wp","href":"https:\/\/api.w.org\/{rel}","templated":true}]}}