{"id":34235,"date":"2025-02-20T23:35:58","date_gmt":"2025-02-20T22:35:58","guid":{"rendered":"http:\/\/olemosaic.com\/producto\/iman-de-madera-panoramica-madrid\/"},"modified":"2025-07-25T20:26:39","modified_gmt":"2025-07-25T18:26:39","slug":"aimant-en-bois-panoramique-madrid","status":"publish","type":"product","link":"https:\/\/olemosaic.com\/fr\/produit\/aimant-en-bois-panoramique-madrid\/","title":{"rendered":"Aimant en bois. Panoramique. Madrid."},"content":{"rendered":"<p>Aimant en bois panoramique de Madrid, une pi\u00e8ce color\u00e9e et vibrante id\u00e9ale pour capturer l&rsquo;essence de la capitale espagnole. Cet aimant attrayant pr\u00e9sente une illustration d\u00e9taill\u00e9e qui rassemble certains des monuments les plus embl\u00e9matiques de Madrid, tels que la majestueuse Puerta de Alcal\u00e1, l&rsquo;iconique Plaza Mayor et le c\u00e9l\u00e8bre ours et l&rsquo;arbousier, tous stylis\u00e9s dans un design peint \u00e0 la main qui ressort avec des couleurs \u00e9clatantes. La finition en bois ajoute une touche de chaleur et d&rsquo;authenticit\u00e9, faisant de cet aimant un souvenir parfait qui, en plus de d\u00e9corer, \u00e9voque des souvenirs inoubliables des rues de Madrid.<\/p>\n<p>La repr\u00e9sentation de ces monuments offre non seulement un panorama architectural, mais refl\u00e8te \u00e9galement la riche histoire et culture de la ville. Chaque fois que vous verrez cet aimant, vous vous souviendrez de la vie madril\u00e8ne vibrante, de l&rsquo;agitation de ses places et de la majest\u00e9 de ses b\u00e2timents. Ce souvenir est une excellente option pour les touristes qui souhaitent emporter un petit morceau de Madrid et se distingue comme un cadeau id\u00e9al pour les amis et la famille. Chez Ol\u00e9 Mosaic, nous sommes distributeurs de souvenirs en gros, proposant cet aimant et d&rsquo;autres articles repr\u00e9sentatifs des villes espagnoles. Cet aimant de Madrid n&rsquo;est pas seulement un souvenir color\u00e9 et d\u00e9coratif, mais aussi une expression du patrimoine culturel qui m\u00e9rite une place sp\u00e9ciale dans chaque foyer.<\/p>\n","protected":false},"excerpt":{"rendered":"<p>Aimant en bois avec une vue panoramique attrayante de Madrid repr\u00e9sentant certains de ses monuments les plus embl\u00e9matiques. Cet aimant color\u00e9 pr\u00e9sente des d\u00e9tails illustratifs tels que la Puerta de Alcal\u00e1, la Plaza Mayor et le c\u00e9l\u00e8bre ours et l&rsquo;arbousier, le tout dans un design vibrant et artisanal, peint \u00e0 la main. Les couleurs \u00e9clatantes et les textures visuelles font de cet aimant un souvenir id\u00e9al pour se rappeler l&rsquo;essence de la capitale espagnole. Parfait pour d\u00e9corer n&rsquo;importe quel espace.<\/p>\n","protected":false},"featured_media":9565,"template":"","meta":{"_acf_changed":false},"product_brand":[],"product_cat":[697],"product_tag":[],"class_list":{"0":"post-34235","1":"product","2":"type-product","3":"status-publish","4":"has-post-thumbnail","6":"product_cat-aimants","7":"pa_ciudad-madrid","8":"pa_motivo-panoramas","9":"pa_pais-espana","11":"first","12":"instock","13":"shipping-taxable","14":"product-type-simple"},"acf":[],"_links":{"self":[{"href":"https:\/\/olemosaic.com\/fr\/wp-json\/wp\/v2\/product\/34235","targetHints":{"allow":["GET"]}}],"collection":[{"href":"https:\/\/olemosaic.com\/fr\/wp-json\/wp\/v2\/product"}],"about":[{"href":"https:\/\/olemosaic.com\/fr\/wp-json\/wp\/v2\/types\/product"}],"wp:featuredmedia":[{"embeddable":true,"href":"https:\/\/olemosaic.com\/fr\/wp-json\/wp\/v2\/media\/9565"}],"wp:attachment":[{"href":"https:\/\/olemosaic.com\/fr\/wp-json\/wp\/v2\/media?parent=34235"}],"wp:term":[{"taxonomy":"product_brand","embeddable":true,"href":"https:\/\/olemosaic.com\/fr\/wp-json\/wp\/v2\/product_brand?post=34235"},{"taxonomy":"product_cat","embeddable":true,"href":"https:\/\/olemosaic.com\/fr\/wp-json\/wp\/v2\/product_cat?post=34235"},{"taxonomy":"product_tag","embeddable":true,"href":"https:\/\/olemosaic.com\/fr\/wp-json\/wp\/v2\/product_tag?post=34235"}],"curies":[{"name":"wp","href":"https:\/\/api.w.org\/{rel}","templated":true}]}}