{"id":34234,"date":"2025-02-20T23:35:58","date_gmt":"2025-02-20T22:35:58","guid":{"rendered":"http:\/\/olemosaic.com\/producto\/iman-de-madera-panoramica-barcelona-4\/"},"modified":"2025-07-25T20:36:49","modified_gmt":"2025-07-25T18:36:49","slug":"aimant-en-bois-panoramique-barcelone-4","status":"publish","type":"product","link":"https:\/\/olemosaic.com\/fr\/produit\/aimant-en-bois-panoramique-barcelone-4\/","title":{"rendered":"Aimant en bois. Panoramique. Mosa\u00efque. Barcelone."},"content":{"rendered":"<p>Aimant en bois panoramique de Barcelone, une pi\u00e8ce vibrante qui capture l&rsquo;essence artistique et culturelle de cette ville embl\u00e9matique. Cet aimant color\u00e9 met en avant l&rsquo;impressionnante Sagrada Familia et la c\u00e9l\u00e8bre mosa\u00efque de la Casa Batll\u00f3, deux ic\u00f4nes architecturales qui symbolisent le g\u00e9nie d&rsquo;Antoni Gaud\u00ed. Encadr\u00e9s par un design d\u00e9licat de fleurs ornementales, les \u00e9l\u00e9ments se combinent pour cr\u00e9er une sc\u00e8ne dynamique et joyeuse qui \u00e9voque l&rsquo;esprit vibrant de Barcelone. Le mot \u00ab\u00a0Barcelone\u00a0\u00bb, pr\u00e9sent\u00e9 en lettres frappantes et multicolores, ajoute une touche de modernit\u00e9 et d&rsquo;attrait visuel.<\/p>\n<p>Fabriqu\u00e9 en bois de haute qualit\u00e9, cet aimant n&rsquo;est pas seulement un article d\u00e9coratif, mais un collecteur de souvenirs, id\u00e9al pour ceux qui cherchent \u00e0 ramener un morceau de Barcelone \u00e0 la maison. La technique d&rsquo;impression utilis\u00e9e fait ressortir les couleurs vives et les d\u00e9tails artistiques, transformant cet aimant en un souvenir parfait qui c\u00e9l\u00e8bre le riche patrimoine culturel de la ville.<\/p>\n<p>Chez Ol\u00e9 Mosaic, en tant que grossistes de souvenirs, nous proposons des produits authentiques et de haute qualit\u00e9, id\u00e9aux pour les boutiques de cadeaux touristiques souhaitant offrir \u00e0 leurs clients un souvenir repr\u00e9sentatif de Barcelone. Cet aimant en bois panoramique est un excellent choix pour les visiteurs de la ville et, de plus, un rappel de sa riche tradition artistique et culturelle.<\/p>\n","protected":false},"excerpt":{"rendered":"<p>Aimant en bois avec une vue panoramique vibrante de Barcelone qui capture l&rsquo;essence de la ville. Ce design color\u00e9 inclut la c\u00e9l\u00e8bre Sagrada Familia et la mosa\u00efque de la Casa Batll\u00f3, encadr\u00e9es par des fleurs ornementales. Le mot \u00ab\u00a0Barcelone\u00a0\u00bb se d\u00e9tache avec des lettres frappantes qui compl\u00e8tent la sc\u00e8ne. Fabriqu\u00e9 en bois, cet aimant est id\u00e9al pour emporter un souvenir artistique du charme barcelonais partout. Sa technique d&rsquo;impression fait ressortir les couleurs vives et les d\u00e9tails artistiques.<\/p>\n","protected":false},"featured_media":9333,"template":"","meta":{"_acf_changed":false},"product_brand":[],"product_cat":[697],"product_tag":[],"class_list":{"0":"post-34234","1":"product","2":"type-product","3":"status-publish","4":"has-post-thumbnail","6":"product_cat-aimants","7":"pa_ciudad-barcelona","8":"pa_motivo-panoramas","9":"pa_pais-espana","11":"first","12":"instock","13":"shipping-taxable","14":"product-type-simple"},"acf":[],"_links":{"self":[{"href":"https:\/\/olemosaic.com\/fr\/wp-json\/wp\/v2\/product\/34234","targetHints":{"allow":["GET"]}}],"collection":[{"href":"https:\/\/olemosaic.com\/fr\/wp-json\/wp\/v2\/product"}],"about":[{"href":"https:\/\/olemosaic.com\/fr\/wp-json\/wp\/v2\/types\/product"}],"wp:featuredmedia":[{"embeddable":true,"href":"https:\/\/olemosaic.com\/fr\/wp-json\/wp\/v2\/media\/9333"}],"wp:attachment":[{"href":"https:\/\/olemosaic.com\/fr\/wp-json\/wp\/v2\/media?parent=34234"}],"wp:term":[{"taxonomy":"product_brand","embeddable":true,"href":"https:\/\/olemosaic.com\/fr\/wp-json\/wp\/v2\/product_brand?post=34234"},{"taxonomy":"product_cat","embeddable":true,"href":"https:\/\/olemosaic.com\/fr\/wp-json\/wp\/v2\/product_cat?post=34234"},{"taxonomy":"product_tag","embeddable":true,"href":"https:\/\/olemosaic.com\/fr\/wp-json\/wp\/v2\/product_tag?post=34234"}],"curies":[{"name":"wp","href":"https:\/\/api.w.org\/{rel}","templated":true}]}}