{"id":34216,"date":"2025-02-20T23:35:58","date_gmt":"2025-02-20T22:35:58","guid":{"rendered":"http:\/\/olemosaic.com\/producto\/iman-de-madera-toro-rojo\/"},"modified":"2025-07-25T18:57:04","modified_gmt":"2025-07-25T16:57:04","slug":"aimant-en-bois-taureau-rouge","status":"publish","type":"product","link":"https:\/\/olemosaic.com\/fr\/produit\/aimant-en-bois-taureau-rouge\/","title":{"rendered":"Aimant en bois. Taureau. Rouge."},"content":{"rendered":"<p>Aimant en bois en forme de taureau, un symbole embl\u00e9matique de l&rsquo;Espagne qui capture l&rsquo;essence de sa riche culture et de ses traditions. Cet aimant color\u00e9 se distingue par son design vibrant dans des tons rouges, oranges et jaunes, qui simulent une mosa\u00efque, \u00e9voquant les murs des b\u00e2timents historiques espagnols. La figure du taureau, avec un effet peint \u00e0 la main m\u00e9ticuleux, pr\u00e9sente une finition brillante qui souligne ses caract\u00e9ristiques robustes et puissantes. L&rsquo;inclusion du mot \u00ab\u00a0ESPAGNE\u00a0\u00bb en lettres noires ajoute une touche moderne \u00e0 cette repr\u00e9sentation traditionnelle, en faisant un souvenir attrayant et contemporain.<\/p>\n<p>Cet aimant n&rsquo;est pas seulement un accessoire d\u00e9coratif, mais aussi un symbole de l&rsquo;h\u00e9ritage culturel de l&rsquo;Espagne, o\u00f9 le taureau est une figure centrale des festivit\u00e9s et des traditions, comme la c\u00e9l\u00e8bre tauromachie. Un souvenir id\u00e9al pour ceux qui cherchent \u00e0 emporter chez eux un petit morceau de la culture espagnole. Cet aimant est parfait pour les collectionneurs ou comme cadeau pour les amis et la famille. Chez Ol\u00e9 Mosaic, en tant que grossiste de souvenirs authentiques, nous proposons cet aimant taureau et d&rsquo;autres produits qui c\u00e9l\u00e8brent la diversit\u00e9 culturelle de l&rsquo;Espagne, garantissant que chaque boutique de cadeaux touristiques puisse offrir des articles de qualit\u00e9 repr\u00e9sentant notre patrimoine.<\/p>\n","protected":false},"excerpt":{"rendered":"<p>Aimant en bois en forme de taureau, repr\u00e9sentant un symbole embl\u00e9matique de l&rsquo;Espagne. Cet aimant se distingue par son design color\u00e9 dans des tons rouges, oranges et jaunes, simulant une mosa\u00efque vibrante. La figure du taureau, avec une finition au design artisanal peint \u00e0 la main, inclut le mot \u00ab\u00a0ESPAGNE\u00a0\u00bb en lettres noires, alliant tradition et modernit\u00e9. Id\u00e9al pour les collectionneurs et comme souvenir d&rsquo;une visite en terres espagnoles.<\/p>\n","protected":false},"featured_media":9540,"template":"","meta":{"_acf_changed":false},"product_brand":[],"product_cat":[697],"product_tag":[530],"class_list":{"0":"post-34216","1":"product","2":"type-product","3":"status-publish","4":"has-post-thumbnail","6":"product_cat-aimants","7":"product_tag-animaux","8":"pa_motivo-taureaux","10":"first","11":"instock","12":"shipping-taxable","13":"product-type-simple"},"acf":[],"_links":{"self":[{"href":"https:\/\/olemosaic.com\/fr\/wp-json\/wp\/v2\/product\/34216","targetHints":{"allow":["GET"]}}],"collection":[{"href":"https:\/\/olemosaic.com\/fr\/wp-json\/wp\/v2\/product"}],"about":[{"href":"https:\/\/olemosaic.com\/fr\/wp-json\/wp\/v2\/types\/product"}],"wp:featuredmedia":[{"embeddable":true,"href":"https:\/\/olemosaic.com\/fr\/wp-json\/wp\/v2\/media\/9540"}],"wp:attachment":[{"href":"https:\/\/olemosaic.com\/fr\/wp-json\/wp\/v2\/media?parent=34216"}],"wp:term":[{"taxonomy":"product_brand","embeddable":true,"href":"https:\/\/olemosaic.com\/fr\/wp-json\/wp\/v2\/product_brand?post=34216"},{"taxonomy":"product_cat","embeddable":true,"href":"https:\/\/olemosaic.com\/fr\/wp-json\/wp\/v2\/product_cat?post=34216"},{"taxonomy":"product_tag","embeddable":true,"href":"https:\/\/olemosaic.com\/fr\/wp-json\/wp\/v2\/product_tag?post=34216"}],"curies":[{"name":"wp","href":"https:\/\/api.w.org\/{rel}","templated":true}]}}