{"id":34215,"date":"2025-02-20T23:35:58","date_gmt":"2025-02-20T22:35:58","guid":{"rendered":"http:\/\/olemosaic.com\/producto\/iman-de-madera-guitarra-barcelona-3\/"},"modified":"2025-07-25T19:35:04","modified_gmt":"2025-07-25T17:35:04","slug":"aimant-en-bois-guitare-barcelone-3","status":"publish","type":"product","link":"https:\/\/olemosaic.com\/fr\/produit\/aimant-en-bois-guitare-barcelone-3\/","title":{"rendered":"Aimant en bois. Guitare. Barcelone. Espagne."},"content":{"rendered":"<p>Aimant en bois en forme de guitare, inspir\u00e9 par la culture musicale vibrante de Barcelone. Ce souvenir attrayant combine art et tradition. Son design color\u00e9 \u00e9voque le style embl\u00e9matique trencad\u00eds de Gaud\u00ed, avec des teintes vives de bleu, rouge, jaune et noir qui ornent sa surface, capturant l&rsquo;essence cr\u00e9ative de la ville. Sur le manche, le mot \u00ab\u00a0Barcelone\u00a0\u00bb se distingue, une touche distinctive et m\u00e9morable qui en fait le cadeau id\u00e9al pour ceux qui souhaitent emporter un morceau de cette ville fascinante chez eux.<\/p>\n<p>Cet aimant en forme de guitare est un excellent exemple de l&rsquo;h\u00e9ritage culturel barcelonais, o\u00f9 la musique et l&rsquo;art s&rsquo;entrelacent \u00e0 chaque coin de rue. Sa forme unique et les d\u00e9tails artistiques refl\u00e8tent la passion pour l&rsquo;art et le folklore local, en faisant un souvenir repr\u00e9sentatif de la riche diversit\u00e9 de la r\u00e9gion. Parfait pour d\u00e9corer n&rsquo;importe quelle surface m\u00e9tallique, cet aimant n&rsquo;est pas seulement fonctionnel, mais aussi une pi\u00e8ce d\u00e9corative qui rehausse n&rsquo;importe quel espace.<\/p>\n<p>Chez Ol\u00e9 Mosaic, nous sommes connus pour notre s\u00e9lection de souvenirs authentiques, et cet aimant guitare est une illustration parfaite de notre offre. En tant que distributeurs de souvenirs en gros, nous garantissons la qualit\u00e9 et la pertinence culturelle de chaque pi\u00e8ce, id\u00e9ale pour les boutiques de cadeaux touristiques qui cherchent des produits uniques et significatifs. Avec son design attrayant, cet aimant de Barcelone sera un succ\u00e8s aupr\u00e8s des touristes souhaitant se souvenir de leur visite.<\/p>\n","protected":false},"excerpt":{"rendered":"<p>Aimant en bois en forme de guitare, inspir\u00e9 par la culture musicale vibrante de Barcelone. Cet aimant pr\u00e9sente un design color\u00e9, avec des \u00e9l\u00e9ments de trencad\u00eds \u00e9voquant le c\u00e9l\u00e8bre style de Gaud\u00ed, dans des tons bleus, rouges, jaunes et noirs. Sur le manche, le mot \u00ab\u00a0Barcelone\u00a0\u00bb se distingue, ajoutant une touche distinctive. Il est parfait pour emporter un morceau d&rsquo;art et de musique de la ville chez soi, alliant fonctionnalit\u00e9 et d\u00e9coration artistique.<\/p>\n","protected":false},"featured_media":9546,"template":"","meta":{"_acf_changed":false},"product_brand":[],"product_cat":[697],"product_tag":[],"class_list":{"0":"post-34215","1":"product","2":"type-product","3":"status-publish","4":"has-post-thumbnail","6":"product_cat-aimants","7":"pa_ciudad-barcelona","8":"pa_motivo-guitares","9":"pa_pais-espana","11":"first","12":"instock","13":"shipping-taxable","14":"product-type-simple"},"acf":[],"_links":{"self":[{"href":"https:\/\/olemosaic.com\/fr\/wp-json\/wp\/v2\/product\/34215","targetHints":{"allow":["GET"]}}],"collection":[{"href":"https:\/\/olemosaic.com\/fr\/wp-json\/wp\/v2\/product"}],"about":[{"href":"https:\/\/olemosaic.com\/fr\/wp-json\/wp\/v2\/types\/product"}],"wp:featuredmedia":[{"embeddable":true,"href":"https:\/\/olemosaic.com\/fr\/wp-json\/wp\/v2\/media\/9546"}],"wp:attachment":[{"href":"https:\/\/olemosaic.com\/fr\/wp-json\/wp\/v2\/media?parent=34215"}],"wp:term":[{"taxonomy":"product_brand","embeddable":true,"href":"https:\/\/olemosaic.com\/fr\/wp-json\/wp\/v2\/product_brand?post=34215"},{"taxonomy":"product_cat","embeddable":true,"href":"https:\/\/olemosaic.com\/fr\/wp-json\/wp\/v2\/product_cat?post=34215"},{"taxonomy":"product_tag","embeddable":true,"href":"https:\/\/olemosaic.com\/fr\/wp-json\/wp\/v2\/product_tag?post=34215"}],"curies":[{"name":"wp","href":"https:\/\/api.w.org\/{rel}","templated":true}]}}