{"id":34213,"date":"2025-02-20T22:35:57","date_gmt":"2025-02-20T22:35:57","guid":{"rendered":"http:\/\/olemosaic.com\/producto\/iman-de-madera-guitarra-barcelona\/"},"modified":"2025-07-25T18:46:40","modified_gmt":"2025-07-25T16:46:40","slug":"aimant-en-bois-guitare-barcelone","status":"publish","type":"product","link":"https:\/\/olemosaic.com\/fr\/produit\/aimant-en-bois-guitare-barcelone\/","title":{"rendered":"Aimant en bois. Guitare. Barcelone."},"content":{"rendered":"<p>Aimant en bois en forme de guitare de Barcelone, une belle repr\u00e9sentation de l&rsquo;art vibrant et de la riche culture musicale de cette ville embl\u00e9matique. Cet aimant, fabriqu\u00e9 en bois de haute qualit\u00e9, pr\u00e9sente un design color\u00e9 qui capture l&rsquo;essence du modernisme catalan, \u00e9voquant le style incomparable de Gaud\u00ed. Sa base blanche est d\u00e9cor\u00e9e de mosa\u00efques dans des tons verts, bleus et rouges, qui apportent un air frais et joyeux. L&rsquo;illustration de la guitare refl\u00e8te non seulement le talent musical de Barcelone, mais aussi sa passion pour l&rsquo;art, faisant de ce souvenir une pi\u00e8ce id\u00e9ale pour tout amateur de musique et de culture.<\/p>\n<p>Le mot \u00ab\u00a0Barcelone\u00a0\u00bb se d\u00e9tache en lettres frappantes sur le manche, renfor\u00e7ant la connexion avec cette ville iconique. Cet aimant n&rsquo;est pas seulement un objet d\u00e9coratif ; c&rsquo;est un excellent rappel de la vie culturelle vibrante de Barcelone et de son h\u00e9ritage artistique. Chez Ol\u00e9 Mosaic, experts en distribution de souvenirs en gros, cet aimant guitare est parfait pour les boutiques de cadeaux touristiques qui cherchent un produit authentique et attrayant. Id\u00e9al pour les touristes qui souhaitent emporter un morceau de Barcelone chez eux, cet aimant s&rsquo;\u00e9rige comme un souvenir repr\u00e9sentatif et authentique de l&rsquo;esprit cr\u00e9atif de la ville.<\/p>\n","protected":false},"excerpt":{"rendered":"<p>Aimant en bois en forme de guitare, inspir\u00e9 par l&rsquo;art vibrant de Barcelone. Cet aimant pr\u00e9sente un design color\u00e9 avec une base blanche d\u00e9cor\u00e9e de mosa\u00efques dans des tons verts, bleus et rouges, \u00e9voquant le style de Gaud\u00ed. La guitare est orn\u00e9e du mot \u00ab\u00a0Barcelone\u00a0\u00bb en lettres frappantes. Id\u00e9al pour donner une touche artistique \u00e0 n&rsquo;importe quelle surface, ce souvenir est un hommage \u00e0 la riche culture musicale de la ville.<\/p>\n","protected":false},"featured_media":9545,"template":"","meta":{"_acf_changed":false},"product_brand":[],"product_cat":[697],"product_tag":[],"class_list":{"0":"post-34213","1":"product","2":"type-product","3":"status-publish","4":"has-post-thumbnail","6":"product_cat-aimants","7":"pa_ciudad-barcelona","8":"pa_motivo-guitares","9":"pa_pais-espana","11":"first","12":"instock","13":"shipping-taxable","14":"product-type-simple"},"acf":[],"_links":{"self":[{"href":"https:\/\/olemosaic.com\/fr\/wp-json\/wp\/v2\/product\/34213","targetHints":{"allow":["GET"]}}],"collection":[{"href":"https:\/\/olemosaic.com\/fr\/wp-json\/wp\/v2\/product"}],"about":[{"href":"https:\/\/olemosaic.com\/fr\/wp-json\/wp\/v2\/types\/product"}],"wp:featuredmedia":[{"embeddable":true,"href":"https:\/\/olemosaic.com\/fr\/wp-json\/wp\/v2\/media\/9545"}],"wp:attachment":[{"href":"https:\/\/olemosaic.com\/fr\/wp-json\/wp\/v2\/media?parent=34213"}],"wp:term":[{"taxonomy":"product_brand","embeddable":true,"href":"https:\/\/olemosaic.com\/fr\/wp-json\/wp\/v2\/product_brand?post=34213"},{"taxonomy":"product_cat","embeddable":true,"href":"https:\/\/olemosaic.com\/fr\/wp-json\/wp\/v2\/product_cat?post=34213"},{"taxonomy":"product_tag","embeddable":true,"href":"https:\/\/olemosaic.com\/fr\/wp-json\/wp\/v2\/product_tag?post=34213"}],"curies":[{"name":"wp","href":"https:\/\/api.w.org\/{rel}","templated":true}]}}