{"id":34212,"date":"2025-02-20T23:35:57","date_gmt":"2025-02-20T22:35:57","guid":{"rendered":"http:\/\/olemosaic.com\/producto\/iman-de-madera-salamandra-y-flores-barcelona\/"},"modified":"2025-07-25T19:52:28","modified_gmt":"2025-07-25T17:52:28","slug":"aimant-en-bois-salamandre-et-fleurs-barcelone","status":"publish","type":"product","link":"https:\/\/olemosaic.com\/fr\/produit\/aimant-en-bois-salamandre-et-fleurs-barcelone\/","title":{"rendered":"Aimant en bois. Salamandre et fleurs. Barcelone."},"content":{"rendered":"<p>Aimant en bois d\u00e9cor\u00e9 de salamandres et de fleurs vibrantes, inspir\u00e9 par les couleurs de Barcelone. Cet charmant aimant en bois se distingue par son design peint \u00e0 la main, o\u00f9 les salamandres, avec leur palette de couleurs \u00e9clatantes, semblent prendre vie. Les pi\u00e8ces sont orn\u00e9es d&rsquo;une mosa\u00efque qui \u00e9voque la c\u00e9l\u00e8bre \u0153uvre d&rsquo;Antoni Gaud\u00ed, capturant l&rsquo;essence artistique de la ville. Entour\u00e9e d&rsquo;un cadre de fleurs multicolores, la d\u00e9coration de cet aimant \u00e9voque la flore vibrante qui orne les rues de Barcelone, en faisant un souvenir unique et symbolique. Le mot \u00ab\u00a0Barcelone\u00a0\u00bb, \u00e9crit avec une typographie joyeuse, compl\u00e8te le design, renfor\u00e7ant sa connexion avec la m\u00e9tropole catalane. Cet aimant n&rsquo;est pas seulement un excellent souvenir, mais il repr\u00e9sente un fragment de la culture et de l&rsquo;art de Barcelone, id\u00e9al pour ceux qui cherchent \u00e0 emporter chez eux un morceau de la magie de la ville. Chez Ol\u00e9 Mosaic, en tant que distributeurs de souvenirs en gros, nous proposons cet aimant salamandre comme une option parfaite pour les boutiques de cadeaux touristiques qui appr\u00e9cient l&rsquo;authenticit\u00e9 et la valeur culturelle de leurs produits. Les souvenirs de Barcelone n&rsquo;ont jamais \u00e9t\u00e9 aussi vibrants et significatifs.<\/p>\n","protected":false},"excerpt":{"rendered":"<p>Aimant en bois d\u00e9cor\u00e9 de salamandres et de fleurs vibrantes, inspir\u00e9 par les couleurs de Barcelone. Cet charmant aimant pr\u00e9sente un design artisanal, peint \u00e0 la main, qui met en valeur les tons vifs des salamandres, orn\u00e9es de mosa\u00efques, et encadr\u00e9 par un ensemble de fleurs multicolores. Avec le mot \u00ab\u00a0Barcelone\u00a0\u00bb dans une typographie joyeuse, c&rsquo;est le souvenir parfait pour capturer l&rsquo;essence artistique et culturelle de la ville. Id\u00e9al pour les amoureux de la d\u00e9coration et des souvenirs uniques.<\/p>\n","protected":false},"featured_media":9334,"template":"","meta":{"_acf_changed":false},"product_brand":[],"product_cat":[697],"product_tag":[530],"class_list":{"0":"post-34212","1":"product","2":"type-product","3":"status-publish","4":"has-post-thumbnail","6":"product_cat-aimants","7":"product_tag-animaux","8":"pa_ciudad-barcelona","9":"pa_motivo-salamandres","10":"pa_pais-espana","12":"first","13":"instock","14":"shipping-taxable","15":"product-type-simple"},"acf":[],"_links":{"self":[{"href":"https:\/\/olemosaic.com\/fr\/wp-json\/wp\/v2\/product\/34212","targetHints":{"allow":["GET"]}}],"collection":[{"href":"https:\/\/olemosaic.com\/fr\/wp-json\/wp\/v2\/product"}],"about":[{"href":"https:\/\/olemosaic.com\/fr\/wp-json\/wp\/v2\/types\/product"}],"wp:featuredmedia":[{"embeddable":true,"href":"https:\/\/olemosaic.com\/fr\/wp-json\/wp\/v2\/media\/9334"}],"wp:attachment":[{"href":"https:\/\/olemosaic.com\/fr\/wp-json\/wp\/v2\/media?parent=34212"}],"wp:term":[{"taxonomy":"product_brand","embeddable":true,"href":"https:\/\/olemosaic.com\/fr\/wp-json\/wp\/v2\/product_brand?post=34212"},{"taxonomy":"product_cat","embeddable":true,"href":"https:\/\/olemosaic.com\/fr\/wp-json\/wp\/v2\/product_cat?post=34212"},{"taxonomy":"product_tag","embeddable":true,"href":"https:\/\/olemosaic.com\/fr\/wp-json\/wp\/v2\/product_tag?post=34212"}],"curies":[{"name":"wp","href":"https:\/\/api.w.org\/{rel}","templated":true}]}}