{"id":34209,"date":"2025-02-20T22:35:56","date_gmt":"2025-02-20T22:35:56","guid":{"rendered":"http:\/\/olemosaic.com\/producto\/iman-de-madera-salamandra-naranja\/"},"modified":"2025-07-25T18:59:58","modified_gmt":"2025-07-25T16:59:58","slug":"aimant-en-bois-salamandre-orange","status":"publish","type":"product","link":"https:\/\/olemosaic.com\/fr\/produit\/aimant-en-bois-salamandre-orange\/","title":{"rendered":"Aimant en bois. Salamandre. Orange."},"content":{"rendered":"<p>Aimant en bois avec un design de salamandre. Cet aimant vibrant capture l&rsquo;essence de la faune espagnole, se distinguant par sa mosa\u00efque color\u00e9e dans les tons orange, rouge, vert et jaune, qui imite les motifs distinctifs d&rsquo;une salamandre. Fabriqu\u00e9 en bois de haute qualit\u00e9, cet aimant n&rsquo;est pas seulement un accessoire pratique pour le r\u00e9frig\u00e9rateur, mais apporte \u00e9galement une touche artistique et amusante \u00e0 n&rsquo;importe quel environnement. La fusion de l&rsquo;artisanat traditionnel et d&rsquo;un design contemporain fait de cet aimant un souvenir exceptionnel, id\u00e9al pour ceux qui recherchent un souvenir unique de leurs visites en terres espagnoles.<\/p>\n<p>La salamandre est un symbole des \u00e9cosyst\u00e8mes espagnols, souvent associ\u00e9e \u00e0 la culture populaire et \u00e0 la mythologie li\u00e9e au feu et \u00e0 la transformation. Cet aimant ne repr\u00e9sente pas seulement la biodiversit\u00e9 de la r\u00e9gion, mais refl\u00e8te \u00e9galement l&rsquo;esprit vibrant et artistique du pays, devenant un excellent souvenir repr\u00e9sentatif. Chez Ol\u00e9 Mosaic, nous nous sp\u00e9cialisons dans la distribution en gros de souvenirs de qualit\u00e9, et cet aimant de salamandre est une pi\u00e8ce qui attirera sans aucun doute l&rsquo;attention des touristes et des collectionneurs. En tant que grossistes d&rsquo;aimants, nous garantissons l&rsquo;authenticit\u00e9 et l&rsquo;attrait de chaque produit pour les boutiques de cadeaux touristiques qui souhaitent proposer des articles uniques et pertinents.<\/p>\n","protected":false},"excerpt":{"rendered":"<p>Aimant en bois avec un design de salamandre, un animal repr\u00e9sentatif de la faune espagnole. Cet aimant color\u00e9 pr\u00e9sente une mosa\u00efque vibrante dans les tons orange, rouge, vert et jaune, imitant les motifs de la salamandre. La pi\u00e8ce, fabriqu\u00e9e en bois, ajoute une touche artistique et amusante \u00e0 n&rsquo;importe quel r\u00e9frig\u00e9rateur, combinant l&rsquo;artisanat traditionnel avec un design contemporain. Id\u00e9al pour ceux qui recherchent un souvenir unique de l&rsquo;Espagne.<\/p>\n","protected":false},"featured_media":9547,"template":"","meta":{"_acf_changed":false},"product_brand":[],"product_cat":[697],"product_tag":[530],"class_list":{"0":"post-34209","1":"product","2":"type-product","3":"status-publish","4":"has-post-thumbnail","6":"product_cat-aimants","7":"product_tag-animaux","8":"pa_motivo-salamandres","10":"first","11":"instock","12":"shipping-taxable","13":"product-type-simple"},"acf":[],"_links":{"self":[{"href":"https:\/\/olemosaic.com\/fr\/wp-json\/wp\/v2\/product\/34209","targetHints":{"allow":["GET"]}}],"collection":[{"href":"https:\/\/olemosaic.com\/fr\/wp-json\/wp\/v2\/product"}],"about":[{"href":"https:\/\/olemosaic.com\/fr\/wp-json\/wp\/v2\/types\/product"}],"wp:featuredmedia":[{"embeddable":true,"href":"https:\/\/olemosaic.com\/fr\/wp-json\/wp\/v2\/media\/9547"}],"wp:attachment":[{"href":"https:\/\/olemosaic.com\/fr\/wp-json\/wp\/v2\/media?parent=34209"}],"wp:term":[{"taxonomy":"product_brand","embeddable":true,"href":"https:\/\/olemosaic.com\/fr\/wp-json\/wp\/v2\/product_brand?post=34209"},{"taxonomy":"product_cat","embeddable":true,"href":"https:\/\/olemosaic.com\/fr\/wp-json\/wp\/v2\/product_cat?post=34209"},{"taxonomy":"product_tag","embeddable":true,"href":"https:\/\/olemosaic.com\/fr\/wp-json\/wp\/v2\/product_tag?post=34209"}],"curies":[{"name":"wp","href":"https:\/\/api.w.org\/{rel}","templated":true}]}}