{"id":34207,"date":"2025-02-20T23:35:56","date_gmt":"2025-02-20T22:35:56","guid":{"rendered":"http:\/\/olemosaic.com\/producto\/iman-de-ceramica-madrid-blanco-2\/"},"modified":"2025-07-25T19:02:13","modified_gmt":"2025-07-25T17:02:13","slug":"aimant-en-ceramique-madrid-blanc-2","status":"publish","type":"product","link":"https:\/\/olemosaic.com\/fr\/produit\/aimant-en-ceramique-madrid-blanc-2\/","title":{"rendered":"Aimant en c\u00e9ramique. Cuill\u00e8re. Madrid. Blanc."},"content":{"rendered":"<p>Aimant en c\u00e9ramique en forme de cuill\u00e8re, d\u00e9cor\u00e9 d&rsquo;une illustration vibrante de l&#8217;embl\u00e9matique Puerta del Sol, le c\u0153ur battant de Madrid. Cet aimant attrayant se distingue par son design dans les tons blancs, divin\u00e9ment combin\u00e9s avec des couleurs intenses, peint \u00e0 la main avec une pr\u00e9cision extraordinaire. La repr\u00e9sentation inclut la c\u00e9l\u00e8bre statue de l&rsquo;Ours et de l&rsquo;Arbousier, symbole iconique de la capitale espagnole, qui se dresse fi\u00e8rement au centre de la place. De plus, le nom \u00e9l\u00e9gant \u00ab\u00a0Madrid\u00a0\u00bb est int\u00e9gr\u00e9 artistiquement dans le design, cr\u00e9ant un souvenir qui capture l&rsquo;essence culturelle de la ville.<\/p>\n<p>La forme de cuill\u00e8re de l&rsquo;aimant lui conf\u00e8re un caract\u00e8re original et amusant, en faisant un excellent cadeau ou souvenir que les touristes voudront ramener chez eux. Sa finition en c\u00e9ramique lui assure non seulement une durabilit\u00e9, mais souligne \u00e9galement la qualit\u00e9 artisanale de chaque pi\u00e8ce. Cet aimant est plus qu&rsquo;un objet d\u00e9coratif ; c&rsquo;est un symbole du riche h\u00e9ritage culturel de Madrid, parfait pour ceux qui souhaitent se souvenir de leur visite dans cette destination vibrante.<\/p>\n<p>Chez Ol\u00e9 Mosaic, nous vous proposons ce charmant aimant dans le cadre de notre large vari\u00e9t\u00e9 de souvenirs authentiques. Id\u00e9al pour les boutiques de cadeaux touristiques \u00e0 la recherche de produits distinctifs et repr\u00e9sentatifs de l&rsquo;identit\u00e9 madril\u00e8ne, cet aimant en c\u00e9ramique est sans aucun doute une option imbattable et tr\u00e8s attrayante pour les acheteurs \u00e0 la recherche de souvenirs de Madrid.<\/p>\n","protected":false},"excerpt":{"rendered":"<p>Aimant en c\u00e9ramique en forme de cuill\u00e8re, d\u00e9cor\u00e9 d&rsquo;une illustration de l&#8217;embl\u00e9matique Puerta del Sol de Madrid. Cet aimant attrayant, dans les tons blancs et couleurs vibrantes, se distingue par ses d\u00e9tails peints \u00e0 la main, qui capturent l&rsquo;essence de la place, incluant la c\u00e9l\u00e8bre statue de l&rsquo;Ours et de l&rsquo;Arbousier. De plus, il int\u00e8gre le nom \u00ab\u00a0Madrid\u00a0\u00bb avec un design \u00e9l\u00e9gant, ce qui en fait un souvenir parfait de la capitale espagnole.<\/p>\n","protected":false},"featured_media":9962,"template":"","meta":{"_acf_changed":false},"product_brand":[],"product_cat":[697],"product_tag":[585],"class_list":{"0":"post-34207","1":"product","2":"type-product","3":"status-publish","4":"has-post-thumbnail","6":"product_cat-aimants","7":"product_tag-ceramique","8":"pa_ciudad-madrid","9":"pa_pais-espana","11":"first","12":"instock","13":"shipping-taxable","14":"product-type-simple"},"acf":[],"_links":{"self":[{"href":"https:\/\/olemosaic.com\/fr\/wp-json\/wp\/v2\/product\/34207","targetHints":{"allow":["GET"]}}],"collection":[{"href":"https:\/\/olemosaic.com\/fr\/wp-json\/wp\/v2\/product"}],"about":[{"href":"https:\/\/olemosaic.com\/fr\/wp-json\/wp\/v2\/types\/product"}],"wp:featuredmedia":[{"embeddable":true,"href":"https:\/\/olemosaic.com\/fr\/wp-json\/wp\/v2\/media\/9962"}],"wp:attachment":[{"href":"https:\/\/olemosaic.com\/fr\/wp-json\/wp\/v2\/media?parent=34207"}],"wp:term":[{"taxonomy":"product_brand","embeddable":true,"href":"https:\/\/olemosaic.com\/fr\/wp-json\/wp\/v2\/product_brand?post=34207"},{"taxonomy":"product_cat","embeddable":true,"href":"https:\/\/olemosaic.com\/fr\/wp-json\/wp\/v2\/product_cat?post=34207"},{"taxonomy":"product_tag","embeddable":true,"href":"https:\/\/olemosaic.com\/fr\/wp-json\/wp\/v2\/product_tag?post=34207"}],"curies":[{"name":"wp","href":"https:\/\/api.w.org\/{rel}","templated":true}]}}