{"id":34186,"date":"2025-02-20T23:35:56","date_gmt":"2025-02-20T22:35:56","guid":{"rendered":"http:\/\/olemosaic.com\/producto\/iman-de-ceramica-salamandra-y-flores-mallorca-blanco-2\/"},"modified":"2025-07-25T19:55:50","modified_gmt":"2025-07-25T17:55:50","slug":"aimant-en-ceramique-salamandre-et-fleurs-majorque-blanc-2","status":"publish","type":"product","link":"https:\/\/olemosaic.com\/fr\/produit\/aimant-en-ceramique-salamandre-et-fleurs-majorque-blanc-2\/","title":{"rendered":"Aimant en c\u00e9ramique. Salamandre et fleurs. \u00cele. Majorque. Blanc."},"content":{"rendered":"<p>Aimant en c\u00e9ramique en forme de cuill\u00e8re d\u00e9cor\u00e9 d&rsquo;une salamandre vibrante et de fleurs color\u00e9es, capturant l&rsquo;essence de Majorque. Cet aimant attrayant, fabriqu\u00e9 en c\u00e9ramique blanche, se distingue non seulement par ses couleurs vives, mais aussi par son design inspir\u00e9 des mosa\u00efques traditionnelles majorquines, qui refl\u00e8tent le riche h\u00e9ritage culturel de l&rsquo;\u00eele. La salamandre, symbole de chance et de r\u00e9sistance, est con\u00e7ue avec une palette de couleurs brillantes variant entre les bleus, les rouges et les verts, cr\u00e9ant un effet visuel captivant. Les fleurs qui accompagnent la salamandre enrichissent encore la composition, \u00e9voquant les paysages fleuris qui ornent l&rsquo;\u00eele au printemps.<\/p>\n<p>Dans la partie sup\u00e9rieure de l&rsquo;aimant se trouve l&rsquo;inscription \u00ab\u00a0Mallorca\u00a0\u00bb, qui ajoute une touche personnalis\u00e9e et en fait un souvenir id\u00e9al pour ceux qui souhaitent emporter un petit morceau de la magie de l&rsquo;\u00eele. Parfait pour orner toute surface m\u00e9tallique, ce souvenir est une mani\u00e8re charmante de se souvenir de la beaut\u00e9 et de la culture de Majorque. Chez Ol\u00e9 Mosaic, en tant que grossiste de souvenirs, nous proposons des produits authentiques qui c\u00e9l\u00e8brent la tradition esth\u00e9tique et culturelle de la r\u00e9gion, faisant de cet aimant une option exceptionnelle pour les boutiques de cadeaux touristiques \u00e0 la recherche d&rsquo;articles de qualit\u00e9 et porteurs de sens.<\/p>\n","protected":false},"excerpt":{"rendered":"<p>Aimant en c\u00e9ramique en forme de cuill\u00e8re, d\u00e9cor\u00e9 d&rsquo;une salamandre color\u00e9e et de fleurs, repr\u00e9sentant l&rsquo;essence de Majorque. Fabriqu\u00e9 en c\u00e9ramique blanche, cet aimant se distingue par ses couleurs vibrantes et son design inspir\u00e9 des mosa\u00efques typiques de la r\u00e9gion. L&rsquo;inscription \u00ab Mallorca \u00bb sur la partie sup\u00e9rieure ajoute une touche personnalis\u00e9e. Id\u00e9al pour d\u00e9corer le r\u00e9frig\u00e9rateur, ce souvenir est une fa\u00e7on charmante de se souvenir de la beaut\u00e9 de l&rsquo;\u00eele.<\/p>\n","protected":false},"featured_media":8054,"template":"","meta":{"_acf_changed":false},"product_brand":[],"product_cat":[697],"product_tag":[530,585],"class_list":{"0":"post-34186","1":"product","2":"type-product","3":"status-publish","4":"has-post-thumbnail","6":"product_cat-aimants","7":"product_tag-animaux","8":"product_tag-ceramique","9":"pa_ciudad-mallorca","10":"pa_motivo-salamandres","11":"pa_pais-espana","13":"first","14":"instock","15":"shipping-taxable","16":"product-type-simple"},"acf":[],"_links":{"self":[{"href":"https:\/\/olemosaic.com\/fr\/wp-json\/wp\/v2\/product\/34186","targetHints":{"allow":["GET"]}}],"collection":[{"href":"https:\/\/olemosaic.com\/fr\/wp-json\/wp\/v2\/product"}],"about":[{"href":"https:\/\/olemosaic.com\/fr\/wp-json\/wp\/v2\/types\/product"}],"wp:featuredmedia":[{"embeddable":true,"href":"https:\/\/olemosaic.com\/fr\/wp-json\/wp\/v2\/media\/8054"}],"wp:attachment":[{"href":"https:\/\/olemosaic.com\/fr\/wp-json\/wp\/v2\/media?parent=34186"}],"wp:term":[{"taxonomy":"product_brand","embeddable":true,"href":"https:\/\/olemosaic.com\/fr\/wp-json\/wp\/v2\/product_brand?post=34186"},{"taxonomy":"product_cat","embeddable":true,"href":"https:\/\/olemosaic.com\/fr\/wp-json\/wp\/v2\/product_cat?post=34186"},{"taxonomy":"product_tag","embeddable":true,"href":"https:\/\/olemosaic.com\/fr\/wp-json\/wp\/v2\/product_tag?post=34186"}],"curies":[{"name":"wp","href":"https:\/\/api.w.org\/{rel}","templated":true}]}}