{"id":34183,"date":"2025-02-20T23:35:55","date_gmt":"2025-02-20T22:35:55","guid":{"rendered":"http:\/\/olemosaic.com\/producto\/iman-de-ceramica-patio-sevilla-blanco-4\/"},"modified":"2025-07-25T19:16:37","modified_gmt":"2025-07-25T17:16:37","slug":"aimant-en-ceramique-patio-seville-blanc-4","status":"publish","type":"product","link":"https:\/\/olemosaic.com\/fr\/produit\/aimant-en-ceramique-patio-seville-blanc-4\/","title":{"rendered":"Aimant en c\u00e9ramique. Patio andalou. S\u00e9ville. Blanc."},"content":{"rendered":"<p>Aimant en c\u00e9ramique d\u00e9cor\u00e9 d&rsquo;une sc\u00e8ne typique vibrante de S\u00e9ville, o\u00f9 un couple de danseurs de flamenco prend vie dans un splendide design peint \u00e0 la main. Cet aimant charmant, sur un fond blanc \u00e9l\u00e9gant, se distingue par les couleurs vives rouge et noir qui soulignent l&rsquo;\u00e9nergie et la passion de la danse andalouse. La danseuse, avec une robe spectaculaire \u00e0 volants rouges et d\u00e9tails noirs, tient une ombrelle qui ajoute une touche de sophistication et de chaleur \u00e0 la sc\u00e8ne, tandis que le danseur, v\u00eatu de la tenue traditionnelle flamenca et d&rsquo;un chapeau, compl\u00e8te cette repr\u00e9sentation culturelle par sa pr\u00e9sence imposante.<\/p>\n<p>L&rsquo;aimant inclut le texte \u00ab\u00a0Sevilla\u00a0\u00bb, qui non seulement identifie la ville, mais sert \u00e9galement de souvenir de ses c\u00e9l\u00e8bres festivit\u00e9s et de sa riche culture flamenca. Cette pi\u00e8ce n&rsquo;est pas seulement un objet d\u00e9coratif fonctionnel, mais aussi un symbole du patrimoine culturel andalou, devenant le souvenir id\u00e9al pour ceux qui visitent S\u00e9ville. Chez Ol\u00e9 Mosaic, nous nous sp\u00e9cialisons dans la distribution de souvenirs authentiques, et cet aimant en c\u00e9ramique est une excellente option pour les boutiques de cadeaux touristiques souhaitant proposer des produits repr\u00e9sentatifs et de qualit\u00e9. Offrir ou acqu\u00e9rir cet aimant est une mani\u00e8re parfaite de ramener un petit morceau de S\u00e9ville \u00e0 la maison.<\/p>\n","protected":false},"excerpt":{"rendered":"<p>Aimant en c\u00e9ramique d\u00e9cor\u00e9 d&rsquo;une sc\u00e8ne typique de S\u00e9ville : un couple dansant le flamenco. Cet aimant blanc attrayant se distingue par son design artisanal, peint \u00e0 la main, avec des couleurs rouges et noires vives, qui capturent l&rsquo;\u00e9l\u00e9gance de la danse andalouse. La figure de la danseuse, avec sa robe \u00e0 volants et une ombrelle, aux c\u00f4t\u00e9s du danseur, avec son chapeau et sa tenue \u00e9l\u00e9gante, \u00e9voque l&rsquo;\u00e9nergie des f\u00eates locales. Comprend le texte \u00ab\u00a0Sevilla\u00a0\u00bb, qui ajoute une touche distinctive \u00e0 ce charmant souvenir.<\/p>\n","protected":false},"featured_media":8336,"template":"","meta":{"_acf_changed":false},"product_brand":[],"product_cat":[697],"product_tag":[585],"class_list":{"0":"post-34183","1":"product","2":"type-product","3":"status-publish","4":"has-post-thumbnail","6":"product_cat-aimants","7":"product_tag-ceramique","8":"pa_ciudad-sevilla","9":"pa_motivo-cours-interieures","10":"pa_pais-espana","12":"first","13":"instock","14":"shipping-taxable","15":"product-type-simple"},"acf":[],"_links":{"self":[{"href":"https:\/\/olemosaic.com\/fr\/wp-json\/wp\/v2\/product\/34183","targetHints":{"allow":["GET"]}}],"collection":[{"href":"https:\/\/olemosaic.com\/fr\/wp-json\/wp\/v2\/product"}],"about":[{"href":"https:\/\/olemosaic.com\/fr\/wp-json\/wp\/v2\/types\/product"}],"wp:featuredmedia":[{"embeddable":true,"href":"https:\/\/olemosaic.com\/fr\/wp-json\/wp\/v2\/media\/8336"}],"wp:attachment":[{"href":"https:\/\/olemosaic.com\/fr\/wp-json\/wp\/v2\/media?parent=34183"}],"wp:term":[{"taxonomy":"product_brand","embeddable":true,"href":"https:\/\/olemosaic.com\/fr\/wp-json\/wp\/v2\/product_brand?post=34183"},{"taxonomy":"product_cat","embeddable":true,"href":"https:\/\/olemosaic.com\/fr\/wp-json\/wp\/v2\/product_cat?post=34183"},{"taxonomy":"product_tag","embeddable":true,"href":"https:\/\/olemosaic.com\/fr\/wp-json\/wp\/v2\/product_tag?post=34183"}],"curies":[{"name":"wp","href":"https:\/\/api.w.org\/{rel}","templated":true}]}}