{"id":34176,"date":"2025-02-20T23:35:55","date_gmt":"2025-02-20T22:35:55","guid":{"rendered":"http:\/\/olemosaic.com\/producto\/iman-de-ceramica-toros-sevilla-blanco-2\/"},"modified":"2025-07-25T19:52:40","modified_gmt":"2025-07-25T17:52:40","slug":"aimant-ceramique-taureaux-seville-blanc-2","status":"publish","type":"product","link":"https:\/\/olemosaic.com\/fr\/produit\/aimant-ceramique-taureaux-seville-blanc-2\/","title":{"rendered":"Aimant en c\u00e9ramique. Taureaux. Motifs floraux. S\u00e9ville. Blanc."},"content":{"rendered":"<p>Aimant en c\u00e9ramique de taureaux de S\u00e9ville. Cet adorable aimant se distingue par son design vibrant qui capture l&rsquo;essence du folklore andalou, pr\u00e9sent\u00e9 dans un format blanc attrayant. La pi\u00e8ce montre un petit taureau stylis\u00e9, peint \u00e0 la main avec des couleurs vives qui \u00e9voquent la passion et le dynamisme de la culture s\u00e9villane, accompagn\u00e9 d&rsquo;une joyeuse repr\u00e9sentation de fleurs et d&rsquo;un soleil radieux en arri\u00e8re-plan. L&rsquo;illustration souligne le lien entre la tradition taurine et la beaut\u00e9 naturelle de la r\u00e9gion, en faisant un souvenir repr\u00e9sentatif de S\u00e9ville. Avec le mot \u00ab\u00a0Sevilla\u00a0\u00bb \u00e9l\u00e9gamment estampill\u00e9, cet aimant n&rsquo;est pas seulement un moyen fonctionnel d&rsquo;orner n&rsquo;importe quelle surface m\u00e9tallique, mais aussi un rappel de l&rsquo;art et de l&rsquo;authenticit\u00e9 des souvenirs typiques de la ville. Id\u00e9al pour les touristes cherchant \u00e0 capturer un fragment de la culture andalouse dans leur foyer, cet aimant en c\u00e9ramique est une excellente option pour les boutiques de cadeaux touristiques. Chez Ol\u00e9 Mosaic, nous distribuons des souvenirs en c\u00e9ramique authentiques et color\u00e9s, qui mettent en valeur la richesse patrimoniale de l&rsquo;Espagne, garantissant qualit\u00e9 et design dans chaque produit.<\/p>\n","protected":false},"excerpt":{"rendered":"<p>Aimant en c\u00e9ramique avec un design taurin vibrant, repr\u00e9sentant l&rsquo;essence de S\u00e9ville. Cet aimant blanc attrayant pr\u00e9sente un petit taureau stylis\u00e9 aux couleurs vives, entour\u00e9 de fleurs et d&rsquo;un soleil, le tout avec une finition c\u00e9ramique qui souligne son caract\u00e8re artistique. Avec le mot \u00ab\u00a0Sevilla\u00a0\u00bb estampill\u00e9, c&rsquo;est un souvenir id\u00e9al qui capture la culture et la tradition andalouse, parfait pour orner n&rsquo;importe quelle surface m\u00e9tallique.<\/p>\n","protected":false},"featured_media":8644,"template":"","meta":{"_acf_changed":false},"product_brand":[],"product_cat":[697],"product_tag":[530,585],"class_list":{"0":"post-34176","1":"product","2":"type-product","3":"status-publish","4":"has-post-thumbnail","6":"product_cat-aimants","7":"product_tag-animaux","8":"product_tag-ceramique","9":"pa_ciudad-sevilla","10":"pa_motivo-taureaux","11":"pa_pais-espana","13":"first","14":"instock","15":"shipping-taxable","16":"product-type-simple"},"acf":[],"_links":{"self":[{"href":"https:\/\/olemosaic.com\/fr\/wp-json\/wp\/v2\/product\/34176","targetHints":{"allow":["GET"]}}],"collection":[{"href":"https:\/\/olemosaic.com\/fr\/wp-json\/wp\/v2\/product"}],"about":[{"href":"https:\/\/olemosaic.com\/fr\/wp-json\/wp\/v2\/types\/product"}],"wp:featuredmedia":[{"embeddable":true,"href":"https:\/\/olemosaic.com\/fr\/wp-json\/wp\/v2\/media\/8644"}],"wp:attachment":[{"href":"https:\/\/olemosaic.com\/fr\/wp-json\/wp\/v2\/media?parent=34176"}],"wp:term":[{"taxonomy":"product_brand","embeddable":true,"href":"https:\/\/olemosaic.com\/fr\/wp-json\/wp\/v2\/product_brand?post=34176"},{"taxonomy":"product_cat","embeddable":true,"href":"https:\/\/olemosaic.com\/fr\/wp-json\/wp\/v2\/product_cat?post=34176"},{"taxonomy":"product_tag","embeddable":true,"href":"https:\/\/olemosaic.com\/fr\/wp-json\/wp\/v2\/product_tag?post=34176"}],"curies":[{"name":"wp","href":"https:\/\/api.w.org\/{rel}","templated":true}]}}