{"id":34175,"date":"2025-02-20T23:35:55","date_gmt":"2025-02-20T22:35:55","guid":{"rendered":"http:\/\/olemosaic.com\/producto\/iman-de-ceramica-toros-madrid-blanco-4\/"},"modified":"2025-07-25T19:55:02","modified_gmt":"2025-07-25T17:55:02","slug":"aimant-ceramique-taureaux-madrid-blanc-4","status":"publish","type":"product","link":"https:\/\/olemosaic.com\/fr\/produit\/aimant-ceramique-taureaux-madrid-blanc-4\/","title":{"rendered":"Aimant en c\u00e9ramique. Taureaux. Mosa\u00efque. Madrid. Blanc."},"content":{"rendered":"<p>Aimant en c\u00e9ramique de taureaux de Madrid<\/p>\n<p>Cet aimant en c\u00e9ramique au design vibrant de taureaux est un v\u00e9ritable symbole de la culture madril\u00e8ne. Fabriqu\u00e9 avec une finition brillante qui souligne sa base blanche, il pr\u00e9sente une mosa\u00efque color\u00e9e combinant des tons de bleu, rouge et jaune, capturant l&rsquo;essence de la tauromachie, l&rsquo;une des traditions les plus embl\u00e9matiques d&rsquo;Espagne. L&rsquo;illustration montre un taureau majestueux, entour\u00e9 de fleurs qui apportent une touche de fra\u00eecheur et de vitalit\u00e9 au design, symbolisant \u00e0 la fois la force de l&rsquo;animal et la beaut\u00e9 de la nature qui orne le paysage espagnol. Le nom \u00ab\u00a0MADRID\u00a0\u00bb est \u00e9l\u00e9gamment imprim\u00e9 sur l&rsquo;un des c\u00f4t\u00e9s, ajoutant un signe distinctif qui en fait un souvenir id\u00e9al pour les touristes \u00e0 la recherche d&rsquo;une repr\u00e9sentation authentique de la capitale.<\/p>\n<p>Cet aimant n&rsquo;est pas seulement un souvenir de la visite \u00e0 Madrid, mais aussi une pi\u00e8ce artistique qui unit tradition et modernit\u00e9, id\u00e9ale pour d\u00e9corer les r\u00e9frig\u00e9rateurs et autres espaces. Chez Ol\u00e9 Mosaic, notre engagement est de proposer des produits uniques et de qualit\u00e9, et cet aimant de taureaux est une excellente option pour les boutiques de cadeaux touristiques souhaitant pr\u00e9senter des souvenirs repr\u00e9sentatifs de Madrid. En tant que grossistes en c\u00e9ramique, nous garantissons l&rsquo;authenticit\u00e9 et l&rsquo;attrait de chaque pi\u00e8ce, en faisant un souvenir inestimable qui offre un morceau de la culture espagnole.<\/p>\n","protected":false},"excerpt":{"rendered":"<p>Aimant en c\u00e9ramique avec un design vibrant de taureaux, repr\u00e9sentant l&rsquo;essence madril\u00e8ne. Cet aimant attrayant se distingue par sa base blanche et sa mosa\u00efque color\u00e9e, aux tons bleus, rouges et jaunes, symbolisant la force et la tradition taurine de Madrid. Orn\u00e9 de d\u00e9tails floraux et du mot \u00ab\u00a0MADRID\u00a0\u00bb imprim\u00e9, c&rsquo;est un souvenir parfait qui capture l&rsquo;essence culturelle de la capitale espagnole.<\/p>\n","protected":false},"featured_media":8618,"template":"","meta":{"_acf_changed":false},"product_brand":[],"product_cat":[697],"product_tag":[530,585],"class_list":{"0":"post-34175","1":"product","2":"type-product","3":"status-publish","4":"has-post-thumbnail","6":"product_cat-aimants","7":"product_tag-animaux","8":"product_tag-ceramique","9":"pa_ciudad-madrid","10":"pa_motivo-taureaux","11":"pa_pais-espana","13":"first","14":"instock","15":"shipping-taxable","16":"product-type-simple"},"acf":[],"_links":{"self":[{"href":"https:\/\/olemosaic.com\/fr\/wp-json\/wp\/v2\/product\/34175","targetHints":{"allow":["GET"]}}],"collection":[{"href":"https:\/\/olemosaic.com\/fr\/wp-json\/wp\/v2\/product"}],"about":[{"href":"https:\/\/olemosaic.com\/fr\/wp-json\/wp\/v2\/types\/product"}],"wp:featuredmedia":[{"embeddable":true,"href":"https:\/\/olemosaic.com\/fr\/wp-json\/wp\/v2\/media\/8618"}],"wp:attachment":[{"href":"https:\/\/olemosaic.com\/fr\/wp-json\/wp\/v2\/media?parent=34175"}],"wp:term":[{"taxonomy":"product_brand","embeddable":true,"href":"https:\/\/olemosaic.com\/fr\/wp-json\/wp\/v2\/product_brand?post=34175"},{"taxonomy":"product_cat","embeddable":true,"href":"https:\/\/olemosaic.com\/fr\/wp-json\/wp\/v2\/product_cat?post=34175"},{"taxonomy":"product_tag","embeddable":true,"href":"https:\/\/olemosaic.com\/fr\/wp-json\/wp\/v2\/product_tag?post=34175"}],"curies":[{"name":"wp","href":"https:\/\/api.w.org\/{rel}","templated":true}]}}