{"id":34173,"date":"2025-02-20T23:35:54","date_gmt":"2025-02-20T22:35:54","guid":{"rendered":"http:\/\/olemosaic.com\/producto\/iman-de-ceramica-barcelona-blanco-3\/"},"modified":"2025-07-25T19:49:29","modified_gmt":"2025-07-25T17:49:29","slug":"aimant-ceramique-barcelone-blanc-3","status":"publish","type":"product","link":"https:\/\/olemosaic.com\/fr\/produit\/aimant-ceramique-barcelone-blanc-3\/","title":{"rendered":"Aimant en c\u00e9ramique. Sagrada Familia. Barcelone. Blanc."},"content":{"rendered":"<p>Aimant en c\u00e9ramique de Barcelone<\/p>\n<p>D\u00e9couvrez cet aimant en c\u00e9ramique inspir\u00e9 par l&rsquo;architecture vibrante de Barcelone, un v\u00e9ritable tr\u00e9sor qui capture l&rsquo;essence de la capitale catalane. Cet aimant circulaire, d&rsquo;un blanc \u00e9l\u00e9gant, se distingue par ses illustrations d\u00e9taill\u00e9es repr\u00e9sentant certains des \u00e9l\u00e9ments les plus embl\u00e9matiques de la ville, comme la majestueuse Sagrada Familia et le color\u00e9 Parc G\u00fcell. Les tons chauds et les divers motifs qui ornent l&rsquo;aimant cr\u00e9ent une repr\u00e9sentation artistique qui \u00e9voquera des souvenirs de vos exp\u00e9riences dans cette m\u00e9tropole.<\/p>\n<p>Le nom \u00ab Barcelone \u00bb appara\u00eet en haut de l&rsquo;aimant avec un design tr\u00e8s sp\u00e9cial qui apporte une touche unique, en faisant un souvenir parfait pour les visiteurs. La qualit\u00e9 de la c\u00e9ramique assure la durabilit\u00e9 et une finition brillante qui fera de cet aimant un attrait suppl\u00e9mentaire sur n&rsquo;importe quel r\u00e9frig\u00e9rateur ou surface m\u00e9tallique.<\/p>\n<p>En tant que souvenir repr\u00e9sentatif de Barcelone, cet aimant ne sert pas seulement de bel ornement, mais souligne \u00e9galement la riche culture et l&rsquo;architecture de la ville, parfait pour les touristes cherchant \u00e0 emporter un petit morceau de leur voyage. Chez Ol\u00e9 Mosaic, nous sommes des distributeurs en gros de souvenirs authentiques, id\u00e9aux pour les boutiques de cadeaux touristiques souhaitant proposer des produits de qualit\u00e9 et de signification culturelle. Cet aimant en c\u00e9ramique de Barcelone est un choix exceptionnel pour attirer les clients \u00e0 la recherche de souvenirs m\u00e9morables.<\/p>\n","protected":false},"excerpt":{"rendered":"<p>Aimant en c\u00e9ramique inspir\u00e9 de l&rsquo;architecture de Barcelone, avec un design vibrant mettant en avant des \u00e9l\u00e9ments embl\u00e9matiques tels que la Sagrada Familia et le Park G\u00fcell. Cet aimant circulaire, de couleur blanche, se distingue par ses illustrations d\u00e9taill\u00e9es dans des tons chauds et diff\u00e9rents motifs, cr\u00e9ant une repr\u00e9sentation artistique de la ville. Le nom \u00ab Barcelone \u00bb appara\u00eet en haut, lui donnant une touche distinctive et en faisant un souvenir parfait de la capitale catalane.<\/p>\n","protected":false},"featured_media":9514,"template":"","meta":{"_acf_changed":false},"product_brand":[],"product_cat":[697],"product_tag":[585],"class_list":{"0":"post-34173","1":"product","2":"type-product","3":"status-publish","4":"has-post-thumbnail","6":"product_cat-aimants","7":"product_tag-ceramique","8":"pa_ciudad-barcelona","9":"pa_pais-espana","11":"first","12":"instock","13":"shipping-taxable","14":"product-type-simple"},"acf":[],"_links":{"self":[{"href":"https:\/\/olemosaic.com\/fr\/wp-json\/wp\/v2\/product\/34173","targetHints":{"allow":["GET"]}}],"collection":[{"href":"https:\/\/olemosaic.com\/fr\/wp-json\/wp\/v2\/product"}],"about":[{"href":"https:\/\/olemosaic.com\/fr\/wp-json\/wp\/v2\/types\/product"}],"wp:featuredmedia":[{"embeddable":true,"href":"https:\/\/olemosaic.com\/fr\/wp-json\/wp\/v2\/media\/9514"}],"wp:attachment":[{"href":"https:\/\/olemosaic.com\/fr\/wp-json\/wp\/v2\/media?parent=34173"}],"wp:term":[{"taxonomy":"product_brand","embeddable":true,"href":"https:\/\/olemosaic.com\/fr\/wp-json\/wp\/v2\/product_brand?post=34173"},{"taxonomy":"product_cat","embeddable":true,"href":"https:\/\/olemosaic.com\/fr\/wp-json\/wp\/v2\/product_cat?post=34173"},{"taxonomy":"product_tag","embeddable":true,"href":"https:\/\/olemosaic.com\/fr\/wp-json\/wp\/v2\/product_tag?post=34173"}],"curies":[{"name":"wp","href":"https:\/\/api.w.org\/{rel}","templated":true}]}}