{"id":34170,"date":"2025-02-20T23:35:54","date_gmt":"2025-02-20T22:35:54","guid":{"rendered":"http:\/\/olemosaic.com\/producto\/iman-de-ceramica-valencia-blanco-3\/"},"modified":"2025-07-25T19:24:33","modified_gmt":"2025-07-25T17:24:33","slug":"aimant-en-ceramique-valence-blanc-3","status":"publish","type":"product","link":"https:\/\/olemosaic.com\/fr\/produit\/aimant-en-ceramique-valence-blanc-3\/","title":{"rendered":"Aimant en c\u00e9ramique. Cuill\u00e8re. Valence. Blanc."},"content":{"rendered":"<p>Aimant en c\u00e9ramique avec un design de cuill\u00e8re de Valence, un bijou qui capture l&rsquo;essence de cette ville vibrante. Cet aimant, avec son format attrayant en forme de cuill\u00e8re, se distingue tant par sa fonctionnalit\u00e9 que par son esth\u00e9tique contemporaine. Sa base blanche sert de toile parfaite pour les d\u00e9tails illustratifs color\u00e9s de la majestueuse cath\u00e9drale de Valence, c\u00e9l\u00e8bre pour son impressionnante architecture gothique, et du b\u00e2timent innovant de la Cit\u00e9 des Arts et des Sciences, une ic\u00f4ne du design moderne. Les touches de couleur dans la repr\u00e9sentation de ces monuments contrastent merveilleusement avec le fond, cr\u00e9ant un aspect frappant qui ravira tout visiteur.<\/p>\n<p>Le nom \u00ab\u00a0Valencia\u00a0\u00bb est pr\u00e9sent\u00e9 en lettres voyantes dans la partie sup\u00e9rieure, ajoutant une touche finale qui souligne son identit\u00e9 en tant que souvenir authentique de la ville. Cet aimant n&rsquo;est pas un simple objet d\u00e9coratif ; c&rsquo;est un rappel tangible de la riche histoire et culture de Valence, connue pour sa gastronomie, ses festivals et son architecture. Chez Ol\u00e9 Mosaic, sp\u00e9cialis\u00e9 dans la distribution de souvenirs en gros, cet aimant en c\u00e9ramique est une excellente option pour les boutiques de cadeaux touristiques qui cherchent \u00e0 offrir des produits authentiques et significatifs. C&rsquo;est un cadeau parfait et un souvenir repr\u00e9sentatif qui aidera \u00e0 revivre les souvenirs d&rsquo;une visite inoubliable \u00e0 Valence.<\/p>\n","protected":false},"excerpt":{"rendered":"<p>Aimant en c\u00e9ramique inspir\u00e9 de la ville vibrante de Valence, avec un design en forme de cuill\u00e8re. Cet aimant pr\u00e9sente des d\u00e9tails illustratifs color\u00e9s de la cath\u00e9drale de Valence et du b\u00e2timent moderne de la Cit\u00e9 des Arts et des Sciences, sur un fond blanc avec des touches de couleur. D\u00e9cor\u00e9 dans un style contemporain, il inclut le nom \u00ab\u00a0Valencia\u00a0\u00bb en lettres voyantes, id\u00e9al pour se souvenir de cette belle ville.<\/p>\n","protected":false},"featured_media":9896,"template":"","meta":{"_acf_changed":false},"product_brand":[],"product_cat":[697],"product_tag":[585],"class_list":{"0":"post-34170","1":"product","2":"type-product","3":"status-publish","4":"has-post-thumbnail","6":"product_cat-aimants","7":"product_tag-ceramique","8":"pa_ciudad-valencia","9":"pa_pais-espana","11":"first","12":"instock","13":"shipping-taxable","14":"product-type-simple"},"acf":[],"_links":{"self":[{"href":"https:\/\/olemosaic.com\/fr\/wp-json\/wp\/v2\/product\/34170","targetHints":{"allow":["GET"]}}],"collection":[{"href":"https:\/\/olemosaic.com\/fr\/wp-json\/wp\/v2\/product"}],"about":[{"href":"https:\/\/olemosaic.com\/fr\/wp-json\/wp\/v2\/types\/product"}],"wp:featuredmedia":[{"embeddable":true,"href":"https:\/\/olemosaic.com\/fr\/wp-json\/wp\/v2\/media\/9896"}],"wp:attachment":[{"href":"https:\/\/olemosaic.com\/fr\/wp-json\/wp\/v2\/media?parent=34170"}],"wp:term":[{"taxonomy":"product_brand","embeddable":true,"href":"https:\/\/olemosaic.com\/fr\/wp-json\/wp\/v2\/product_brand?post=34170"},{"taxonomy":"product_cat","embeddable":true,"href":"https:\/\/olemosaic.com\/fr\/wp-json\/wp\/v2\/product_cat?post=34170"},{"taxonomy":"product_tag","embeddable":true,"href":"https:\/\/olemosaic.com\/fr\/wp-json\/wp\/v2\/product_tag?post=34170"}],"curies":[{"name":"wp","href":"https:\/\/api.w.org\/{rel}","templated":true}]}}