{"id":34169,"date":"2025-02-20T23:35:54","date_gmt":"2025-02-20T22:35:54","guid":{"rendered":"http:\/\/olemosaic.com\/producto\/huevera-de-ceramica-salamandra-mallorca-beige\/"},"modified":"2025-07-25T19:37:26","modified_gmt":"2025-07-25T17:37:26","slug":"coquetier-en-ceramique-salamandre-majorque-beige","status":"publish","type":"product","link":"https:\/\/olemosaic.com\/fr\/produit\/coquetier-en-ceramique-salamandre-majorque-beige\/","title":{"rendered":"Coquetier en c\u00e9ramique. Salamandre. Majorque. Beige"},"content":{"rendered":"<p>Coquetier en c\u00e9ramique \u00e0 effet peint \u00e0 la main, inspir\u00e9 du folklore majorquin. Ce design charmant met en valeur le riche h\u00e9ritage culturel de l&rsquo;\u00eele, montrant une paire de salamandres peintes avec des couleurs vibrantes et des ornements floraux qui capturent l&rsquo;essence du paysage m\u00e9diterran\u00e9en. La base, dans un ton beige doux, est compl\u00e9t\u00e9e par d&rsquo;\u00e9l\u00e9gants bords rouges, cr\u00e9ant un attrait visuel qui transformera n&rsquo;importe quelle table en un espace festif et accueillant. Dans la partie sup\u00e9rieure, le texte \u00ab\u00a0MALLORCA\u00a0\u00bb ajoute une touche personnelle et authentique, en faisant un souvenir id\u00e9al pour les visiteurs qui cherchent \u00e0 ramener un morceau de la tradition majorquine chez eux.<\/p>\n<p>Ce coquetier, en plus d&rsquo;\u00eatre fonctionnel, souligne la ma\u00eetrise de la c\u00e9ramique artisanale de Majorque. Chaque pi\u00e8ce est m\u00e9ticuleusement \u00e9labor\u00e9e avec un effet peint \u00e0 la main, garantissant qu&rsquo;elle soit unique et raconte une histoire d&rsquo;h\u00e9ritage culturel. Parfait pour pr\u00e9senter les \u0153ufs de mani\u00e8re stylis\u00e9e, c&rsquo;est une excellente option pour ceux qui souhaitent donner une touche sp\u00e9ciale \u00e0 leur table. Chez Ol\u00e9 Mosaic, en tant que distributeurs de souvenirs en gros, nous proposons ce coquetier en c\u00e9ramique dans le cadre de notre collection de produits authentiques et repr\u00e9sentatifs qui capturent la magie de Majorque. Id\u00e9al pour les boutiques de cadeaux touristiques qui cherchent \u00e0 offrir des articles de qualit\u00e9 mettant en valeur l&rsquo;artisanat local et la richesse culturelle de l&rsquo;Espagne.<\/p>\n","protected":false},"excerpt":{"rendered":"<p>Coquetier en c\u00e9ramique au design artisanal, peint \u00e0 la main, inspir\u00e9 du folklore de Majorque. Ce design unique pr\u00e9sente deux charmantes salamandres d\u00e9cor\u00e9es de couleurs vibrantes et de fleurs, ainsi que le mot \u00ab\u00a0MALLORCA\u00a0\u00bb. La base, de couleur beige, est associ\u00e9e \u00e0 des bords rouges, apportant une touche m\u00e9diterran\u00e9enne. Id\u00e9al pour pr\u00e9senter les \u0153ufs de mani\u00e8re \u00e9l\u00e9gante, ce produit met en valeur la culture locale et l&rsquo;artisanat traditionnel majorquin, parfait pour donner une touche sp\u00e9ciale \u00e0 n&rsquo;importe quelle table.<\/p>\n","protected":false},"featured_media":7349,"template":"","meta":{"_acf_changed":false},"product_brand":[],"product_cat":[681],"product_tag":[530,585],"class_list":{"0":"post-34169","1":"product","2":"type-product","3":"status-publish","4":"has-post-thumbnail","6":"product_cat-coquetiers","7":"product_tag-animaux","8":"product_tag-ceramique","9":"pa_ciudad-mallorca","10":"pa_motivo-salamandres","11":"pa_pais-espana","13":"first","14":"instock","15":"shipping-taxable","16":"product-type-simple"},"acf":[],"_links":{"self":[{"href":"https:\/\/olemosaic.com\/fr\/wp-json\/wp\/v2\/product\/34169","targetHints":{"allow":["GET"]}}],"collection":[{"href":"https:\/\/olemosaic.com\/fr\/wp-json\/wp\/v2\/product"}],"about":[{"href":"https:\/\/olemosaic.com\/fr\/wp-json\/wp\/v2\/types\/product"}],"wp:featuredmedia":[{"embeddable":true,"href":"https:\/\/olemosaic.com\/fr\/wp-json\/wp\/v2\/media\/7349"}],"wp:attachment":[{"href":"https:\/\/olemosaic.com\/fr\/wp-json\/wp\/v2\/media?parent=34169"}],"wp:term":[{"taxonomy":"product_brand","embeddable":true,"href":"https:\/\/olemosaic.com\/fr\/wp-json\/wp\/v2\/product_brand?post=34169"},{"taxonomy":"product_cat","embeddable":true,"href":"https:\/\/olemosaic.com\/fr\/wp-json\/wp\/v2\/product_cat?post=34169"},{"taxonomy":"product_tag","embeddable":true,"href":"https:\/\/olemosaic.com\/fr\/wp-json\/wp\/v2\/product_tag?post=34169"}],"curies":[{"name":"wp","href":"https:\/\/api.w.org\/{rel}","templated":true}]}}