{"id":34168,"date":"2025-02-20T23:35:53","date_gmt":"2025-02-20T22:35:53","guid":{"rendered":"http:\/\/olemosaic.com\/producto\/huevera-de-ceramica-toros-blanco\/"},"modified":"2025-07-25T18:36:48","modified_gmt":"2025-07-25T16:36:48","slug":"coquetier-en-ceramique-taureaux-blanc","status":"publish","type":"product","link":"https:\/\/olemosaic.com\/fr\/produit\/coquetier-en-ceramique-taureaux-blanc\/","title":{"rendered":"Coquetier en c\u00e9ramique. Taureaux. Blanc"},"content":{"rendered":"<p>Coquetier en c\u00e9ramique d\u00e9cor\u00e9 d&rsquo;un design vibrant qui met en valeur la figure d&rsquo;un taureau, symbole embl\u00e9matique de la culture espagnole. Ce coquetier exquis, r\u00e9alis\u00e9 en c\u00e9ramique blanche, pr\u00e9sente une finition peinte \u00e0 la main avec des motifs color\u00e9s dans des tons de bleu, rouge et vert, dispos\u00e9s \u00e0 la mani\u00e8re d&rsquo;une mosa\u00efque qui apporte vitalit\u00e9 et joie \u00e0 n&rsquo;importe quelle table. Le taureau, repr\u00e9sent\u00e9 dans un d\u00e9ploiement dynamique de couleurs, n&rsquo;est pas seulement un embl\u00e8me de la tradition taurine espagnole, mais symbolise \u00e9galement la force et la fiert\u00e9 de la culture ib\u00e9rique.<\/p>\n<p>Les d\u00e9tails floraux et les rayons de soleil qui entourent la figure du taureau ajoutent un charme artistique suppl\u00e9mentaire, faisant de cette pi\u00e8ce un souvenir id\u00e9al qui capture l&rsquo;essence de la tradition espagnole. Le coquetier n&rsquo;est pas seulement fonctionnel, il devient \u00e9galement un \u00e9l\u00e9ment d\u00e9coratif unique qui rappelle aux touristes le riche h\u00e9ritage culturel de l&rsquo;Espagne.<\/p>\n<p>Chez Ol\u00e9 Mosaic, nous sommes sp\u00e9cialistes de la distribution de souvenirs en gros, offrant des produits authentiques qui repr\u00e9sentent la diversit\u00e9 culturelle de notre pays. Ce coquetier est une excellente option pour les boutiques de cadeaux touristiques qui cherchent \u00e0 offrir \u00e0 leurs clients un souvenir repr\u00e9sentatif alliant fonctionnalit\u00e9 et art. Un souvenir de grande valeur culturelle qui c\u00e9l\u00e8bre l&rsquo;impressionnante tradition du taureau dans la soci\u00e9t\u00e9 espagnole, parfait pour ceux qui souhaitent ramener chez eux un petit morceau d&rsquo;Espagne.<\/p>\n","protected":false},"excerpt":{"rendered":"<p>Coquetier en c\u00e9ramique d\u00e9cor\u00e9 d&rsquo;un design vibrant qui souligne la figure d&rsquo;un taureau, symbole embl\u00e9matique de la culture espagnole. Cette pi\u00e8ce, r\u00e9alis\u00e9e en c\u00e9ramique blanche, pr\u00e9sente un design artisanal fini \u00e0 la main, avec des motifs color\u00e9s dans les tons bleu, rouge et vert, combin\u00e9s dans un style mosa\u00efque. Les d\u00e9tails floraux et les rayons de soleil lui ajoutent un charme artistique, en faisant un souvenir id\u00e9al qui capture l&rsquo;essence de la tradition espagnole.<\/p>\n","protected":false},"featured_media":8543,"template":"","meta":{"_acf_changed":false},"product_brand":[],"product_cat":[681],"product_tag":[530,585],"class_list":{"0":"post-34168","1":"product","2":"type-product","3":"status-publish","4":"has-post-thumbnail","6":"product_cat-coquetiers","7":"product_tag-animaux","8":"product_tag-ceramique","9":"pa_motivo-taureaux","11":"first","12":"instock","13":"shipping-taxable","14":"product-type-simple"},"acf":[],"_links":{"self":[{"href":"https:\/\/olemosaic.com\/fr\/wp-json\/wp\/v2\/product\/34168","targetHints":{"allow":["GET"]}}],"collection":[{"href":"https:\/\/olemosaic.com\/fr\/wp-json\/wp\/v2\/product"}],"about":[{"href":"https:\/\/olemosaic.com\/fr\/wp-json\/wp\/v2\/types\/product"}],"wp:featuredmedia":[{"embeddable":true,"href":"https:\/\/olemosaic.com\/fr\/wp-json\/wp\/v2\/media\/8543"}],"wp:attachment":[{"href":"https:\/\/olemosaic.com\/fr\/wp-json\/wp\/v2\/media?parent=34168"}],"wp:term":[{"taxonomy":"product_brand","embeddable":true,"href":"https:\/\/olemosaic.com\/fr\/wp-json\/wp\/v2\/product_brand?post=34168"},{"taxonomy":"product_cat","embeddable":true,"href":"https:\/\/olemosaic.com\/fr\/wp-json\/wp\/v2\/product_cat?post=34168"},{"taxonomy":"product_tag","embeddable":true,"href":"https:\/\/olemosaic.com\/fr\/wp-json\/wp\/v2\/product_tag?post=34168"}],"curies":[{"name":"wp","href":"https:\/\/api.w.org\/{rel}","templated":true}]}}