{"id":34156,"date":"2025-02-20T22:35:53","date_gmt":"2025-02-20T22:35:53","guid":{"rendered":"http:\/\/olemosaic.com\/producto\/funda-de-telefono-para-xiaomi-rmnote-12-tpu-abstracto-negro\/"},"modified":"2025-07-25T18:45:58","modified_gmt":"2025-07-25T16:45:58","slug":"coque-de-telephone-pour-xiaomi-rmnote-12-tpu-abstrait-noir","status":"publish","type":"product","link":"https:\/\/olemosaic.com\/fr\/produit\/coque-de-telephone-pour-xiaomi-rmnote-12-tpu-abstrait-noir\/","title":{"rendered":"Coque de t\u00e9l\u00e9phone pour Xiaomi RMNote 12 (TPU). Abstrait. Noir"},"content":{"rendered":"<p>Coque de t\u00e9l\u00e9phone pour Xiaomi RMNote 12 en TPU avec design abstrait.<\/p>\n<p>D\u00e9couvrez la coque vibrante pour Xiaomi RMNote 12, fabriqu\u00e9e en TPU, qui combine un design contemporain et artistique avec une fonctionnalit\u00e9 exceptionnelle. Elle se distingue par son impressionnant motif abstrait m\u00e9langeant des tons intenses de bleu, violet, rouge et jaune, cr\u00e9ant un effet visuel qui attire tous les regards et rehausse l&rsquo;esth\u00e9tique de votre appareil. Le design de nuages aux couleurs intenses sur un fond noir ajoute une touche d&rsquo;\u00e9l\u00e9gance et de modernit\u00e9, id\u00e9ale pour ceux qui souhaitent exprimer leur style personnel.<\/p>\n<p>En plus de son attrait visuel, cette coque offre une solide protection contre les chutes et les rayures, garantissant que votre t\u00e9l\u00e9phone conserve son apparence et sa fonctionnalit\u00e9 en toute situation. Sa construction en TPU offre une couverture compl\u00e8te qui s&rsquo;adapte parfaitement aux lignes du Xiaomi RMNote 12, assurant un ajustement s\u00fbr et confortable en main.<\/p>\n<p>Ol\u00e9 Mosaic est fier de proposer cette coque comme un souvenir moderne, id\u00e9al pour les touristes \u00e0 la recherche de produits authentiques et repr\u00e9sentatifs du design contemporain. En tant que grossistes d&rsquo;accessoires, nous garantissons la qualit\u00e9 et l&rsquo;exclusivit\u00e9 de chacun de nos produits. Cette coque est une excellente option pour les boutiques de cadeaux touristiques souhaitant enrichir leur offre avec des articles fonctionnels et artistiquement attrayants.<\/p>\n","protected":false},"excerpt":{"rendered":"<p>Coque de t\u00e9l\u00e9phone pour Xiaomi Redmi Note 12 fabriqu\u00e9e en TPU, avec un design abstrait et vibrant. Cette coque se distingue par son motif attrayant de nuages aux couleurs intenses, avec des bleus, violets, rouges et jaunes, cr\u00e9ant une image contemporaine et artistique. En plus de son esth\u00e9tique dynamique, elle offre une excellente protection contre les chutes et les rayures, garantissant que votre appareil conserve son style et sa s\u00e9curit\u00e9 \u00e0 tout moment.<\/p>\n","protected":false},"featured_media":12707,"template":"","meta":{"_acf_changed":false},"product_brand":[],"product_cat":[674],"product_tag":[],"class_list":{"0":"post-34156","1":"product","2":"type-product","3":"status-publish","4":"has-post-thumbnail","6":"product_cat-etuis-pour-telephones-portables","7":"pa_motivo-resume","9":"first","10":"instock","11":"shipping-taxable","12":"product-type-simple"},"acf":[],"_links":{"self":[{"href":"https:\/\/olemosaic.com\/fr\/wp-json\/wp\/v2\/product\/34156","targetHints":{"allow":["GET"]}}],"collection":[{"href":"https:\/\/olemosaic.com\/fr\/wp-json\/wp\/v2\/product"}],"about":[{"href":"https:\/\/olemosaic.com\/fr\/wp-json\/wp\/v2\/types\/product"}],"wp:featuredmedia":[{"embeddable":true,"href":"https:\/\/olemosaic.com\/fr\/wp-json\/wp\/v2\/media\/12707"}],"wp:attachment":[{"href":"https:\/\/olemosaic.com\/fr\/wp-json\/wp\/v2\/media?parent=34156"}],"wp:term":[{"taxonomy":"product_brand","embeddable":true,"href":"https:\/\/olemosaic.com\/fr\/wp-json\/wp\/v2\/product_brand?post=34156"},{"taxonomy":"product_cat","embeddable":true,"href":"https:\/\/olemosaic.com\/fr\/wp-json\/wp\/v2\/product_cat?post=34156"},{"taxonomy":"product_tag","embeddable":true,"href":"https:\/\/olemosaic.com\/fr\/wp-json\/wp\/v2\/product_tag?post=34156"}],"curies":[{"name":"wp","href":"https:\/\/api.w.org\/{rel}","templated":true}]}}