{"id":34155,"date":"2025-02-20T23:35:53","date_gmt":"2025-02-20T22:35:53","guid":{"rendered":"http:\/\/olemosaic.com\/producto\/funda-de-telefono-para-xiaomi-rmnote-12-tpu-abstracto-verde-2\/"},"modified":"2025-07-25T19:40:20","modified_gmt":"2025-07-25T17:40:20","slug":"coque-de-telephone-pour-xiaomi-rmnote-12-tpu-abstrait-forme-ondulee-vert","status":"publish","type":"product","link":"https:\/\/olemosaic.com\/fr\/produit\/coque-de-telephone-pour-xiaomi-rmnote-12-tpu-abstrait-forme-ondulee-vert\/","title":{"rendered":"Coque de t\u00e9l\u00e9phone pour Xiaomi RMNote 12 (TPU). Abstrait. Forme ondul\u00e9e. Vert"},"content":{"rendered":"<p>Coque pour Xiaomi Redmi Note 12 en TPU avec un design abstrait vibrant. Cette coque exclusive se distingue par son attrait visuel, avec une palette de couleurs vives incluant des verts et de multiples nuances, cr\u00e9ant un effet artistique qui transforme votre appareil en \u0153uvre d&rsquo;art. Les formes fluides et ondul\u00e9es \u00e9voquent le mouvement et la cr\u00e9ativit\u00e9, faisant de ce produit l&rsquo;option parfaite pour ceux qui cherchent \u00e0 combiner style et fonctionnalit\u00e9 au quotidien.<\/p>\n<p>Fabriqu\u00e9e en TPU, cette coque offre non seulement une protection durable et l\u00e9g\u00e8re, mais assure \u00e9galement une prise en main s\u00fbre, \u00e9vitant les glissements et les chutes inattendues. Sa finition sophistiqu\u00e9e ajoute une touche moderne et contemporaine, id\u00e9ale pour ceux qui souhaitent maintenir leur t\u00e9l\u00e9phone \u00e0 la pointe des tendances du design. Ce produit n&rsquo;est pas seulement une coque, mais un authentique souvenir repr\u00e9sentant une esth\u00e9tique contemporaine et color\u00e9e, parfaite pour les touristes cherchant \u00e0 emporter avec eux un morceau d&rsquo;art visuel.<\/p>\n<p>Chez Ol\u00e9 Mosaic, nous proposons une grande vari\u00e9t\u00e9 de coques en gros, y compris ce mod\u00e8le abstrait, id\u00e9al pour les boutiques de cadeaux touristiques \u00e0 la recherche de souvenirs uniques et de qualit\u00e9. Cette coque de t\u00e9l\u00e9phone est une excellente option, soulignant \u00e0 la fois l&rsquo;\u00e9l\u00e9gance et l&rsquo;originalit\u00e9 qui d\u00e9finissent les produits distribu\u00e9s par notre entreprise.<\/p>\n","protected":false},"excerpt":{"rendered":"<p>Coque pour Xiaomi Redmi Note 12 fabriqu\u00e9e en TPU, avec un design abstrait et vibrant dans des tons verts et multicolores. Cette coque pr\u00e9sente des formes fluides et ondul\u00e9es qui \u00e9voquent un effet artistique, offrant une protection durable et l\u00e9g\u00e8re pour votre appareil. Sa finition sophistiqu\u00e9e rehausse non seulement l&rsquo;esth\u00e9tique moderne, mais assure \u00e9galement une prise en main s\u00fbre, id\u00e9ale pour ceux qui recherchent style et fonctionnalit\u00e9 dans un seul produit.<\/p>\n","protected":false},"featured_media":12695,"template":"","meta":{"_acf_changed":false},"product_brand":[],"product_cat":[674],"product_tag":[],"class_list":{"0":"post-34155","1":"product","2":"type-product","3":"status-publish","4":"has-post-thumbnail","6":"product_cat-etuis-pour-telephones-portables","7":"pa_motivo-resume","9":"first","10":"instock","11":"shipping-taxable","12":"product-type-simple"},"acf":[],"_links":{"self":[{"href":"https:\/\/olemosaic.com\/fr\/wp-json\/wp\/v2\/product\/34155","targetHints":{"allow":["GET"]}}],"collection":[{"href":"https:\/\/olemosaic.com\/fr\/wp-json\/wp\/v2\/product"}],"about":[{"href":"https:\/\/olemosaic.com\/fr\/wp-json\/wp\/v2\/types\/product"}],"wp:featuredmedia":[{"embeddable":true,"href":"https:\/\/olemosaic.com\/fr\/wp-json\/wp\/v2\/media\/12695"}],"wp:attachment":[{"href":"https:\/\/olemosaic.com\/fr\/wp-json\/wp\/v2\/media?parent=34155"}],"wp:term":[{"taxonomy":"product_brand","embeddable":true,"href":"https:\/\/olemosaic.com\/fr\/wp-json\/wp\/v2\/product_brand?post=34155"},{"taxonomy":"product_cat","embeddable":true,"href":"https:\/\/olemosaic.com\/fr\/wp-json\/wp\/v2\/product_cat?post=34155"},{"taxonomy":"product_tag","embeddable":true,"href":"https:\/\/olemosaic.com\/fr\/wp-json\/wp\/v2\/product_tag?post=34155"}],"curies":[{"name":"wp","href":"https:\/\/api.w.org\/{rel}","templated":true}]}}