{"id":34154,"date":"2025-02-20T22:35:53","date_gmt":"2025-02-20T22:35:53","guid":{"rendered":"http:\/\/olemosaic.com\/producto\/funda-de-telefono-para-xiaomi-rmnote-12-tpu-punt-de-trobada-barcelona-blanco\/"},"modified":"2025-07-25T20:00:45","modified_gmt":"2025-07-25T18:00:45","slug":"coque-de-telephone-pour-xiaomi-rmnote-12-tpu-punt-de-trobada-barcelone-blanc","status":"publish","type":"product","link":"https:\/\/olemosaic.com\/fr\/produit\/coque-de-telephone-pour-xiaomi-rmnote-12-tpu-punt-de-trobada-barcelone-blanc\/","title":{"rendered":"Coque de t\u00e9l\u00e9phone pour Xiaomi RMNote 12 (TPU). Punt de trobada. Barcelone. Blanc"},"content":{"rendered":"<p>Coque pour t\u00e9l\u00e9phone Xiaomi RMNote 12 con\u00e7ue comme un hommage vibrant au c\u00e9l\u00e8bre \u00ab\u00a0Punt de Trobada\u00a0\u00bb de Barcelone. Cette coque, fabriqu\u00e9e en TPU de haute qualit\u00e9, ne prot\u00e8ge pas seulement efficacement votre appareil, mais transforme \u00e9galement votre t\u00e9l\u00e9phone en une pi\u00e8ce d&rsquo;art. Avec une illustration \u00e9nergique pr\u00e9sentant des figures abstraites dans des tons rouge, jaune, vert et bleu, la coque refl\u00e8te la joie et la cr\u00e9ativit\u00e9 de la mosa\u00efque catalane. Le fond blanc rehausse merveilleusement les couleurs, tandis que le mot \u00ab\u00a0Barcelona\u00a0\u00bb imprim\u00e9 en bas encapsule l&rsquo;essence artistique de la ville.<\/p>\n<p>Le \u00ab\u00a0Punt de Trobada\u00a0\u00bb, cr\u00e9\u00e9 par le c\u00e9l\u00e8bre artiste Antoni Gaud\u00ed, est un symbole de l&rsquo;avant-garde architecturale et culturelle de Barcelone, et cette coque capture son esprit vibrant, en faisant un souvenir parfait pour ceux qui souhaitent emporter un morceau de cette ville embl\u00e9matique partout avec eux. C&rsquo;est une option id\u00e9ale pour les touristes et les amateurs d&rsquo;art, car elle offre \u00e0 la fois fonctionnalit\u00e9 et style unique. Chez Ol\u00e9 Mosaic, nous garantissons que nos produits, comme cette coque de t\u00e9l\u00e9phone, sont d&rsquo;authentiques souvenirs de Barcelone, parfaits pour les boutiques de cadeaux touristiques cherchant \u00e0 mettre en valeur la richesse culturelle de la r\u00e9gion.<\/p>\n","protected":false},"excerpt":{"rendered":"<p>Coque pour Xiaomi Redmi Note 12, fabriqu\u00e9e en TPU avec un design vibrant qui rend hommage au c\u00e9l\u00e8bre \u00ab\u00a0Punt de Trobada\u00a0\u00bb de Barcelone. La coque pr\u00e9sente une illustration color\u00e9e et \u00e9nergique avec des figures abstraites dans des tons rouge, jaune, vert et bleu, sur un fond blanc qui souligne la beaut\u00e9 de la mosa\u00efque. Le mot \u00ab\u00a0Barcelona\u00a0\u00bb est imprim\u00e9 en bas, refl\u00e9tant l&rsquo;essence artistique de la ville. Id\u00e9ale pour prot\u00e9ger votre appareil et affirmer votre style unique.<\/p>\n","protected":false},"featured_media":12692,"template":"","meta":{"_acf_changed":false},"product_brand":[],"product_cat":[674],"product_tag":[],"class_list":{"0":"post-34154","1":"product","2":"type-product","3":"status-publish","4":"has-post-thumbnail","6":"product_cat-etuis-pour-telephones-portables","7":"pa_ciudad-barcelona","8":"pa_motivo-punt-de-trobada","9":"pa_pais-espana","11":"first","12":"instock","13":"shipping-taxable","14":"product-type-simple"},"acf":[],"_links":{"self":[{"href":"https:\/\/olemosaic.com\/fr\/wp-json\/wp\/v2\/product\/34154","targetHints":{"allow":["GET"]}}],"collection":[{"href":"https:\/\/olemosaic.com\/fr\/wp-json\/wp\/v2\/product"}],"about":[{"href":"https:\/\/olemosaic.com\/fr\/wp-json\/wp\/v2\/types\/product"}],"wp:featuredmedia":[{"embeddable":true,"href":"https:\/\/olemosaic.com\/fr\/wp-json\/wp\/v2\/media\/12692"}],"wp:attachment":[{"href":"https:\/\/olemosaic.com\/fr\/wp-json\/wp\/v2\/media?parent=34154"}],"wp:term":[{"taxonomy":"product_brand","embeddable":true,"href":"https:\/\/olemosaic.com\/fr\/wp-json\/wp\/v2\/product_brand?post=34154"},{"taxonomy":"product_cat","embeddable":true,"href":"https:\/\/olemosaic.com\/fr\/wp-json\/wp\/v2\/product_cat?post=34154"},{"taxonomy":"product_tag","embeddable":true,"href":"https:\/\/olemosaic.com\/fr\/wp-json\/wp\/v2\/product_tag?post=34154"}],"curies":[{"name":"wp","href":"https:\/\/api.w.org\/{rel}","templated":true}]}}